{"id":3964,"date":"2026-04-21T20:34:56","date_gmt":"2026-04-21T20:34:56","guid":{"rendered":"https:\/\/gadzilandia.com\/?post_type=product&#038;p=3964"},"modified":"2026-04-21T20:38:57","modified_gmt":"2026-04-21T20:38:57","slug":"terrarium-120x50x50-biale-oprawy-e27-t5-arcadia-waz-gekon-agama","status":"publish","type":"product","link":"https:\/\/gadzilandia.com\/en\/product\/terrarium-120x50x50-biale-oprawy-e27-t5-arcadia-waz-gekon-agama\/","title":{"rendered":"Terrarium 120x50x50 Bia\u0142e Oprawy e27 T5 Arcadia W\u0105\u017c\/Gekon\/Agama"},"content":{"rendered":"<p class=\"ai-optimize-43 ai-optimize-introduction\">\ud83e\udd8e Terrarium 120\u00d750\u00d750 \u2014 przestronne i gotowe do u\u017cycia!<\/p>\n<p class=\"ai-optimize-44\">\ud83d\udccf <strong data-start=\"198\" data-end=\"210\">Wymiary:<\/strong> 120\u00d750\u00d750 cm<br data-start=\"223\" data-end=\"226\" \/>\ud83c\udfa8 <strong data-start=\"229\" data-end=\"239\">Kolor: bia\u0142y<\/strong><\/p>\n<hr data-start=\"250\" data-end=\"253\" \/>\n<p class=\"ai-optimize-45\">\u2b50 Wyposa\u017cenie:<\/p>\n<p class=\"ai-optimize-46\"><strong>\u2714 1\u00a0\u00d7 oprawa ceramiczna E27\u00a0 1 oprawa t5<\/strong><br data-start=\"346\" data-end=\"349\" \/>\u2714 <strong data-start=\"351\" data-end=\"381\">Wystr\u00f3j + sztuczne ro\u015bliny<\/strong><\/p>\n<hr data-start=\"385\" data-end=\"388\" \/>\n<p class=\"ai-optimize-47\">\ud83d\udd27 W zestawie:<\/p>\n<p class=\"ai-optimize-49\" data-start=\"411\" data-end=\"432\">Terrarium 120\u00d750\u00d750<\/p>\n<p class=\"ai-optimize-51\" data-start=\"435\" data-end=\"451\">1 \u00d7 oprawa E27<\/p>\n<p class=\"ai-optimize-52\" data-start=\"435\" data-end=\"451\">1 x oprawa t5<\/p>\n<p class=\"ai-optimize-53\" data-start=\"454\" data-end=\"488\">Komplet wentylacji (prz\u00f3d + ty\u0142)<\/p>\n<p class=\"ai-optimize-55\" data-start=\"491\" data-end=\"519\">Wystr\u00f3j + sztuczne ro\u015bliny<\/p>\n<hr data-start=\"521\" data-end=\"524\" \/>\n<p class=\"ai-optimize-48\">\ud83d\udca1 Gotowe do u\u017cytku!<\/p>\n<p class=\"ai-optimize-49\">Nie wymaga dodatkowych przer\u00f3bek \u2014 wystarczy pod\u0142\u0105czy\u0107.<\/p>\n<hr data-start=\"608\" data-end=\"611\" \/>\n<p class=\"ai-optimize-50\">\ud83d\udce6 <strong data-start=\"616\" data-end=\"651\">Wysy\u0142ka na terenie ca\u0142ej Europy<\/strong><br data-start=\"651\" data-end=\"654\" \/>\ud83d\udccd <strong data-start=\"657\" data-end=\"706\">Dost\u0119pne od r\u0119ki \u2014 wysy\u0142ka do 3 dni roboczych<\/strong><\/p>\n<hr data-start=\"708\" data-end=\"711\" \/>\n<p class=\"ai-optimize-51\">* <strong data-start=\"716\" data-end=\"767\">Do ka\u017cdego zestawu mo\u017cemy dodatkowo domontowa\u0107:<\/strong><\/p>\n<p class=\"ai-optimize-61\" data-start=\"772\" data-end=\"814\">termostat (podstawowy, dzie\u0144\/noc, Wi-Fi)<\/p>\n<p class=\"ai-optimize-63\" data-start=\"817\" data-end=\"832\">maty grzewcze<\/p>\n<p class=\"ai-optimize-65\" data-start=\"835\" data-end=\"852\">panele pod maty<\/p>\n<p class=\"ai-optimize-67\" data-start=\"855\" data-end=\"877\">termometry wbudowane<\/p>\n<p class=\"ai-optimize-69\" style=\"text-align: center;\" data-start=\"880\" data-end=\"891\">\n<p class=\"ai-optimize-53\">NR203<\/p>","protected":false},"excerpt":{"rendered":"<p>\ud83e\udd8e Terrarium 120\u00d750\u00d750 \u2014 przestronne i gotowe do u\u017cycia! \ud83d\udccf Wymiary: 120\u00d750\u00d750 cm\ud83c\udfa8 Kolor: bia\u0142y \u2b50 Wyposa\u017cenie: \u2714 1\u00a0\u00d7 oprawa ceramiczna E27\u00a0 1 oprawa t5\u2714 Wystr\u00f3j + sztuczne ro\u015bliny \ud83d\udd27 W zestawie: Terrarium 120\u00d750\u00d750 1 \u00d7 oprawa E27 1 x oprawa t5 Komplet wentylacji (prz\u00f3d + ty\u0142) Wystr\u00f3j + sztuczne ro\u015bliny \ud83d\udca1 Gotowe do u\u017cytku! [&hellip;]<\/p>","protected":false},"featured_media":3967,"template":"","meta":{"_acf_changed":false,"nf_dc_page":"","_monsterinsights_skip_tracking":false,"_monsterinsights_sitenote_active":false,"_monsterinsights_sitenote_note":"","_monsterinsights_sitenote_category":0},"product_brand":[],"product_cat":[42,74,82,81,76,77,78,79],"product_tag":[59,200,202,207,208,198,197,191,212,195,210,196,189,209,194,199,214,213,190,192,193],"class_list":{"0":"post-3964","1":"product","2":"type-product","3":"status-publish","4":"has-post-thumbnail","6":"product_cat-teraria","7":"product_cat-terraria-120x50x50","8":"product_cat-terraria-dla-agamy","9":"product_cat-terraria-dla-boa","10":"product_cat-terraria-dla-gekona","11":"product_cat-terraria-dla-gekona-lamparciego","12":"product_cat-terraria-dla-weza","13":"product_cat-terraria-dla-weza-zbozowego","14":"product_tag-zestaw","15":"product_tag-100x50x50","16":"product_tag-120x50x50","17":"product_tag-120x60x60","18":"product_tag-60x40x40","19":"product_tag-80x40x40","20":"product_tag-80x50x50","21":"product_tag-e27","22":"product_tag-glina-z-piaskiem","23":"product_tag-mata-grzewcza","24":"product_tag-oprawa-linowa","25":"product_tag-oprwa-e27","26":"product_tag-plyta-meblowa","27":"product_tag-podwojny-sufit","28":"product_tag-pyton","29":"product_tag-regius","30":"product_tag-termiostat","31":"product_tag-tuba-korkowa","32":"product_tag-wystroj","33":"product_tag-zarowka","34":"product_tag-zbozowka","35":"product_shipping_class-terraria","37":"first","38":"instock","39":"sold-individually","40":"shipping-taxable","41":"purchasable","42":"product-type-simple"},"acf":[],"yoast_head":"<!-- This site is optimized with the Yoast SEO Premium plugin v25.2 (Yoast SEO v25.2) - https:\/\/yoast.com\/wordpress\/plugins\/seo\/ -->\n<title>Terrarium 120x50x50 D\u0105b Artisan dla w\u0119\u017ca i gekona<\/title>\n<meta name=\"description\" content=\"Terrarium 120x50x50 D\u0105b Artisan to gotowy zestaw do hodowli w\u0119\u017ca, gekona lub agamy. Poznaj jego zalety i wyposa\u017cenie.\" \/>\n<meta name=\"robots\" content=\"index, follow, max-snippet:-1, max-image-preview:large, max-video-preview:-1\" \/>\n<link rel=\"canonical\" href=\"https:\/\/gadzilandia.com\/en\/product\/terrarium-120x50x50-biale-oprawy-e27-t5-arcadia-waz-gekon-agama\/\" \/>\n<meta property=\"og:locale\" content=\"en_US\" \/>\n<meta property=\"og:type\" content=\"article\" \/>\n<meta property=\"og:title\" content=\"Terrarium 120x50x50 Bia\u0142e Oprawy e27 T5 Arcadia W\u0105\u017c\/Gekon\/Agama\" \/>\n<meta property=\"og:description\" content=\"Terrarium 120x50x50 D\u0105b Artisan to gotowy zestaw do hodowli w\u0119\u017ca, gekona lub agamy. Poznaj jego zalety i wyposa\u017cenie.\" \/>\n<meta property=\"og:url\" content=\"https:\/\/gadzilandia.com\/en\/product\/terrarium-120x50x50-biale-oprawy-e27-t5-arcadia-waz-gekon-agama\/\" \/>\n<meta property=\"og:site_name\" content=\"Gadzilandia\" \/>\n<meta property=\"article:modified_time\" content=\"2026-04-21T20:38:57+00:00\" \/>\n<meta property=\"og:image\" content=\"https:\/\/gadzilandia.com\/wp-content\/uploads\/2026\/04\/20260417_183809.jpg\" \/>\n\t<meta property=\"og:image:width\" content=\"2000\" \/>\n\t<meta property=\"og:image:height\" content=\"1500\" \/>\n\t<meta property=\"og:image:type\" content=\"image\/jpeg\" \/>\n<meta name=\"twitter:card\" content=\"summary_large_image\" \/>\n<meta name=\"twitter:label1\" content=\"Est. reading time\" \/>\n\t<meta name=\"twitter:data1\" content=\"1 minute\" \/>\n<!-- \/ Yoast SEO Premium plugin. -->","yoast_head_json":{"title":"Terrarium 120x50x50 D\u0105b Artisan dla w\u0119\u017ca i gekona","description":"Terrarium 120x50x50 D\u0105b Artisan to gotowy zestaw do hodowli w\u0119\u017ca, gekona lub agamy. Poznaj jego zalety i wyposa\u017cenie.","robots":{"index":"index","follow":"follow","max-snippet":"max-snippet:-1","max-image-preview":"max-image-preview:large","max-video-preview":"max-video-preview:-1"},"canonical":"https:\/\/gadzilandia.com\/en\/product\/terrarium-120x50x50-biale-oprawy-e27-t5-arcadia-waz-gekon-agama\/","og_locale":"en_US","og_type":"article","og_title":"Terrarium 120x50x50 Bia\u0142e Oprawy e27 T5 Arcadia W\u0105\u017c\/Gekon\/Agama","og_description":"Terrarium 120x50x50 D\u0105b Artisan to gotowy zestaw do hodowli w\u0119\u017ca, gekona lub agamy. Poznaj jego zalety i wyposa\u017cenie.","og_url":"https:\/\/gadzilandia.com\/en\/product\/terrarium-120x50x50-biale-oprawy-e27-t5-arcadia-waz-gekon-agama\/","og_site_name":"Gadzilandia","article_modified_time":"2026-04-21T20:38:57+00:00","og_image":[{"width":2000,"height":1500,"url":"https:\/\/gadzilandia.com\/wp-content\/uploads\/2026\/04\/20260417_183809.jpg","type":"image\/jpeg"}],"twitter_card":"summary_large_image","twitter_misc":{"Est. reading time":"1 minute"},"schema":{"@context":"https:\/\/schema.org","@graph":[{"@type":"WebPage","@id":"https:\/\/gadzilandia.com\/produkt\/terrarium-120x50x50-biale-oprawy-e27-t5-arcadia-waz-gekon-agama\/","url":"https:\/\/gadzilandia.com\/produkt\/terrarium-120x50x50-biale-oprawy-e27-t5-arcadia-waz-gekon-agama\/","name":"Terrarium 120x50x50 D\u0105b Artisan dla w\u0119\u017ca i gekona","isPartOf":{"@id":"https:\/\/gadzilandia.com\/#website"},"primaryImageOfPage":{"@id":"https:\/\/gadzilandia.com\/produkt\/terrarium-120x50x50-biale-oprawy-e27-t5-arcadia-waz-gekon-agama\/#primaryimage"},"image":{"@id":"https:\/\/gadzilandia.com\/produkt\/terrarium-120x50x50-biale-oprawy-e27-t5-arcadia-waz-gekon-agama\/#primaryimage"},"thumbnailUrl":"https:\/\/gadzilandia.com\/wp-content\/uploads\/2026\/04\/20260417_183809.jpg","datePublished":"2026-04-21T20:34:56+00:00","dateModified":"2026-04-21T20:38:57+00:00","description":"Terrarium 120x50x50 D\u0105b Artisan to gotowy zestaw do hodowli w\u0119\u017ca, gekona lub agamy. Poznaj jego zalety i wyposa\u017cenie.","breadcrumb":{"@id":"https:\/\/gadzilandia.com\/produkt\/terrarium-120x50x50-biale-oprawy-e27-t5-arcadia-waz-gekon-agama\/#breadcrumb"},"inLanguage":"en-US","potentialAction":[{"@type":"ReadAction","target":["https:\/\/gadzilandia.com\/produkt\/terrarium-120x50x50-biale-oprawy-e27-t5-arcadia-waz-gekon-agama\/"]}]},{"@type":"ImageObject","inLanguage":"en-US","@id":"https:\/\/gadzilandia.com\/produkt\/terrarium-120x50x50-biale-oprawy-e27-t5-arcadia-waz-gekon-agama\/#primaryimage","url":"https:\/\/gadzilandia.com\/wp-content\/uploads\/2026\/04\/20260417_183809.jpg","contentUrl":"https:\/\/gadzilandia.com\/wp-content\/uploads\/2026\/04\/20260417_183809.jpg","width":2000,"height":1500},{"@type":"BreadcrumbList","@id":"https:\/\/gadzilandia.com\/produkt\/terrarium-120x50x50-biale-oprawy-e27-t5-arcadia-waz-gekon-agama\/#breadcrumb","itemListElement":[{"@type":"ListItem","position":1,"name":"Home","item":"https:\/\/gadzilandia.com\/"},{"@type":"ListItem","position":2,"name":"Sklep","item":"https:\/\/gadzilandia.com\/sklep\/"},{"@type":"ListItem","position":3,"name":"Terrarium 120x50x50 Bia\u0142e Oprawy e27 T5 Arcadia W\u0105\u017c\/Gekon\/Agama"}]},{"@type":"WebSite","@id":"https:\/\/gadzilandia.com\/#website","url":"https:\/\/gadzilandia.com\/","name":"Gadzilandia","description":"Gadzilandia | Sprzeda\u017c Agam Brodatych I Najlepszych Terrari\u00f3w","publisher":{"@id":"https:\/\/gadzilandia.com\/#organization"},"potentialAction":[{"@type":"SearchAction","target":{"@type":"EntryPoint","urlTemplate":"https:\/\/gadzilandia.com\/?s={search_term_string}"},"query-input":{"@type":"PropertyValueSpecification","valueRequired":true,"valueName":"search_term_string"}}],"inLanguage":"en-US"},{"@type":"Organization","@id":"https:\/\/gadzilandia.com\/#organization","name":"Gadzilandia","url":"https:\/\/gadzilandia.com\/","logo":{"@type":"ImageObject","inLanguage":"en-US","@id":"https:\/\/gadzilandia.com\/#\/schema\/logo\/image\/","url":"https:\/\/gadzilandia.com\/wp-content\/uploads\/2026\/02\/cropped-logo-1.png","contentUrl":"https:\/\/gadzilandia.com\/wp-content\/uploads\/2026\/02\/cropped-logo-1.png","width":512,"height":411,"caption":"Gadzilandia"},"image":{"@id":"https:\/\/gadzilandia.com\/#\/schema\/logo\/image\/"}}]}},"_links":{"self":[{"href":"https:\/\/gadzilandia.com\/en\/wp-json\/wp\/v2\/product\/3964","targetHints":{"allow":["GET"]}}],"collection":[{"href":"https:\/\/gadzilandia.com\/en\/wp-json\/wp\/v2\/product"}],"about":[{"href":"https:\/\/gadzilandia.com\/en\/wp-json\/wp\/v2\/types\/product"}],"wp:featuredmedia":[{"embeddable":true,"href":"https:\/\/gadzilandia.com\/en\/wp-json\/wp\/v2\/media\/3967"}],"wp:attachment":[{"href":"https:\/\/gadzilandia.com\/en\/wp-json\/wp\/v2\/media?parent=3964"}],"wp:term":[{"taxonomy":"product_brand","embeddable":true,"href":"https:\/\/gadzilandia.com\/en\/wp-json\/wp\/v2\/product_brand?post=3964"},{"taxonomy":"product_cat","embeddable":true,"href":"https:\/\/gadzilandia.com\/en\/wp-json\/wp\/v2\/product_cat?post=3964"},{"taxonomy":"product_tag","embeddable":true,"href":"https:\/\/gadzilandia.com\/en\/wp-json\/wp\/v2\/product_tag?post=3964"}],"curies":[{"name":"wp","href":"https:\/\/api.w.org\/{rel}","templated":true}]}}