{"id":3844,"date":"2026-04-12T19:46:13","date_gmt":"2026-04-12T19:46:13","guid":{"rendered":"https:\/\/gadzilandia.com\/?post_type=product&#038;p=3844"},"modified":"2026-04-12T19:47:04","modified_gmt":"2026-04-12T19:47:04","slug":"repti-zoo-jaskinia-kamienno-gliniana-29x20x12cm","status":"publish","type":"product","link":"https:\/\/gadzilandia.com\/en\/product\/repti-zoo-jaskinia-kamienno-gliniana-29x20x12cm\/","title":{"rendered":"Repti-Zoo Jaskinia kamienno-gliniana 29x20x12cm"},"content":{"rendered":"<p class=\"ai-optimize-43 ai-optimize-introduction\">Odpowiednia ilo\u015b\u0107 kryj\u00f3wek wewn\u0105trz wybiegu pozytywnie wp\u0142ywa na jako\u015b\u0107 \u017cycia mieszkaj\u0105cego w takim terrarium pupila, daj\u0105c mu mo\u017cliwo\u015b\u0107 schronienia w sytuacjach stresowych, chroni\u0105c zwierz\u0119 przed przegrzaniem, stanowi\u0105c idealne miejsce na drzemk\u0119 czy rozmna\u017canie. Nale\u017cy pami\u0119ta\u0107, \u017ce niekt\u00f3re gady, p\u0142azy czy gryzonie szukaj\u0105 bezpiecznego miejsca celem przeczekania dnia a\u017c do zmroku. Produkt jest ci\u0119\u017cki co zapewnia stabilno\u015b\u0107. Naturalny kszta\u0142t oraz kolor i struktura umo\u017cliwia adaptacj\u0119 jaskini w ka\u017cdym wybiegu.<\/p>\n<p class=\"ai-optimize-44\">Najwa\u017cniejsz\u0105 zalet\u0105 jaskini jest jej kszta\u0142t, kt\u00f3ry umo\u017cliwia zwierz\u0119ciu \u0142atwe wdrapanie si\u0119 na szczyt jaskini, dzi\u0119ki czemu mo\u017cna stworzy\u0107 podniesion\u0105 wysp\u0119 ciep\u0142a dla zwierz\u0119cia w ci\u0105gu dnia, a w poprzez noc produkt b\u0119dzie stanowi\u0107 bezpieczne schronienie dla pupila.<br \/>\n<strong><br \/>\nWymiary<\/strong>:<br \/>\n290 x 195 x 120 mm<\/p>\n<p><strong>Repti-Zoo\u00a0<\/strong>to marka najwi\u0119kszego na \u015bwiecie producenta sprz\u0119tu terrarystycznego. Z ich fabryk, do\u015bwiadczenia, us\u0142ug i towar\u00f3w korzysta wi\u0119kszo\u015b\u0107 znanych i cenionych firm. Ich produkty znajdziemy w\u015br\u00f3d oferty najlepszych marek z ca\u0142ego \u015bwiata\u00a0m.in. z Niemiec, Anglii, Australii, USA i Japonii.<br \/>\nOd niedawna produkty tej marki s\u0105 r\u00f3wnie\u017c dost\u0119pne dla klient\u00f3w pod\u00a0oficjaln\u0105 nazw\u0105 producenta &#8211; Repti-Zoo.<br \/>\nTo\u00a0najwy\u017cszej klasy marka, kt\u00f3rej produkty s\u0105 tworzone przy wsp\u00f3\u0142udziale \u015bwiatowej klasy herpetolog\u00f3w, dzi\u0119ki czemu produkty ciesz\u0105 si\u0119 zainteresowaniem nie tylko znanych firm ale r\u00f3wnie\u017c prywatnych hodowc\u00f3w.<br \/>\nRepti-Zoo to prekursorzy nowych rozwi\u0105za\u0144, ciesz\u0105cych\u00a0si\u0119 uznaniem klient\u00f3w.<\/p>","protected":false},"excerpt":{"rendered":"<p>Odpowiednia ilo\u015b\u0107 kryj\u00f3wek wewn\u0105trz wybiegu pozytywnie wp\u0142ywa na jako\u015b\u0107 \u017cycia mieszkaj\u0105cego w takim terrarium pupila, daj\u0105c mu mo\u017cliwo\u015b\u0107 schronienia w sytuacjach stresowych, chroni\u0105c zwierz\u0119 przed przegrzaniem, stanowi\u0105c idealne miejsce na drzemk\u0119 czy rozmna\u017canie. Nale\u017cy pami\u0119ta\u0107, \u017ce niekt\u00f3re gady, p\u0142azy czy gryzonie szukaj\u0105 bezpiecznego miejsca celem przeczekania dnia a\u017c do zmroku. Produkt jest ci\u0119\u017cki co zapewnia [&hellip;]<\/p>","protected":false},"featured_media":3836,"template":"","meta":{"_acf_changed":false,"nf_dc_page":"","_monsterinsights_skip_tracking":false,"_monsterinsights_sitenote_active":false,"_monsterinsights_sitenote_note":"","_monsterinsights_sitenote_category":0},"product_brand":[],"product_cat":[230],"product_tag":[],"class_list":{"0":"post-3844","1":"product","2":"type-product","3":"status-publish","4":"has-post-thumbnail","6":"product_cat-kryjowki","7":"product_shipping_class-lekkie","9":"first","10":"instock","11":"shipping-taxable","12":"purchasable","13":"product-type-simple"},"acf":[],"yoast_head":"<!-- This site is optimized with the Yoast SEO Premium plugin v25.2 (Yoast SEO v25.2) - https:\/\/yoast.com\/wordpress\/plugins\/seo\/ -->\n<title>Repti-Zoo Jaskinia kamienno-gliniana 29x20x12cm - Gadzilandia<\/title>\n<meta name=\"robots\" content=\"index, follow, max-snippet:-1, max-image-preview:large, max-video-preview:-1\" \/>\n<link rel=\"canonical\" href=\"https:\/\/gadzilandia.com\/en\/product\/repti-zoo-jaskinia-kamienno-gliniana-29x20x12cm\/\" \/>\n<meta property=\"og:locale\" content=\"en_US\" \/>\n<meta property=\"og:type\" content=\"article\" \/>\n<meta property=\"og:title\" content=\"Repti-Zoo Jaskinia kamienno-gliniana 29x20x12cm\" \/>\n<meta property=\"og:description\" content=\"Odpowiednia ilo\u015b\u0107 kryj\u00f3wek wewn\u0105trz wybiegu pozytywnie wp\u0142ywa na jako\u015b\u0107 \u017cycia mieszkaj\u0105cego w takim terrarium pupila, daj\u0105c mu mo\u017cliwo\u015b\u0107 schronienia w sytuacjach stresowych, chroni\u0105c zwierz\u0119 przed przegrzaniem, stanowi\u0105c idealne miejsce na drzemk\u0119 czy rozmna\u017canie. Nale\u017cy pami\u0119ta\u0107, \u017ce niekt\u00f3re gady, p\u0142azy czy gryzonie szukaj\u0105 bezpiecznego miejsca celem przeczekania dnia a\u017c do zmroku. Produkt jest ci\u0119\u017cki co zapewnia [&hellip;]\" \/>\n<meta property=\"og:url\" content=\"https:\/\/gadzilandia.com\/en\/product\/repti-zoo-jaskinia-kamienno-gliniana-29x20x12cm\/\" \/>\n<meta property=\"og:site_name\" content=\"Gadzilandia\" \/>\n<meta property=\"article:modified_time\" content=\"2026-04-12T19:47:04+00:00\" \/>\n<meta property=\"og:image\" content=\"https:\/\/gadzilandia.com\/wp-content\/uploads\/2026\/04\/repti-zoo-jaskinia-kamienno-gliniana-14x10x6cm.webp\" \/>\n\t<meta property=\"og:image:width\" content=\"800\" \/>\n\t<meta property=\"og:image:height\" content=\"800\" \/>\n\t<meta property=\"og:image:type\" content=\"image\/webp\" \/>\n<meta name=\"twitter:card\" content=\"summary_large_image\" \/>\n<meta name=\"twitter:label1\" content=\"Est. reading time\" \/>\n\t<meta name=\"twitter:data1\" content=\"2 minutes\" \/>\n<!-- \/ Yoast SEO Premium plugin. -->","yoast_head_json":{"title":"Repti-Zoo Jaskinia kamienno-gliniana 29x20x12cm - Gadzilandia","robots":{"index":"index","follow":"follow","max-snippet":"max-snippet:-1","max-image-preview":"max-image-preview:large","max-video-preview":"max-video-preview:-1"},"canonical":"https:\/\/gadzilandia.com\/en\/product\/repti-zoo-jaskinia-kamienno-gliniana-29x20x12cm\/","og_locale":"en_US","og_type":"article","og_title":"Repti-Zoo Jaskinia kamienno-gliniana 29x20x12cm","og_description":"Odpowiednia ilo\u015b\u0107 kryj\u00f3wek wewn\u0105trz wybiegu pozytywnie wp\u0142ywa na jako\u015b\u0107 \u017cycia mieszkaj\u0105cego w takim terrarium pupila, daj\u0105c mu mo\u017cliwo\u015b\u0107 schronienia w sytuacjach stresowych, chroni\u0105c zwierz\u0119 przed przegrzaniem, stanowi\u0105c idealne miejsce na drzemk\u0119 czy rozmna\u017canie. Nale\u017cy pami\u0119ta\u0107, \u017ce niekt\u00f3re gady, p\u0142azy czy gryzonie szukaj\u0105 bezpiecznego miejsca celem przeczekania dnia a\u017c do zmroku. Produkt jest ci\u0119\u017cki co zapewnia [&hellip;]","og_url":"https:\/\/gadzilandia.com\/en\/product\/repti-zoo-jaskinia-kamienno-gliniana-29x20x12cm\/","og_site_name":"Gadzilandia","article_modified_time":"2026-04-12T19:47:04+00:00","og_image":[{"width":800,"height":800,"url":"https:\/\/gadzilandia.com\/wp-content\/uploads\/2026\/04\/repti-zoo-jaskinia-kamienno-gliniana-14x10x6cm.webp","type":"image\/webp"}],"twitter_card":"summary_large_image","twitter_misc":{"Est. reading time":"2 minutes"},"schema":{"@context":"https:\/\/schema.org","@graph":[{"@type":"WebPage","@id":"https:\/\/gadzilandia.com\/produkt\/repti-zoo-jaskinia-kamienno-gliniana-29x20x12cm\/","url":"https:\/\/gadzilandia.com\/produkt\/repti-zoo-jaskinia-kamienno-gliniana-29x20x12cm\/","name":"Repti-Zoo Jaskinia kamienno-gliniana 29x20x12cm - Gadzilandia","isPartOf":{"@id":"https:\/\/gadzilandia.com\/#website"},"primaryImageOfPage":{"@id":"https:\/\/gadzilandia.com\/produkt\/repti-zoo-jaskinia-kamienno-gliniana-29x20x12cm\/#primaryimage"},"image":{"@id":"https:\/\/gadzilandia.com\/produkt\/repti-zoo-jaskinia-kamienno-gliniana-29x20x12cm\/#primaryimage"},"thumbnailUrl":"https:\/\/gadzilandia.com\/wp-content\/uploads\/2026\/04\/repti-zoo-jaskinia-kamienno-gliniana-14x10x6cm.webp","datePublished":"2026-04-12T19:46:13+00:00","dateModified":"2026-04-12T19:47:04+00:00","breadcrumb":{"@id":"https:\/\/gadzilandia.com\/produkt\/repti-zoo-jaskinia-kamienno-gliniana-29x20x12cm\/#breadcrumb"},"inLanguage":"en-US","potentialAction":[{"@type":"ReadAction","target":["https:\/\/gadzilandia.com\/produkt\/repti-zoo-jaskinia-kamienno-gliniana-29x20x12cm\/"]}]},{"@type":"ImageObject","inLanguage":"en-US","@id":"https:\/\/gadzilandia.com\/produkt\/repti-zoo-jaskinia-kamienno-gliniana-29x20x12cm\/#primaryimage","url":"https:\/\/gadzilandia.com\/wp-content\/uploads\/2026\/04\/repti-zoo-jaskinia-kamienno-gliniana-14x10x6cm.webp","contentUrl":"https:\/\/gadzilandia.com\/wp-content\/uploads\/2026\/04\/repti-zoo-jaskinia-kamienno-gliniana-14x10x6cm.webp","width":800,"height":800},{"@type":"BreadcrumbList","@id":"https:\/\/gadzilandia.com\/produkt\/repti-zoo-jaskinia-kamienno-gliniana-29x20x12cm\/#breadcrumb","itemListElement":[{"@type":"ListItem","position":1,"name":"Home","item":"https:\/\/gadzilandia.com\/"},{"@type":"ListItem","position":2,"name":"Sklep","item":"https:\/\/gadzilandia.com\/sklep\/"},{"@type":"ListItem","position":3,"name":"Repti-Zoo Jaskinia kamienno-gliniana 29x20x12cm"}]},{"@type":"WebSite","@id":"https:\/\/gadzilandia.com\/#website","url":"https:\/\/gadzilandia.com\/","name":"Gadzilandia","description":"Gadzilandia | Sprzeda\u017c Agam Brodatych I Najlepszych Terrari\u00f3w","publisher":{"@id":"https:\/\/gadzilandia.com\/#organization"},"potentialAction":[{"@type":"SearchAction","target":{"@type":"EntryPoint","urlTemplate":"https:\/\/gadzilandia.com\/?s={search_term_string}"},"query-input":{"@type":"PropertyValueSpecification","valueRequired":true,"valueName":"search_term_string"}}],"inLanguage":"en-US"},{"@type":"Organization","@id":"https:\/\/gadzilandia.com\/#organization","name":"Gadzilandia","url":"https:\/\/gadzilandia.com\/","logo":{"@type":"ImageObject","inLanguage":"en-US","@id":"https:\/\/gadzilandia.com\/#\/schema\/logo\/image\/","url":"https:\/\/gadzilandia.com\/wp-content\/uploads\/2026\/02\/cropped-logo-1.png","contentUrl":"https:\/\/gadzilandia.com\/wp-content\/uploads\/2026\/02\/cropped-logo-1.png","width":512,"height":411,"caption":"Gadzilandia"},"image":{"@id":"https:\/\/gadzilandia.com\/#\/schema\/logo\/image\/"}}]}},"_links":{"self":[{"href":"https:\/\/gadzilandia.com\/en\/wp-json\/wp\/v2\/product\/3844","targetHints":{"allow":["GET"]}}],"collection":[{"href":"https:\/\/gadzilandia.com\/en\/wp-json\/wp\/v2\/product"}],"about":[{"href":"https:\/\/gadzilandia.com\/en\/wp-json\/wp\/v2\/types\/product"}],"wp:featuredmedia":[{"embeddable":true,"href":"https:\/\/gadzilandia.com\/en\/wp-json\/wp\/v2\/media\/3836"}],"wp:attachment":[{"href":"https:\/\/gadzilandia.com\/en\/wp-json\/wp\/v2\/media?parent=3844"}],"wp:term":[{"taxonomy":"product_brand","embeddable":true,"href":"https:\/\/gadzilandia.com\/en\/wp-json\/wp\/v2\/product_brand?post=3844"},{"taxonomy":"product_cat","embeddable":true,"href":"https:\/\/gadzilandia.com\/en\/wp-json\/wp\/v2\/product_cat?post=3844"},{"taxonomy":"product_tag","embeddable":true,"href":"https:\/\/gadzilandia.com\/en\/wp-json\/wp\/v2\/product_tag?post=3844"}],"curies":[{"name":"wp","href":"https:\/\/api.w.org\/{rel}","templated":true}]}}