{"id":3824,"date":"2026-04-12T18:52:51","date_gmt":"2026-04-12T18:52:51","guid":{"rendered":"https:\/\/gadzilandia.com\/?post_type=product&#038;p=3824"},"modified":"2026-04-12T18:57:46","modified_gmt":"2026-04-12T18:57:46","slug":"exo-terra-t-rex-skull-czaszka-dinozaura","status":"publish","type":"product","link":"https:\/\/gadzilandia.com\/en\/product\/exo-terra-t-rex-skull-czaszka-dinozaura\/","title":{"rendered":"EXO TERRA T-Rex skull (czaszka dinozaura)"},"content":{"rendered":"<p class=\"ai-optimize-43\">Liczne kryj\u00f3wki w wybiegu eliminuj\u0105 stres pupila, chroni\u0105 zwierze przed nadmiernym przegrzaniem oraz stymuluj\u0105 zachowania rozrodcze. Produkt, wykonany z odpornej na uszkodzenia oraz wilgo\u0107 \u017cywicy, pokrytej nietoksycznym tworzywem, do z\u0142udzenia przypomina prawdziw\u0105 czaszk\u0119. Ozdoba jest ci\u0119\u017cka, zapewniaj\u0105c stabilno\u015b\u0107 kryj\u00f3wki, nawet pod naporem energicznych i ci\u0119\u017ckich pupili. Wysokiej jako\u015bci laminat upraszcza czyszczenie oraz dezynfekcje.<\/p>\n<p><strong>Wymiary:\u00a0<\/strong>22\u00a0x 10 x 10 cm<\/p>","protected":false},"excerpt":{"rendered":"<p>Liczne kryj\u00f3wki w wybiegu eliminuj\u0105 stres pupila, chroni\u0105 zwierze przed nadmiernym przegrzaniem oraz stymuluj\u0105 zachowania rozrodcze. Produkt, wykonany z odpornej na uszkodzenia oraz wilgo\u0107 \u017cywicy, pokrytej nietoksycznym tworzywem, do z\u0142udzenia przypomina prawdziw\u0105 czaszk\u0119. Ozdoba jest ci\u0119\u017cka, zapewniaj\u0105c stabilno\u015b\u0107 kryj\u00f3wki, nawet pod naporem energicznych i ci\u0119\u017ckich pupili. Wysokiej jako\u015bci laminat upraszcza czyszczenie oraz dezynfekcje. Wymiary:\u00a022\u00a0x 10 [&hellip;]<\/p>","protected":false},"featured_media":3827,"template":"","meta":{"_acf_changed":false,"nf_dc_page":"","_monsterinsights_skip_tracking":false,"_monsterinsights_sitenote_active":false,"_monsterinsights_sitenote_note":"","_monsterinsights_sitenote_category":0},"product_brand":[],"product_cat":[229],"product_tag":[],"class_list":{"0":"post-3824","1":"product","2":"type-product","3":"status-publish","4":"has-post-thumbnail","6":"product_cat-czaszka","7":"product_shipping_class-lekkie","9":"first","10":"instock","11":"shipping-taxable","12":"purchasable","13":"product-type-simple"},"acf":[],"yoast_head":"<!-- This site is optimized with the Yoast SEO Premium plugin v25.2 (Yoast SEO v25.2) - https:\/\/yoast.com\/wordpress\/plugins\/seo\/ -->\n<title>EXO TERRA T-Rex skull (czaszka dinozaura) - Gadzilandia<\/title>\n<meta name=\"robots\" content=\"index, follow, max-snippet:-1, max-image-preview:large, max-video-preview:-1\" \/>\n<link rel=\"canonical\" href=\"https:\/\/gadzilandia.com\/en\/product\/exo-terra-t-rex-skull-czaszka-dinozaura\/\" \/>\n<meta property=\"og:locale\" content=\"en_US\" \/>\n<meta property=\"og:type\" content=\"article\" \/>\n<meta property=\"og:title\" content=\"EXO TERRA T-Rex skull (czaszka dinozaura)\" \/>\n<meta property=\"og:description\" content=\"Liczne kryj\u00f3wki w wybiegu eliminuj\u0105 stres pupila, chroni\u0105 zwierze przed nadmiernym przegrzaniem oraz stymuluj\u0105 zachowania rozrodcze. Produkt, wykonany z odpornej na uszkodzenia oraz wilgo\u0107 \u017cywicy, pokrytej nietoksycznym tworzywem, do z\u0142udzenia przypomina prawdziw\u0105 czaszk\u0119. Ozdoba jest ci\u0119\u017cka, zapewniaj\u0105c stabilno\u015b\u0107 kryj\u00f3wki, nawet pod naporem energicznych i ci\u0119\u017ckich pupili. Wysokiej jako\u015bci laminat upraszcza czyszczenie oraz dezynfekcje. Wymiary:\u00a022\u00a0x 10 [&hellip;]\" \/>\n<meta property=\"og:url\" content=\"https:\/\/gadzilandia.com\/en\/product\/exo-terra-t-rex-skull-czaszka-dinozaura\/\" \/>\n<meta property=\"og:site_name\" content=\"Gadzilandia\" \/>\n<meta property=\"article:modified_time\" content=\"2026-04-12T18:57:46+00:00\" \/>\n<meta property=\"og:image\" content=\"https:\/\/gadzilandia.com\/wp-content\/uploads\/2026\/04\/exo-terra-t-rex-skull-czaszka-dinozaura.jpg\" \/>\n\t<meta property=\"og:image:width\" content=\"800\" \/>\n\t<meta property=\"og:image:height\" content=\"800\" \/>\n\t<meta property=\"og:image:type\" content=\"image\/jpeg\" \/>\n<meta name=\"twitter:card\" content=\"summary_large_image\" \/>\n<meta name=\"twitter:label1\" content=\"Est. reading time\" \/>\n\t<meta name=\"twitter:data1\" content=\"1 minute\" \/>\n<!-- \/ Yoast SEO Premium plugin. -->","yoast_head_json":{"title":"EXO TERRA T-Rex skull (czaszka dinozaura) - Gadzilandia","robots":{"index":"index","follow":"follow","max-snippet":"max-snippet:-1","max-image-preview":"max-image-preview:large","max-video-preview":"max-video-preview:-1"},"canonical":"https:\/\/gadzilandia.com\/en\/product\/exo-terra-t-rex-skull-czaszka-dinozaura\/","og_locale":"en_US","og_type":"article","og_title":"EXO TERRA T-Rex skull (czaszka dinozaura)","og_description":"Liczne kryj\u00f3wki w wybiegu eliminuj\u0105 stres pupila, chroni\u0105 zwierze przed nadmiernym przegrzaniem oraz stymuluj\u0105 zachowania rozrodcze. Produkt, wykonany z odpornej na uszkodzenia oraz wilgo\u0107 \u017cywicy, pokrytej nietoksycznym tworzywem, do z\u0142udzenia przypomina prawdziw\u0105 czaszk\u0119. Ozdoba jest ci\u0119\u017cka, zapewniaj\u0105c stabilno\u015b\u0107 kryj\u00f3wki, nawet pod naporem energicznych i ci\u0119\u017ckich pupili. Wysokiej jako\u015bci laminat upraszcza czyszczenie oraz dezynfekcje. Wymiary:\u00a022\u00a0x 10 [&hellip;]","og_url":"https:\/\/gadzilandia.com\/en\/product\/exo-terra-t-rex-skull-czaszka-dinozaura\/","og_site_name":"Gadzilandia","article_modified_time":"2026-04-12T18:57:46+00:00","og_image":[{"width":800,"height":800,"url":"https:\/\/gadzilandia.com\/wp-content\/uploads\/2026\/04\/exo-terra-t-rex-skull-czaszka-dinozaura.jpg","type":"image\/jpeg"}],"twitter_card":"summary_large_image","twitter_misc":{"Est. reading time":"1 minute"},"schema":{"@context":"https:\/\/schema.org","@graph":[{"@type":"WebPage","@id":"https:\/\/gadzilandia.com\/produkt\/exo-terra-t-rex-skull-czaszka-dinozaura\/","url":"https:\/\/gadzilandia.com\/produkt\/exo-terra-t-rex-skull-czaszka-dinozaura\/","name":"EXO TERRA T-Rex skull (czaszka dinozaura) - Gadzilandia","isPartOf":{"@id":"https:\/\/gadzilandia.com\/#website"},"primaryImageOfPage":{"@id":"https:\/\/gadzilandia.com\/produkt\/exo-terra-t-rex-skull-czaszka-dinozaura\/#primaryimage"},"image":{"@id":"https:\/\/gadzilandia.com\/produkt\/exo-terra-t-rex-skull-czaszka-dinozaura\/#primaryimage"},"thumbnailUrl":"https:\/\/gadzilandia.com\/wp-content\/uploads\/2026\/04\/exo-terra-t-rex-skull-czaszka-dinozaura.jpg","datePublished":"2026-04-12T18:52:51+00:00","dateModified":"2026-04-12T18:57:46+00:00","breadcrumb":{"@id":"https:\/\/gadzilandia.com\/produkt\/exo-terra-t-rex-skull-czaszka-dinozaura\/#breadcrumb"},"inLanguage":"en-US","potentialAction":[{"@type":"ReadAction","target":["https:\/\/gadzilandia.com\/produkt\/exo-terra-t-rex-skull-czaszka-dinozaura\/"]}]},{"@type":"ImageObject","inLanguage":"en-US","@id":"https:\/\/gadzilandia.com\/produkt\/exo-terra-t-rex-skull-czaszka-dinozaura\/#primaryimage","url":"https:\/\/gadzilandia.com\/wp-content\/uploads\/2026\/04\/exo-terra-t-rex-skull-czaszka-dinozaura.jpg","contentUrl":"https:\/\/gadzilandia.com\/wp-content\/uploads\/2026\/04\/exo-terra-t-rex-skull-czaszka-dinozaura.jpg","width":800,"height":800},{"@type":"BreadcrumbList","@id":"https:\/\/gadzilandia.com\/produkt\/exo-terra-t-rex-skull-czaszka-dinozaura\/#breadcrumb","itemListElement":[{"@type":"ListItem","position":1,"name":"Home","item":"https:\/\/gadzilandia.com\/"},{"@type":"ListItem","position":2,"name":"Sklep","item":"https:\/\/gadzilandia.com\/sklep\/"},{"@type":"ListItem","position":3,"name":"EXO TERRA T-Rex skull (czaszka dinozaura)"}]},{"@type":"WebSite","@id":"https:\/\/gadzilandia.com\/#website","url":"https:\/\/gadzilandia.com\/","name":"Gadzilandia","description":"Gadzilandia | Sprzeda\u017c Agam Brodatych I Najlepszych Terrari\u00f3w","publisher":{"@id":"https:\/\/gadzilandia.com\/#organization"},"potentialAction":[{"@type":"SearchAction","target":{"@type":"EntryPoint","urlTemplate":"https:\/\/gadzilandia.com\/?s={search_term_string}"},"query-input":{"@type":"PropertyValueSpecification","valueRequired":true,"valueName":"search_term_string"}}],"inLanguage":"en-US"},{"@type":"Organization","@id":"https:\/\/gadzilandia.com\/#organization","name":"Gadzilandia","url":"https:\/\/gadzilandia.com\/","logo":{"@type":"ImageObject","inLanguage":"en-US","@id":"https:\/\/gadzilandia.com\/#\/schema\/logo\/image\/","url":"https:\/\/gadzilandia.com\/wp-content\/uploads\/2026\/02\/cropped-logo-1.png","contentUrl":"https:\/\/gadzilandia.com\/wp-content\/uploads\/2026\/02\/cropped-logo-1.png","width":512,"height":411,"caption":"Gadzilandia"},"image":{"@id":"https:\/\/gadzilandia.com\/#\/schema\/logo\/image\/"}}]}},"_links":{"self":[{"href":"https:\/\/gadzilandia.com\/en\/wp-json\/wp\/v2\/product\/3824","targetHints":{"allow":["GET"]}}],"collection":[{"href":"https:\/\/gadzilandia.com\/en\/wp-json\/wp\/v2\/product"}],"about":[{"href":"https:\/\/gadzilandia.com\/en\/wp-json\/wp\/v2\/types\/product"}],"wp:featuredmedia":[{"embeddable":true,"href":"https:\/\/gadzilandia.com\/en\/wp-json\/wp\/v2\/media\/3827"}],"wp:attachment":[{"href":"https:\/\/gadzilandia.com\/en\/wp-json\/wp\/v2\/media?parent=3824"}],"wp:term":[{"taxonomy":"product_brand","embeddable":true,"href":"https:\/\/gadzilandia.com\/en\/wp-json\/wp\/v2\/product_brand?post=3824"},{"taxonomy":"product_cat","embeddable":true,"href":"https:\/\/gadzilandia.com\/en\/wp-json\/wp\/v2\/product_cat?post=3824"},{"taxonomy":"product_tag","embeddable":true,"href":"https:\/\/gadzilandia.com\/en\/wp-json\/wp\/v2\/product_tag?post=3824"}],"curies":[{"name":"wp","href":"https:\/\/api.w.org\/{rel}","templated":true}]}}