{"id":3794,"date":"2026-04-12T18:37:07","date_gmt":"2026-04-12T18:37:07","guid":{"rendered":"https:\/\/gadzilandia.com\/?post_type=product&#038;p=3794"},"modified":"2026-04-12T18:37:07","modified_gmt":"2026-04-12T18:37:07","slug":"repti-zoo-df13-tree-waterfall-wodospad-fontanna-dla-gadow","status":"publish","type":"product","link":"https:\/\/gadzilandia.com\/en\/product\/repti-zoo-df13-tree-waterfall-wodospad-fontanna-dla-gadow\/","title":{"rendered":"Repti-Zoo DF13 Tree Waterfall &#8211; wodospad fontanna dla gad\u00f3w"},"content":{"rendered":"<p class=\"ai-optimize-43\"><strong>Wyobra\u017a sobie terrarium, kt\u00f3re nie jest ju\u017c tylko zbiornikiem \u2013 ale \u017cywym, naturalnym ekosystemem. Delikatny szum wody, realistyczny wygl\u0105d kaskady i aktywne, zadowolone zwierz\u0119ta\u2026<\/strong>\u00a0Repti-Zoo DF13 Drinking Fountain sprawia, \u017ce Twoje terrarium zaczyna wygl\u0105da\u0107 jak prawdziwy kawa\u0142ek tropikalnego \u015bwiata.<\/p>\n<p>Co sprawia, \u017ce to \u015bwietny wyb\u00f3r dla Twojego terrarium?<br \/>\n&#8211; naturalny efekt wodospadu, kt\u00f3ry przyci\u0105ga zwierz\u0119ta i zwi\u0119ksza ich aktywno\u015b\u0107<br \/>\n&#8211; pojemno\u015b\u0107 zbiornika 1000 ml<br \/>\n&#8211; miska na pokarm to mniej akcesori\u00f3w i wi\u0119cej wygody<br \/>\n&#8211; ultra cicha pompka: spok\u00f3j dla Ciebie i Twoich pupili<br \/>\n&#8211; zwi\u0119kszenie wilgotno\u015bci, wspieraj\u0105ce zdrowie i zapobiegaj\u0105ce problemom oddechowym<br \/>\n&#8211; solidna, nietoksyczna konstrukcja z \u017cywicy + \u0142atwe czyszczenie<\/p>\n<p class=\"ai-optimize-44\">P\u0142yn\u0105ca woda instynktownie przyci\u0105ga gady i p\u0142azy, zach\u0119caj\u0105c je do picia i eksploracji. Dzi\u0119ki temu Twoje zwierz\u0119ta s\u0105 lepiej nawodnione, bardziej aktywne i zdrowsze. Jednocze\u015bnie fontanna subtelnie podnosi wilgotno\u015b\u0107 \u2013 dok\u0142adnie tak, jak w ich naturalnym \u015brodowisku.<\/p>\n<p>wymiary: 17x17x29cm<\/p>\n<p>&nbsp;<\/p>\n<p class=\"ai-optimize-45\"><strong>To co\u015b wi\u0119cej ni\u017c tylko poide\u0142ko \u2013 to element, kt\u00f3ry ca\u0142kowicie zmienia odbi\u00f3r Twojego terrarium. Dodaje mu \u017cycia, ruchu i autentyczno\u015bci, kt\u00f3r\u0105 zauwa\u017cysz od pierwszego spojrzenia.<\/p>\n<p><\/strong>Dzi\u0119ki przemy\u015blanej konstrukcji monta\u017c i utrzymanie czysto\u015bci s\u0105 banalnie proste \u2013 a Ty mo\u017cesz skupi\u0107 si\u0119 na tym, co najwa\u017cniejsze: obserwowaniu, jak Twoje terrarium staje si\u0119 coraz pi\u0119kniejsze i bardziej naturalne.<\/p>","protected":false},"excerpt":{"rendered":"<p>Wyobra\u017a sobie terrarium, kt\u00f3re nie jest ju\u017c tylko zbiornikiem \u2013 ale \u017cywym, naturalnym ekosystemem. Delikatny szum wody, realistyczny wygl\u0105d kaskady i aktywne, zadowolone zwierz\u0119ta\u2026\u00a0Repti-Zoo DF13 Drinking Fountain sprawia, \u017ce Twoje terrarium zaczyna wygl\u0105da\u0107 jak prawdziwy kawa\u0142ek tropikalnego \u015bwiata. Co sprawia, \u017ce to \u015bwietny wyb\u00f3r dla Twojego terrarium? &#8211; naturalny efekt wodospadu, kt\u00f3ry przyci\u0105ga zwierz\u0119ta i [&hellip;]<\/p>","protected":false},"featured_media":3796,"template":"","meta":{"_acf_changed":false,"nf_dc_page":"","_monsterinsights_skip_tracking":false,"_monsterinsights_sitenote_active":false,"_monsterinsights_sitenote_note":"","_monsterinsights_sitenote_category":0},"product_brand":[],"product_cat":[226],"product_tag":[],"class_list":{"0":"post-3794","1":"product","2":"type-product","3":"status-publish","4":"has-post-thumbnail","6":"product_cat-pozostale","7":"product_shipping_class-lekkie","9":"first","10":"instock","11":"shipping-taxable","12":"purchasable","13":"product-type-simple"},"acf":[],"yoast_head":"<!-- This site is optimized with the Yoast SEO Premium plugin v25.2 (Yoast SEO v25.2) - https:\/\/yoast.com\/wordpress\/plugins\/seo\/ -->\n<title>Repti-Zoo DF13 Tree Waterfall \u2013 wodospad dla gad\u00f3w<\/title>\n<meta name=\"description\" content=\"Odkryj, jak Repti-Zoo DF13 Tree Waterfall poprawia zdrowie gad\u00f3w, zwi\u0119ksza ich aktywno\u015b\u0107 i wp\u0142ywa na estetyk\u0119 Twojego terrarium.\" \/>\n<meta name=\"robots\" content=\"index, follow, max-snippet:-1, max-image-preview:large, max-video-preview:-1\" \/>\n<link rel=\"canonical\" href=\"https:\/\/gadzilandia.com\/en\/product\/repti-zoo-df13-tree-waterfall-wodospad-fontanna-dla-gadow\/\" \/>\n<meta property=\"og:locale\" content=\"en_US\" \/>\n<meta property=\"og:type\" content=\"article\" \/>\n<meta property=\"og:title\" content=\"Repti-Zoo DF13 Tree Waterfall - wodospad fontanna dla gad\u00f3w\" \/>\n<meta property=\"og:description\" content=\"Odkryj, jak Repti-Zoo DF13 Tree Waterfall poprawia zdrowie gad\u00f3w, zwi\u0119ksza ich aktywno\u015b\u0107 i wp\u0142ywa na estetyk\u0119 Twojego terrarium.\" \/>\n<meta property=\"og:url\" content=\"https:\/\/gadzilandia.com\/en\/product\/repti-zoo-df13-tree-waterfall-wodospad-fontanna-dla-gadow\/\" \/>\n<meta property=\"og:site_name\" content=\"Gadzilandia\" \/>\n<meta property=\"og:image\" content=\"https:\/\/gadzilandia.com\/wp-content\/uploads\/2026\/04\/repti-zoo-df13-wodospad-dla-gadow-2.jpg\" \/>\n\t<meta property=\"og:image:width\" content=\"800\" \/>\n\t<meta property=\"og:image:height\" content=\"800\" \/>\n\t<meta property=\"og:image:type\" content=\"image\/jpeg\" \/>\n<meta name=\"twitter:card\" content=\"summary_large_image\" \/>\n<meta name=\"twitter:label1\" content=\"Est. reading time\" \/>\n\t<meta name=\"twitter:data1\" content=\"2 minutes\" \/>\n<!-- \/ Yoast SEO Premium plugin. -->","yoast_head_json":{"title":"Repti-Zoo DF13 Tree Waterfall \u2013 wodospad dla gad\u00f3w","description":"Odkryj, jak Repti-Zoo DF13 Tree Waterfall poprawia zdrowie gad\u00f3w, zwi\u0119ksza ich aktywno\u015b\u0107 i wp\u0142ywa na estetyk\u0119 Twojego terrarium.","robots":{"index":"index","follow":"follow","max-snippet":"max-snippet:-1","max-image-preview":"max-image-preview:large","max-video-preview":"max-video-preview:-1"},"canonical":"https:\/\/gadzilandia.com\/en\/product\/repti-zoo-df13-tree-waterfall-wodospad-fontanna-dla-gadow\/","og_locale":"en_US","og_type":"article","og_title":"Repti-Zoo DF13 Tree Waterfall - wodospad fontanna dla gad\u00f3w","og_description":"Odkryj, jak Repti-Zoo DF13 Tree Waterfall poprawia zdrowie gad\u00f3w, zwi\u0119ksza ich aktywno\u015b\u0107 i wp\u0142ywa na estetyk\u0119 Twojego terrarium.","og_url":"https:\/\/gadzilandia.com\/en\/product\/repti-zoo-df13-tree-waterfall-wodospad-fontanna-dla-gadow\/","og_site_name":"Gadzilandia","og_image":[{"width":800,"height":800,"url":"https:\/\/gadzilandia.com\/wp-content\/uploads\/2026\/04\/repti-zoo-df13-wodospad-dla-gadow-2.jpg","type":"image\/jpeg"}],"twitter_card":"summary_large_image","twitter_misc":{"Est. reading time":"2 minutes"},"schema":{"@context":"https:\/\/schema.org","@graph":[{"@type":"WebPage","@id":"https:\/\/gadzilandia.com\/produkt\/repti-zoo-df13-tree-waterfall-wodospad-fontanna-dla-gadow\/","url":"https:\/\/gadzilandia.com\/produkt\/repti-zoo-df13-tree-waterfall-wodospad-fontanna-dla-gadow\/","name":"Repti-Zoo DF13 Tree Waterfall \u2013 wodospad dla gad\u00f3w","isPartOf":{"@id":"https:\/\/gadzilandia.com\/#website"},"primaryImageOfPage":{"@id":"https:\/\/gadzilandia.com\/produkt\/repti-zoo-df13-tree-waterfall-wodospad-fontanna-dla-gadow\/#primaryimage"},"image":{"@id":"https:\/\/gadzilandia.com\/produkt\/repti-zoo-df13-tree-waterfall-wodospad-fontanna-dla-gadow\/#primaryimage"},"thumbnailUrl":"https:\/\/gadzilandia.com\/wp-content\/uploads\/2026\/04\/repti-zoo-df13-wodospad-dla-gadow-2.jpg","datePublished":"2026-04-12T18:37:07+00:00","description":"Odkryj, jak Repti-Zoo DF13 Tree Waterfall poprawia zdrowie gad\u00f3w, zwi\u0119ksza ich aktywno\u015b\u0107 i wp\u0142ywa na estetyk\u0119 Twojego terrarium.","breadcrumb":{"@id":"https:\/\/gadzilandia.com\/produkt\/repti-zoo-df13-tree-waterfall-wodospad-fontanna-dla-gadow\/#breadcrumb"},"inLanguage":"en-US","potentialAction":[{"@type":"ReadAction","target":["https:\/\/gadzilandia.com\/produkt\/repti-zoo-df13-tree-waterfall-wodospad-fontanna-dla-gadow\/"]}]},{"@type":"ImageObject","inLanguage":"en-US","@id":"https:\/\/gadzilandia.com\/produkt\/repti-zoo-df13-tree-waterfall-wodospad-fontanna-dla-gadow\/#primaryimage","url":"https:\/\/gadzilandia.com\/wp-content\/uploads\/2026\/04\/repti-zoo-df13-wodospad-dla-gadow-2.jpg","contentUrl":"https:\/\/gadzilandia.com\/wp-content\/uploads\/2026\/04\/repti-zoo-df13-wodospad-dla-gadow-2.jpg","width":800,"height":800},{"@type":"BreadcrumbList","@id":"https:\/\/gadzilandia.com\/produkt\/repti-zoo-df13-tree-waterfall-wodospad-fontanna-dla-gadow\/#breadcrumb","itemListElement":[{"@type":"ListItem","position":1,"name":"Home","item":"https:\/\/gadzilandia.com\/"},{"@type":"ListItem","position":2,"name":"Sklep","item":"https:\/\/gadzilandia.com\/sklep\/"},{"@type":"ListItem","position":3,"name":"Repti-Zoo DF13 Tree Waterfall &#8211; wodospad fontanna dla gad\u00f3w"}]},{"@type":"WebSite","@id":"https:\/\/gadzilandia.com\/#website","url":"https:\/\/gadzilandia.com\/","name":"Gadzilandia","description":"Gadzilandia | Sprzeda\u017c Agam Brodatych I Najlepszych Terrari\u00f3w","publisher":{"@id":"https:\/\/gadzilandia.com\/#organization"},"potentialAction":[{"@type":"SearchAction","target":{"@type":"EntryPoint","urlTemplate":"https:\/\/gadzilandia.com\/?s={search_term_string}"},"query-input":{"@type":"PropertyValueSpecification","valueRequired":true,"valueName":"search_term_string"}}],"inLanguage":"en-US"},{"@type":"Organization","@id":"https:\/\/gadzilandia.com\/#organization","name":"Gadzilandia","url":"https:\/\/gadzilandia.com\/","logo":{"@type":"ImageObject","inLanguage":"en-US","@id":"https:\/\/gadzilandia.com\/#\/schema\/logo\/image\/","url":"https:\/\/gadzilandia.com\/wp-content\/uploads\/2026\/02\/cropped-logo-1.png","contentUrl":"https:\/\/gadzilandia.com\/wp-content\/uploads\/2026\/02\/cropped-logo-1.png","width":512,"height":411,"caption":"Gadzilandia"},"image":{"@id":"https:\/\/gadzilandia.com\/#\/schema\/logo\/image\/"}}]}},"_links":{"self":[{"href":"https:\/\/gadzilandia.com\/en\/wp-json\/wp\/v2\/product\/3794","targetHints":{"allow":["GET"]}}],"collection":[{"href":"https:\/\/gadzilandia.com\/en\/wp-json\/wp\/v2\/product"}],"about":[{"href":"https:\/\/gadzilandia.com\/en\/wp-json\/wp\/v2\/types\/product"}],"wp:featuredmedia":[{"embeddable":true,"href":"https:\/\/gadzilandia.com\/en\/wp-json\/wp\/v2\/media\/3796"}],"wp:attachment":[{"href":"https:\/\/gadzilandia.com\/en\/wp-json\/wp\/v2\/media?parent=3794"}],"wp:term":[{"taxonomy":"product_brand","embeddable":true,"href":"https:\/\/gadzilandia.com\/en\/wp-json\/wp\/v2\/product_brand?post=3794"},{"taxonomy":"product_cat","embeddable":true,"href":"https:\/\/gadzilandia.com\/en\/wp-json\/wp\/v2\/product_cat?post=3794"},{"taxonomy":"product_tag","embeddable":true,"href":"https:\/\/gadzilandia.com\/en\/wp-json\/wp\/v2\/product_tag?post=3794"}],"curies":[{"name":"wp","href":"https:\/\/api.w.org\/{rel}","templated":true}]}}