{"id":3784,"date":"2026-04-12T18:27:23","date_gmt":"2026-04-12T18:27:23","guid":{"rendered":"https:\/\/gadzilandia.com\/?post_type=product&#038;p=3784"},"modified":"2026-04-12T18:33:57","modified_gmt":"2026-04-12T18:33:57","slug":"exo-terra-wodospad-duzy","status":"publish","type":"product","link":"https:\/\/gadzilandia.com\/en\/product\/exo-terra-wodospad-duzy\/","title":{"rendered":"Terrario Volcano Fountain \u2013 Fontanna do Terrarium 22x23x21 cm"},"content":{"rendered":"<p class=\"ai-optimize-43 ai-optimize-introduction\"><b>Terrario Volcano Fountain<\/b>\u00a0to dekoracyjna fontanna o wygl\u0105dzie wulkanu, idealna dla os\u00f3b pragn\u0105cych doda\u0107 do swojego terrarium unikalny element\u00a0<strong>wzbogacaj\u0105cy jego estetyk\u0119 i mikroklimat<\/strong>. Fontanna pomaga w utrzymaniu odpowiedniego poziomu wilgotno\u015bci, a jej realistyczny design inspirowany wulkanem doskonale wpisuje si\u0119 w tropikalne i pustynne aran\u017cacje terrari\u00f3w.<\/p>\n<p>&nbsp;<\/p>\n<p class=\"ai-optimize-44\"><b>Zastosowanie:<\/b><b><\/b><\/p>\n<p class=\"ai-optimize-45\">Zwi\u0119kszenie wilgotno\u015bci w terrarium (w po\u0142\u0105czeniu z pomp\u0105 \u2013 brak w zestawie).<br \/>\n<strong>\u0179r\u00f3d\u0142o wody dla zwierz\u0105t terrariowych.<\/strong><span class=\"Apple-tab-span\"><br \/>\n<\/span>Element dekoracyjny w stylu wulkanu.<\/p>\n<p>&nbsp;<\/p>\n<p class=\"ai-optimize-46\"><b>Kluczowe cechy:<br \/>\n<\/b><b><\/b><b><\/b><\/p>\n<p class=\"ai-optimize-47\"><b>Realistyczny wygl\u0105d<\/b>: Inspirowany wulkanem, dodaje charakteru aran\u017cacjom terrari\u00f3w.<br \/>\n<strong>Kompatybilno\u015b\u0107:<\/strong>\u00a0Fontanna wsp\u00f3\u0142pracuje z\u00a0<strong>Kruger Meier Sturmkraft 450MC-X3 &#8211; pompa wody 450l\/h<\/strong><br \/>\n<b>Poprawa mikroklimatu<\/b>: Idealna do tropikalnych i p\u00f3\u0142pustynnych \u015brodowisk.<br \/>\n<b>Bezpieczne materia\u0142y<\/b>: Nietoksyczne<strong>\u00a0tworzywo, odporne na dzia\u0142anie wody i bezpieczne dla zwierz\u0105t.<br \/>\n<\/strong><b>Regulowany w\u0105\u017c<\/b>: U\u0142atwia dostosowanie kierunku i\u00a0<strong>przep\u0142ywu wody w fontannie do indywidualnych potrzeb.<\/strong><\/p>\n<p class=\"ai-optimize-48\"><b><br \/>\nWymiary fontanny:<\/b>\u00a0<b>22x23x21 cm<\/b>.<br \/>\n<b>Uwaga:<\/b>\u00a0Produkt sprzedawany bez pompki \u2013 kompatybilny z Kruger Meier Sturmkraft 450MC-X3 &#8211; pompa wody 450l\/h<\/p>","protected":false},"excerpt":{"rendered":"<p>Terrario Volcano Fountain\u00a0to dekoracyjna fontanna o wygl\u0105dzie wulkanu, idealna dla os\u00f3b pragn\u0105cych doda\u0107 do swojego terrarium unikalny element\u00a0wzbogacaj\u0105cy jego estetyk\u0119 i mikroklimat. Fontanna pomaga w utrzymaniu odpowiedniego poziomu wilgotno\u015bci, a jej realistyczny design inspirowany wulkanem doskonale wpisuje si\u0119 w tropikalne i pustynne aran\u017cacje terrari\u00f3w. &nbsp; Zastosowanie: Zwi\u0119kszenie wilgotno\u015bci w terrarium (w po\u0142\u0105czeniu z pomp\u0105 \u2013 [&hellip;]<\/p>","protected":false},"featured_media":3788,"template":"","meta":{"_acf_changed":false,"nf_dc_page":"","_monsterinsights_skip_tracking":false,"_monsterinsights_sitenote_active":false,"_monsterinsights_sitenote_note":"","_monsterinsights_sitenote_category":0},"product_brand":[],"product_cat":[226],"product_tag":[],"class_list":{"0":"post-3784","1":"product","2":"type-product","3":"status-publish","4":"has-post-thumbnail","6":"product_cat-pozostale","7":"product_shipping_class-lekkie","9":"first","10":"instock","11":"shipping-taxable","12":"purchasable","13":"product-type-simple"},"acf":[],"yoast_head":"<!-- This site is optimized with the Yoast SEO Premium plugin v25.2 (Yoast SEO v25.2) - https:\/\/yoast.com\/wordpress\/plugins\/seo\/ -->\n<title>Terrario Volcano Fountain \u2013 fontanna do terrarium 22x23x21 cm<\/title>\n<meta name=\"description\" content=\"Fontanna Terrario Volcano Fountain 22x23x21 cm poprawia mikroklimat terrarium, dodaj\u0105c estetyki i wilgotno\u015bci dla Twoich zwierz\u0105t.\" \/>\n<meta name=\"robots\" content=\"index, follow, max-snippet:-1, max-image-preview:large, max-video-preview:-1\" \/>\n<link rel=\"canonical\" href=\"https:\/\/gadzilandia.com\/en\/product\/exo-terra-wodospad-duzy\/\" \/>\n<meta property=\"og:locale\" content=\"en_US\" \/>\n<meta property=\"og:type\" content=\"article\" \/>\n<meta property=\"og:title\" content=\"Terrario Volcano Fountain \u2013 Fontanna do Terrarium 22x23x21 cm\" \/>\n<meta property=\"og:description\" content=\"Fontanna Terrario Volcano Fountain 22x23x21 cm poprawia mikroklimat terrarium, dodaj\u0105c estetyki i wilgotno\u015bci dla Twoich zwierz\u0105t.\" \/>\n<meta property=\"og:url\" content=\"https:\/\/gadzilandia.com\/en\/product\/exo-terra-wodospad-duzy\/\" \/>\n<meta property=\"og:site_name\" content=\"Gadzilandia\" \/>\n<meta property=\"article:modified_time\" content=\"2026-04-12T18:33:57+00:00\" \/>\n<meta property=\"og:image\" content=\"https:\/\/gadzilandia.com\/wp-content\/uploads\/2026\/04\/terrario-volcano-fountain-fontanna-do-terrarium-z-pompa-2.jpg\" \/>\n\t<meta property=\"og:image:width\" content=\"800\" \/>\n\t<meta property=\"og:image:height\" content=\"800\" \/>\n\t<meta property=\"og:image:type\" content=\"image\/jpeg\" \/>\n<meta name=\"twitter:card\" content=\"summary_large_image\" \/>\n<meta name=\"twitter:label1\" content=\"Est. reading time\" \/>\n\t<meta name=\"twitter:data1\" content=\"1 minute\" \/>\n<!-- \/ Yoast SEO Premium plugin. -->","yoast_head_json":{"title":"Terrario Volcano Fountain \u2013 fontanna do terrarium 22x23x21 cm","description":"Fontanna Terrario Volcano Fountain 22x23x21 cm poprawia mikroklimat terrarium, dodaj\u0105c estetyki i wilgotno\u015bci dla Twoich zwierz\u0105t.","robots":{"index":"index","follow":"follow","max-snippet":"max-snippet:-1","max-image-preview":"max-image-preview:large","max-video-preview":"max-video-preview:-1"},"canonical":"https:\/\/gadzilandia.com\/en\/product\/exo-terra-wodospad-duzy\/","og_locale":"en_US","og_type":"article","og_title":"Terrario Volcano Fountain \u2013 Fontanna do Terrarium 22x23x21 cm","og_description":"Fontanna Terrario Volcano Fountain 22x23x21 cm poprawia mikroklimat terrarium, dodaj\u0105c estetyki i wilgotno\u015bci dla Twoich zwierz\u0105t.","og_url":"https:\/\/gadzilandia.com\/en\/product\/exo-terra-wodospad-duzy\/","og_site_name":"Gadzilandia","article_modified_time":"2026-04-12T18:33:57+00:00","og_image":[{"width":800,"height":800,"url":"https:\/\/gadzilandia.com\/wp-content\/uploads\/2026\/04\/terrario-volcano-fountain-fontanna-do-terrarium-z-pompa-2.jpg","type":"image\/jpeg"}],"twitter_card":"summary_large_image","twitter_misc":{"Est. reading time":"1 minute"},"schema":{"@context":"https:\/\/schema.org","@graph":[{"@type":"WebPage","@id":"https:\/\/gadzilandia.com\/produkt\/exo-terra-wodospad-duzy\/","url":"https:\/\/gadzilandia.com\/produkt\/exo-terra-wodospad-duzy\/","name":"Terrario Volcano Fountain \u2013 fontanna do terrarium 22x23x21 cm","isPartOf":{"@id":"https:\/\/gadzilandia.com\/#website"},"primaryImageOfPage":{"@id":"https:\/\/gadzilandia.com\/produkt\/exo-terra-wodospad-duzy\/#primaryimage"},"image":{"@id":"https:\/\/gadzilandia.com\/produkt\/exo-terra-wodospad-duzy\/#primaryimage"},"thumbnailUrl":"https:\/\/gadzilandia.com\/wp-content\/uploads\/2026\/04\/terrario-volcano-fountain-fontanna-do-terrarium-z-pompa-2.jpg","datePublished":"2026-04-12T18:27:23+00:00","dateModified":"2026-04-12T18:33:57+00:00","description":"Fontanna Terrario Volcano Fountain 22x23x21 cm poprawia mikroklimat terrarium, dodaj\u0105c estetyki i wilgotno\u015bci dla Twoich zwierz\u0105t.","breadcrumb":{"@id":"https:\/\/gadzilandia.com\/produkt\/exo-terra-wodospad-duzy\/#breadcrumb"},"inLanguage":"en-US","potentialAction":[{"@type":"ReadAction","target":["https:\/\/gadzilandia.com\/produkt\/exo-terra-wodospad-duzy\/"]}]},{"@type":"ImageObject","inLanguage":"en-US","@id":"https:\/\/gadzilandia.com\/produkt\/exo-terra-wodospad-duzy\/#primaryimage","url":"https:\/\/gadzilandia.com\/wp-content\/uploads\/2026\/04\/terrario-volcano-fountain-fontanna-do-terrarium-z-pompa-2.jpg","contentUrl":"https:\/\/gadzilandia.com\/wp-content\/uploads\/2026\/04\/terrario-volcano-fountain-fontanna-do-terrarium-z-pompa-2.jpg","width":800,"height":800},{"@type":"BreadcrumbList","@id":"https:\/\/gadzilandia.com\/produkt\/exo-terra-wodospad-duzy\/#breadcrumb","itemListElement":[{"@type":"ListItem","position":1,"name":"Home","item":"https:\/\/gadzilandia.com\/"},{"@type":"ListItem","position":2,"name":"Sklep","item":"https:\/\/gadzilandia.com\/sklep\/"},{"@type":"ListItem","position":3,"name":"Terrario Volcano Fountain \u2013 Fontanna do Terrarium 22x23x21 cm"}]},{"@type":"WebSite","@id":"https:\/\/gadzilandia.com\/#website","url":"https:\/\/gadzilandia.com\/","name":"Gadzilandia","description":"Gadzilandia | Sprzeda\u017c Agam Brodatych I Najlepszych Terrari\u00f3w","publisher":{"@id":"https:\/\/gadzilandia.com\/#organization"},"potentialAction":[{"@type":"SearchAction","target":{"@type":"EntryPoint","urlTemplate":"https:\/\/gadzilandia.com\/?s={search_term_string}"},"query-input":{"@type":"PropertyValueSpecification","valueRequired":true,"valueName":"search_term_string"}}],"inLanguage":"en-US"},{"@type":"Organization","@id":"https:\/\/gadzilandia.com\/#organization","name":"Gadzilandia","url":"https:\/\/gadzilandia.com\/","logo":{"@type":"ImageObject","inLanguage":"en-US","@id":"https:\/\/gadzilandia.com\/#\/schema\/logo\/image\/","url":"https:\/\/gadzilandia.com\/wp-content\/uploads\/2026\/02\/cropped-logo-1.png","contentUrl":"https:\/\/gadzilandia.com\/wp-content\/uploads\/2026\/02\/cropped-logo-1.png","width":512,"height":411,"caption":"Gadzilandia"},"image":{"@id":"https:\/\/gadzilandia.com\/#\/schema\/logo\/image\/"}}]}},"_links":{"self":[{"href":"https:\/\/gadzilandia.com\/en\/wp-json\/wp\/v2\/product\/3784","targetHints":{"allow":["GET"]}}],"collection":[{"href":"https:\/\/gadzilandia.com\/en\/wp-json\/wp\/v2\/product"}],"about":[{"href":"https:\/\/gadzilandia.com\/en\/wp-json\/wp\/v2\/types\/product"}],"wp:featuredmedia":[{"embeddable":true,"href":"https:\/\/gadzilandia.com\/en\/wp-json\/wp\/v2\/media\/3788"}],"wp:attachment":[{"href":"https:\/\/gadzilandia.com\/en\/wp-json\/wp\/v2\/media?parent=3784"}],"wp:term":[{"taxonomy":"product_brand","embeddable":true,"href":"https:\/\/gadzilandia.com\/en\/wp-json\/wp\/v2\/product_brand?post=3784"},{"taxonomy":"product_cat","embeddable":true,"href":"https:\/\/gadzilandia.com\/en\/wp-json\/wp\/v2\/product_cat?post=3784"},{"taxonomy":"product_tag","embeddable":true,"href":"https:\/\/gadzilandia.com\/en\/wp-json\/wp\/v2\/product_tag?post=3784"}],"curies":[{"name":"wp","href":"https:\/\/api.w.org\/{rel}","templated":true}]}}