{"id":3778,"date":"2026-04-12T13:55:43","date_gmt":"2026-04-12T13:55:43","guid":{"rendered":"https:\/\/gadzilandia.com\/?post_type=product&#038;p=3778"},"modified":"2026-04-12T13:59:10","modified_gmt":"2026-04-12T13:59:10","slug":"repti-zoo-snake-tong-metalowy-chwytak-do-wezy-100cm","status":"publish","type":"product","link":"https:\/\/gadzilandia.com\/en\/product\/repti-zoo-snake-tong-metalowy-chwytak-do-wezy-100cm\/","title":{"rendered":"Repti-zoo Snake Tong &#8211; metalowy chwytak do w\u0119\u017cy 100cm"},"content":{"rendered":"<div class=\"featured-products__header d-flex align-items-center mb-3\">\n<p class=\"ai-optimize-43 ai-optimize-introduction\">Urz\u0105dzenie jest przeznaczone do \u0142apania oraz unieruchomiania najcz\u0119\u015bciej dzikich w\u0119\u017cy. Aby by\u0142y bezpieczne i \u0142atwe w u\u017cyciu, Snake Tong posiada kilka wa\u017cnych zalet.<\/p>\n<p class=\"ai-optimize-44\">&#8211; mocne szcz\u0119ki kleszczy, zaci\u0105gane\u00a0s\u0105 przez u\u017cytkownika poprzez stalow\u0105 link\u0119. Dzi\u0119ki temu mo\u017cesz bardzo mocno z\u0142apa\u0107 w\u0119\u017ca, a ten z ca\u0142a pewno\u015bci\u0105 nie b\u0119dzie w stanie uciez z takiego u\u015bcisku<br \/>\n&#8211; chwytak ma 100cm d\u0142ugo\u015bci. B\u0119dziesz z daleka od zagro\u017cenia.<br \/>\n&#8211; dolna szcz\u0119ka pozwala na w\u0142o\u017cenie kleszczy pod cia\u0142o w\u0119\u017ca<br \/>\n&#8211; spr\u0119\u017cyna otwiera szcz\u0119ki chwytaka<\/p>\n<p>Sprawdzi si\u0119 r\u00f3wnie\u017c do prac porz\u0105dkowych wewn\u0105trz wybiegu zwierz\u0105t jadowitych czy agresywnych. Z \u0142atwo\u015bci\u0105 przestawimy ska\u0142\u0119, ro\u015blin\u0119 czy inny element wystroju terrarium nie nara\u017caj\u0105c si\u0119 mieszkaj\u0105cemu wewn\u0105trz pupilowi.<\/p>\n<p>Wszystkie elementy chwytaka wykonane s\u0105\u00a0z metalu, gwarantuj\u0105c niezawodno\u015b\u0107 urz\u0105dzenia oraz pewny i mocny chwyt.<\/p>\n<p>D\u0142ugo\u015b\u0107 ca\u0142kowita: 100 cm.<br \/>\nKleszcze otwieraj\u0105\u00a0si\u0119 na szeroko\u015b\u0107 do 12 cm.<\/p>\n<\/div>","protected":false},"excerpt":{"rendered":"<p>Urz\u0105dzenie jest przeznaczone do \u0142apania oraz unieruchomiania najcz\u0119\u015bciej dzikich w\u0119\u017cy. Aby by\u0142y bezpieczne i \u0142atwe w u\u017cyciu, Snake Tong posiada kilka wa\u017cnych zalet. &#8211; mocne szcz\u0119ki kleszczy, zaci\u0105gane\u00a0s\u0105 przez u\u017cytkownika poprzez stalow\u0105 link\u0119. Dzi\u0119ki temu mo\u017cesz bardzo mocno z\u0142apa\u0107 w\u0119\u017ca, a ten z ca\u0142a pewno\u015bci\u0105 nie b\u0119dzie w stanie uciez z takiego u\u015bcisku &#8211; chwytak [&hellip;]<\/p>","protected":false},"featured_media":3782,"template":"","meta":{"_acf_changed":false,"nf_dc_page":"","_monsterinsights_skip_tracking":false,"_monsterinsights_sitenote_active":false,"_monsterinsights_sitenote_note":"","_monsterinsights_sitenote_category":0},"product_brand":[],"product_cat":[20,228],"product_tag":[],"class_list":{"0":"post-3778","1":"product","2":"type-product","3":"status-publish","4":"has-post-thumbnail","6":"product_cat-uncategorized","7":"product_cat-pesety-terrarystyczne","8":"product_shipping_class-lekkie","10":"first","11":"instock","12":"shipping-taxable","13":"purchasable","14":"product-type-simple"},"acf":[],"yoast_head":"<!-- This site is optimized with the Yoast SEO Premium plugin v25.2 (Yoast SEO v25.2) - https:\/\/yoast.com\/wordpress\/plugins\/seo\/ -->\n<title>Terrario Cricket Catcher \u2013 efektywny \u0142apacz owad\u00f3w<\/title>\n<meta name=\"description\" content=\"Terrario Cricket Catcher to idealne rozwi\u0105zanie dla hodowc\u00f3w, umo\u017cliwiaj\u0105ce szybkie i bezpieczne \u0142apanie owad\u00f3w karmowych. Sprawd\u017a jego zalety.\" \/>\n<meta name=\"robots\" content=\"index, follow, max-snippet:-1, max-image-preview:large, max-video-preview:-1\" \/>\n<link rel=\"canonical\" href=\"https:\/\/gadzilandia.com\/en\/product\/repti-zoo-snake-tong-metalowy-chwytak-do-wezy-100cm\/\" \/>\n<meta property=\"og:locale\" content=\"en_US\" \/>\n<meta property=\"og:type\" content=\"article\" \/>\n<meta property=\"og:title\" content=\"Repti-zoo Snake Tong - metalowy chwytak do w\u0119\u017cy 100cm\" \/>\n<meta property=\"og:description\" content=\"Terrario Cricket Catcher to idealne rozwi\u0105zanie dla hodowc\u00f3w, umo\u017cliwiaj\u0105ce szybkie i bezpieczne \u0142apanie owad\u00f3w karmowych. Sprawd\u017a jego zalety.\" \/>\n<meta property=\"og:url\" content=\"https:\/\/gadzilandia.com\/en\/product\/repti-zoo-snake-tong-metalowy-chwytak-do-wezy-100cm\/\" \/>\n<meta property=\"og:site_name\" content=\"Gadzilandia\" \/>\n<meta property=\"article:modified_time\" content=\"2026-04-12T13:59:10+00:00\" \/>\n<meta property=\"og:image\" content=\"https:\/\/gadzilandia.com\/wp-content\/uploads\/2026\/04\/repti-zoo-snake-tong-metalowy-chwytak-do-wezy.jpg\" \/>\n\t<meta property=\"og:image:width\" content=\"800\" \/>\n\t<meta property=\"og:image:height\" content=\"800\" \/>\n\t<meta property=\"og:image:type\" content=\"image\/jpeg\" \/>\n<meta name=\"twitter:card\" content=\"summary_large_image\" \/>\n<meta name=\"twitter:label1\" content=\"Est. reading time\" \/>\n\t<meta name=\"twitter:data1\" content=\"1 minute\" \/>\n<!-- \/ Yoast SEO Premium plugin. -->","yoast_head_json":{"title":"Terrario Cricket Catcher \u2013 efektywny \u0142apacz owad\u00f3w","description":"Terrario Cricket Catcher to idealne rozwi\u0105zanie dla hodowc\u00f3w, umo\u017cliwiaj\u0105ce szybkie i bezpieczne \u0142apanie owad\u00f3w karmowych. Sprawd\u017a jego zalety.","robots":{"index":"index","follow":"follow","max-snippet":"max-snippet:-1","max-image-preview":"max-image-preview:large","max-video-preview":"max-video-preview:-1"},"canonical":"https:\/\/gadzilandia.com\/en\/product\/repti-zoo-snake-tong-metalowy-chwytak-do-wezy-100cm\/","og_locale":"en_US","og_type":"article","og_title":"Repti-zoo Snake Tong - metalowy chwytak do w\u0119\u017cy 100cm","og_description":"Terrario Cricket Catcher to idealne rozwi\u0105zanie dla hodowc\u00f3w, umo\u017cliwiaj\u0105ce szybkie i bezpieczne \u0142apanie owad\u00f3w karmowych. Sprawd\u017a jego zalety.","og_url":"https:\/\/gadzilandia.com\/en\/product\/repti-zoo-snake-tong-metalowy-chwytak-do-wezy-100cm\/","og_site_name":"Gadzilandia","article_modified_time":"2026-04-12T13:59:10+00:00","og_image":[{"width":800,"height":800,"url":"https:\/\/gadzilandia.com\/wp-content\/uploads\/2026\/04\/repti-zoo-snake-tong-metalowy-chwytak-do-wezy.jpg","type":"image\/jpeg"}],"twitter_card":"summary_large_image","twitter_misc":{"Est. reading time":"1 minute"},"schema":{"@context":"https:\/\/schema.org","@graph":[{"@type":"WebPage","@id":"https:\/\/gadzilandia.com\/produkt\/repti-zoo-snake-tong-metalowy-chwytak-do-wezy-100cm\/","url":"https:\/\/gadzilandia.com\/produkt\/repti-zoo-snake-tong-metalowy-chwytak-do-wezy-100cm\/","name":"Terrario Cricket Catcher \u2013 efektywny \u0142apacz owad\u00f3w","isPartOf":{"@id":"https:\/\/gadzilandia.com\/#website"},"primaryImageOfPage":{"@id":"https:\/\/gadzilandia.com\/produkt\/repti-zoo-snake-tong-metalowy-chwytak-do-wezy-100cm\/#primaryimage"},"image":{"@id":"https:\/\/gadzilandia.com\/produkt\/repti-zoo-snake-tong-metalowy-chwytak-do-wezy-100cm\/#primaryimage"},"thumbnailUrl":"https:\/\/gadzilandia.com\/wp-content\/uploads\/2026\/04\/repti-zoo-snake-tong-metalowy-chwytak-do-wezy.jpg","datePublished":"2026-04-12T13:55:43+00:00","dateModified":"2026-04-12T13:59:10+00:00","description":"Terrario Cricket Catcher to idealne rozwi\u0105zanie dla hodowc\u00f3w, umo\u017cliwiaj\u0105ce szybkie i bezpieczne \u0142apanie owad\u00f3w karmowych. Sprawd\u017a jego zalety.","breadcrumb":{"@id":"https:\/\/gadzilandia.com\/produkt\/repti-zoo-snake-tong-metalowy-chwytak-do-wezy-100cm\/#breadcrumb"},"inLanguage":"en-US","potentialAction":[{"@type":"ReadAction","target":["https:\/\/gadzilandia.com\/produkt\/repti-zoo-snake-tong-metalowy-chwytak-do-wezy-100cm\/"]}]},{"@type":"ImageObject","inLanguage":"en-US","@id":"https:\/\/gadzilandia.com\/produkt\/repti-zoo-snake-tong-metalowy-chwytak-do-wezy-100cm\/#primaryimage","url":"https:\/\/gadzilandia.com\/wp-content\/uploads\/2026\/04\/repti-zoo-snake-tong-metalowy-chwytak-do-wezy.jpg","contentUrl":"https:\/\/gadzilandia.com\/wp-content\/uploads\/2026\/04\/repti-zoo-snake-tong-metalowy-chwytak-do-wezy.jpg","width":800,"height":800},{"@type":"BreadcrumbList","@id":"https:\/\/gadzilandia.com\/produkt\/repti-zoo-snake-tong-metalowy-chwytak-do-wezy-100cm\/#breadcrumb","itemListElement":[{"@type":"ListItem","position":1,"name":"Home","item":"https:\/\/gadzilandia.com\/"},{"@type":"ListItem","position":2,"name":"Sklep","item":"https:\/\/gadzilandia.com\/sklep\/"},{"@type":"ListItem","position":3,"name":"Repti-zoo Snake Tong &#8211; metalowy chwytak do w\u0119\u017cy 100cm"}]},{"@type":"WebSite","@id":"https:\/\/gadzilandia.com\/#website","url":"https:\/\/gadzilandia.com\/","name":"Gadzilandia","description":"Gadzilandia | Sprzeda\u017c Agam Brodatych I Najlepszych Terrari\u00f3w","publisher":{"@id":"https:\/\/gadzilandia.com\/#organization"},"potentialAction":[{"@type":"SearchAction","target":{"@type":"EntryPoint","urlTemplate":"https:\/\/gadzilandia.com\/?s={search_term_string}"},"query-input":{"@type":"PropertyValueSpecification","valueRequired":true,"valueName":"search_term_string"}}],"inLanguage":"en-US"},{"@type":"Organization","@id":"https:\/\/gadzilandia.com\/#organization","name":"Gadzilandia","url":"https:\/\/gadzilandia.com\/","logo":{"@type":"ImageObject","inLanguage":"en-US","@id":"https:\/\/gadzilandia.com\/#\/schema\/logo\/image\/","url":"https:\/\/gadzilandia.com\/wp-content\/uploads\/2026\/02\/cropped-logo-1.png","contentUrl":"https:\/\/gadzilandia.com\/wp-content\/uploads\/2026\/02\/cropped-logo-1.png","width":512,"height":411,"caption":"Gadzilandia"},"image":{"@id":"https:\/\/gadzilandia.com\/#\/schema\/logo\/image\/"}}]}},"_links":{"self":[{"href":"https:\/\/gadzilandia.com\/en\/wp-json\/wp\/v2\/product\/3778","targetHints":{"allow":["GET"]}}],"collection":[{"href":"https:\/\/gadzilandia.com\/en\/wp-json\/wp\/v2\/product"}],"about":[{"href":"https:\/\/gadzilandia.com\/en\/wp-json\/wp\/v2\/types\/product"}],"wp:featuredmedia":[{"embeddable":true,"href":"https:\/\/gadzilandia.com\/en\/wp-json\/wp\/v2\/media\/3782"}],"wp:attachment":[{"href":"https:\/\/gadzilandia.com\/en\/wp-json\/wp\/v2\/media?parent=3778"}],"wp:term":[{"taxonomy":"product_brand","embeddable":true,"href":"https:\/\/gadzilandia.com\/en\/wp-json\/wp\/v2\/product_brand?post=3778"},{"taxonomy":"product_cat","embeddable":true,"href":"https:\/\/gadzilandia.com\/en\/wp-json\/wp\/v2\/product_cat?post=3778"},{"taxonomy":"product_tag","embeddable":true,"href":"https:\/\/gadzilandia.com\/en\/wp-json\/wp\/v2\/product_tag?post=3778"}],"curies":[{"name":"wp","href":"https:\/\/api.w.org\/{rel}","templated":true}]}}