{"id":3774,"date":"2026-04-12T13:50:08","date_gmt":"2026-04-12T13:50:08","guid":{"rendered":"https:\/\/gadzilandia.com\/?post_type=product&#038;p=3774"},"modified":"2026-04-12T13:55:11","modified_gmt":"2026-04-12T13:55:11","slug":"repti-zoo-hak-na-weze-60cm","status":"publish","type":"product","link":"https:\/\/gadzilandia.com\/en\/product\/repti-zoo-hak-na-weze-60cm\/","title":{"rendered":"Repti-Zoo Hak na w\u0119\u017ce 60cm"},"content":{"rendered":"<div class=\"featured-products__header d-flex align-items-center mb-3\">\n<p class=\"ai-optimize-43 ai-optimize-introduction\">Narz\u0119dzie przydaje si\u0119 nie tylko do pracy z w\u0119\u017cami, ale te\u017c do przesuwania element\u00f3w w terrarium oraz rozgrzebywania \u015bci\u00f3\u0142ki w poszukiwaniu zakopanego zwierz\u0119cia. Hak na w\u0119\u017ce mo\u017ce unie\u015b\u0107 do 1,5 kg. Ten produkt jest niezb\u0119dny ka\u017cdemu hodowcy. Cechuje si\u0119 wysok\u0105 funkcjonalno\u015bci\u0105 dost\u0119pn\u0105 za niewyg\u00f3rowan\u0105 cen\u0119.<strong><br \/>\n<\/strong><\/p>\n<p class=\"ai-optimize-44\"><strong>D\u0142ugo\u015b\u0107:<\/strong>\u00a060 cm.<\/p>\n<p>&nbsp;<\/p>\n<p class=\"ai-optimize-45\"><strong>Repti-Zoo\u00a0<\/strong>to marka najwi\u0119kszego na \u015bwiecie producenta sprz\u0119tu terrarystycznego. Z ich fabryk, do\u015bwiadczenia, us\u0142ug i towar\u00f3w korzysta wi\u0119kszo\u015b\u0107 znanych i cenionych firm. Ich produkty znajdziemy w\u015br\u00f3d oferty najlepszych marek z ca\u0142ego \u015bwiata\u00a0m.in. z Niemiec, Anglii, Australii, USA i Japonii.<\/p>\n<p>Od niedawna produkty tej marki s\u0105 r\u00f3wnie\u017c dost\u0119pne dla klient\u00f3w pod oryginaln\u0105 nazw\u0105 producenta &#8211; Repti-Zoo.<br \/>\nTo\u00a0najwy\u017cszej klasy marka, kt\u00f3rej produkty s\u0105 tworzone przy wsp\u00f3\u0142udziale \u015bwiatowej klasy herpetolog\u00f3w, dzi\u0119ki czemu produkty ciesz\u0105 si\u0119 zainteresowaniem nie tylko znanych firm ale r\u00f3wnie\u017c prywatnych hodowc\u00f3w.<br \/>\nRepti-Zoo to prekursorzy nowych rozwi\u0105za\u0144, ciesz\u0105cych\u00a0si\u0119 uznaniem klient\u00f3w.<\/p>\n<\/div>","protected":false},"excerpt":{"rendered":"<p>Narz\u0119dzie przydaje si\u0119 nie tylko do pracy z w\u0119\u017cami, ale te\u017c do przesuwania element\u00f3w w terrarium oraz rozgrzebywania \u015bci\u00f3\u0142ki w poszukiwaniu zakopanego zwierz\u0119cia. Hak na w\u0119\u017ce mo\u017ce unie\u015b\u0107 do 1,5 kg. Ten produkt jest niezb\u0119dny ka\u017cdemu hodowcy. Cechuje si\u0119 wysok\u0105 funkcjonalno\u015bci\u0105 dost\u0119pn\u0105 za niewyg\u00f3rowan\u0105 cen\u0119. D\u0142ugo\u015b\u0107:\u00a060 cm. &nbsp; Repti-Zoo\u00a0to marka najwi\u0119kszego na \u015bwiecie producenta sprz\u0119tu [&hellip;]<\/p>","protected":false},"featured_media":3777,"template":"","meta":{"_acf_changed":false,"nf_dc_page":"","_monsterinsights_skip_tracking":false,"_monsterinsights_sitenote_active":false,"_monsterinsights_sitenote_note":"","_monsterinsights_sitenote_category":0},"product_brand":[],"product_cat":[20,228],"product_tag":[],"class_list":{"0":"post-3774","1":"product","2":"type-product","3":"status-publish","4":"has-post-thumbnail","6":"product_cat-uncategorized","7":"product_cat-pesety-terrarystyczne","8":"product_shipping_class-lekkie","10":"first","11":"instock","12":"shipping-taxable","13":"purchasable","14":"product-type-simple"},"acf":[],"yoast_head":"<!-- This site is optimized with the Yoast SEO Premium plugin v25.2 (Yoast SEO v25.2) - https:\/\/yoast.com\/wordpress\/plugins\/seo\/ -->\n<title>Terrario Cricket Catcher \u2013 efektywny \u0142apacz owad\u00f3w<\/title>\n<meta name=\"description\" content=\"Terrario Cricket Catcher to idealne rozwi\u0105zanie dla hodowc\u00f3w, umo\u017cliwiaj\u0105ce szybkie i bezpieczne \u0142apanie owad\u00f3w karmowych. Sprawd\u017a jego zalety.\" \/>\n<meta name=\"robots\" content=\"index, follow, max-snippet:-1, max-image-preview:large, max-video-preview:-1\" \/>\n<link rel=\"canonical\" href=\"https:\/\/gadzilandia.com\/en\/product\/repti-zoo-hak-na-weze-60cm\/\" \/>\n<meta property=\"og:locale\" content=\"en_US\" \/>\n<meta property=\"og:type\" content=\"article\" \/>\n<meta property=\"og:title\" content=\"Repti-Zoo Hak na w\u0119\u017ce 60cm\" \/>\n<meta property=\"og:description\" content=\"Terrario Cricket Catcher to idealne rozwi\u0105zanie dla hodowc\u00f3w, umo\u017cliwiaj\u0105ce szybkie i bezpieczne \u0142apanie owad\u00f3w karmowych. Sprawd\u017a jego zalety.\" \/>\n<meta property=\"og:url\" content=\"https:\/\/gadzilandia.com\/en\/product\/repti-zoo-hak-na-weze-60cm\/\" \/>\n<meta property=\"og:site_name\" content=\"Gadzilandia\" \/>\n<meta property=\"article:modified_time\" content=\"2026-04-12T13:55:11+00:00\" \/>\n<meta property=\"og:image\" content=\"https:\/\/gadzilandia.com\/wp-content\/uploads\/2026\/04\/repti-zoo-hak-na-weze-60cm.webp\" \/>\n\t<meta property=\"og:image:width\" content=\"800\" \/>\n\t<meta property=\"og:image:height\" content=\"800\" \/>\n\t<meta property=\"og:image:type\" content=\"image\/webp\" \/>\n<meta name=\"twitter:card\" content=\"summary_large_image\" \/>\n<meta name=\"twitter:label1\" content=\"Est. reading time\" \/>\n\t<meta name=\"twitter:data1\" content=\"2 minutes\" \/>\n<!-- \/ Yoast SEO Premium plugin. -->","yoast_head_json":{"title":"Terrario Cricket Catcher \u2013 efektywny \u0142apacz owad\u00f3w","description":"Terrario Cricket Catcher to idealne rozwi\u0105zanie dla hodowc\u00f3w, umo\u017cliwiaj\u0105ce szybkie i bezpieczne \u0142apanie owad\u00f3w karmowych. Sprawd\u017a jego zalety.","robots":{"index":"index","follow":"follow","max-snippet":"max-snippet:-1","max-image-preview":"max-image-preview:large","max-video-preview":"max-video-preview:-1"},"canonical":"https:\/\/gadzilandia.com\/en\/product\/repti-zoo-hak-na-weze-60cm\/","og_locale":"en_US","og_type":"article","og_title":"Repti-Zoo Hak na w\u0119\u017ce 60cm","og_description":"Terrario Cricket Catcher to idealne rozwi\u0105zanie dla hodowc\u00f3w, umo\u017cliwiaj\u0105ce szybkie i bezpieczne \u0142apanie owad\u00f3w karmowych. Sprawd\u017a jego zalety.","og_url":"https:\/\/gadzilandia.com\/en\/product\/repti-zoo-hak-na-weze-60cm\/","og_site_name":"Gadzilandia","article_modified_time":"2026-04-12T13:55:11+00:00","og_image":[{"width":800,"height":800,"url":"https:\/\/gadzilandia.com\/wp-content\/uploads\/2026\/04\/repti-zoo-hak-na-weze-60cm.webp","type":"image\/webp"}],"twitter_card":"summary_large_image","twitter_misc":{"Est. reading time":"2 minutes"},"schema":{"@context":"https:\/\/schema.org","@graph":[{"@type":"WebPage","@id":"https:\/\/gadzilandia.com\/produkt\/repti-zoo-hak-na-weze-60cm\/","url":"https:\/\/gadzilandia.com\/produkt\/repti-zoo-hak-na-weze-60cm\/","name":"Terrario Cricket Catcher \u2013 efektywny \u0142apacz owad\u00f3w","isPartOf":{"@id":"https:\/\/gadzilandia.com\/#website"},"primaryImageOfPage":{"@id":"https:\/\/gadzilandia.com\/produkt\/repti-zoo-hak-na-weze-60cm\/#primaryimage"},"image":{"@id":"https:\/\/gadzilandia.com\/produkt\/repti-zoo-hak-na-weze-60cm\/#primaryimage"},"thumbnailUrl":"https:\/\/gadzilandia.com\/wp-content\/uploads\/2026\/04\/repti-zoo-hak-na-weze-60cm.webp","datePublished":"2026-04-12T13:50:08+00:00","dateModified":"2026-04-12T13:55:11+00:00","description":"Terrario Cricket Catcher to idealne rozwi\u0105zanie dla hodowc\u00f3w, umo\u017cliwiaj\u0105ce szybkie i bezpieczne \u0142apanie owad\u00f3w karmowych. Sprawd\u017a jego zalety.","breadcrumb":{"@id":"https:\/\/gadzilandia.com\/produkt\/repti-zoo-hak-na-weze-60cm\/#breadcrumb"},"inLanguage":"en-US","potentialAction":[{"@type":"ReadAction","target":["https:\/\/gadzilandia.com\/produkt\/repti-zoo-hak-na-weze-60cm\/"]}]},{"@type":"ImageObject","inLanguage":"en-US","@id":"https:\/\/gadzilandia.com\/produkt\/repti-zoo-hak-na-weze-60cm\/#primaryimage","url":"https:\/\/gadzilandia.com\/wp-content\/uploads\/2026\/04\/repti-zoo-hak-na-weze-60cm.webp","contentUrl":"https:\/\/gadzilandia.com\/wp-content\/uploads\/2026\/04\/repti-zoo-hak-na-weze-60cm.webp","width":800,"height":800},{"@type":"BreadcrumbList","@id":"https:\/\/gadzilandia.com\/produkt\/repti-zoo-hak-na-weze-60cm\/#breadcrumb","itemListElement":[{"@type":"ListItem","position":1,"name":"Home","item":"https:\/\/gadzilandia.com\/"},{"@type":"ListItem","position":2,"name":"Sklep","item":"https:\/\/gadzilandia.com\/sklep\/"},{"@type":"ListItem","position":3,"name":"Repti-Zoo Hak na w\u0119\u017ce 60cm"}]},{"@type":"WebSite","@id":"https:\/\/gadzilandia.com\/#website","url":"https:\/\/gadzilandia.com\/","name":"Gadzilandia","description":"Gadzilandia | Sprzeda\u017c Agam Brodatych I Najlepszych Terrari\u00f3w","publisher":{"@id":"https:\/\/gadzilandia.com\/#organization"},"potentialAction":[{"@type":"SearchAction","target":{"@type":"EntryPoint","urlTemplate":"https:\/\/gadzilandia.com\/?s={search_term_string}"},"query-input":{"@type":"PropertyValueSpecification","valueRequired":true,"valueName":"search_term_string"}}],"inLanguage":"en-US"},{"@type":"Organization","@id":"https:\/\/gadzilandia.com\/#organization","name":"Gadzilandia","url":"https:\/\/gadzilandia.com\/","logo":{"@type":"ImageObject","inLanguage":"en-US","@id":"https:\/\/gadzilandia.com\/#\/schema\/logo\/image\/","url":"https:\/\/gadzilandia.com\/wp-content\/uploads\/2026\/02\/cropped-logo-1.png","contentUrl":"https:\/\/gadzilandia.com\/wp-content\/uploads\/2026\/02\/cropped-logo-1.png","width":512,"height":411,"caption":"Gadzilandia"},"image":{"@id":"https:\/\/gadzilandia.com\/#\/schema\/logo\/image\/"}}]}},"_links":{"self":[{"href":"https:\/\/gadzilandia.com\/en\/wp-json\/wp\/v2\/product\/3774","targetHints":{"allow":["GET"]}}],"collection":[{"href":"https:\/\/gadzilandia.com\/en\/wp-json\/wp\/v2\/product"}],"about":[{"href":"https:\/\/gadzilandia.com\/en\/wp-json\/wp\/v2\/types\/product"}],"wp:featuredmedia":[{"embeddable":true,"href":"https:\/\/gadzilandia.com\/en\/wp-json\/wp\/v2\/media\/3777"}],"wp:attachment":[{"href":"https:\/\/gadzilandia.com\/en\/wp-json\/wp\/v2\/media?parent=3774"}],"wp:term":[{"taxonomy":"product_brand","embeddable":true,"href":"https:\/\/gadzilandia.com\/en\/wp-json\/wp\/v2\/product_brand?post=3774"},{"taxonomy":"product_cat","embeddable":true,"href":"https:\/\/gadzilandia.com\/en\/wp-json\/wp\/v2\/product_cat?post=3774"},{"taxonomy":"product_tag","embeddable":true,"href":"https:\/\/gadzilandia.com\/en\/wp-json\/wp\/v2\/product_tag?post=3774"}],"curies":[{"name":"wp","href":"https:\/\/api.w.org\/{rel}","templated":true}]}}