{"id":3748,"date":"2026-04-12T13:30:09","date_gmt":"2026-04-12T13:30:09","guid":{"rendered":"https:\/\/gadzilandia.com\/?post_type=product&#038;p=3748"},"modified":"2026-04-12T13:32:38","modified_gmt":"2026-04-12T13:32:38","slug":"terrario-vipertweez-simple-s-peseta-prosta-20cm","status":"publish","type":"product","link":"https:\/\/gadzilandia.com\/en\/product\/terrario-vipertweez-simple-s-peseta-prosta-20cm\/","title":{"rendered":"Terrario ViperTweez Simple S &#8211; p\u0119seta prosta 20cm"},"content":{"rendered":"<p class=\"product-container__heading ai-optimize-43\">&#8211; do karmienia<br \/>\n&#8211; do sprz\u0105tania<br \/>\n&#8211; do sadzenia ro\u015blin<br \/>\n&#8211; d\u0142uga i w\u0105ska<br \/>\n&#8211; wodoodporna<\/p>\n<p>D\u0142uga jak wysokiej klasy limuzyna, nasza\u00a0<strong>p\u0119seta pozwoli Ci dotrze\u0107 do najdalszych zak\u0105tk\u00f3w Twojego terrarium<\/strong>. Podawanie pokarmu, przesuwanie dekoracji, usuwanie nieczysto\u015bci &#8211; to wszystko staje si\u0119 dziecinnie proste, nawet je\u015bli Tw\u00f3j gad, p\u0142az, gryzo\u0144 czy paj\u0105k ma ukryt\u0105 kryj\u00f3wk\u0119, do kt\u00f3rej dost\u0119p jest utrudniony.<\/p>\n<p>Przy karmieniu najbardziej\u00a0jadowitych paj\u0105k\u00f3w czy w\u0119\u017cy, nasza p\u0119seta ViperTweez staje si\u0119 nieocenionym sojusznikiem.<strong>\u00a0Bez obaw mo\u017cesz podawa\u0107 pokarm swoim drapie\u017cnikom<\/strong>, utrzymuj\u0105c bezpieczn\u0105 odleg\u0142o\u015b\u0107 dzi\u0119ki jej imponuj\u0105cej d\u0142ugo\u015bci. Precyzyjne chwytaki z \u0142atwo\u015bci\u0105 chwytaj\u0105\u00a0\u015bliskie kawa\u0142ki pokarmu lub \u017cyw\u0105 i siln\u0105 karm\u00f3wk\u0119 umo\u017cliwiaj\u0105c dok\u0142adne i bezpieczne umieszczenie go w terrarium.<\/p>\n<p>Ale nie tylko jest przydatna gdy masz w terrarium same straszyd\u0142a. P\u0119seta terrarystyczna powinna by\u0107 u\u017cywana w ka\u017cdym terrarium, \u017ceby najzwyczajniej nie p\u0142oszy\u0107 ich mieszka\u0144c\u00f3w. Powiedzmy sobie szczerze: Twoja r\u0119ka dla niekt\u00f3rych zwierz\u0105tek jest okrutnie straszna. Przypomina wielkiego paj\u0105ka, kt\u00f3ry chce co\u015b zje\u015b\u0107.\u00a0<strong>Korzystaj wi\u0119c z p\u0119sety do ka\u017cdej pracy w zamieszka\u0142ym przez zwierz\u0105tka terrarium.<\/strong><\/p>\n<p>To, co wyr\u00f3\u017cnia nasz\u0105 p\u0119set\u0119, to jej\u00a0<strong>wodoodporno\u015b\u0107<\/strong>. Niezale\u017cnie od wilgotno\u015bci \u015brodowiska, nie musisz si\u0119 obawia\u0107 o jej trwa\u0142o\u015b\u0107. Jest odporna na korozj\u0119 i \u0142atwa do czyszczenia, co przek\u0142ada si\u0119 na d\u0142ug\u0105 \u017cywotno\u015b\u0107 produktu. Dodatkowo, p\u0119seta jest wytrzyma\u0142a na wysok\u0105 temperatur\u0119, co jest szczeg\u00f3lnie wa\u017cne w przypadku terrarium z egzotycznymi gatunkami.<\/p>\n<p>Dla pewnego chwytu masz do dyspozycji chropowat\u0105 r\u0119koje\u015b\u0107, aby ka\u017cda praca by\u0142a \u0142atwa, nawet je\u015bli akurat masz mokre d\u0142onie.\u00a0<strong>Podobnie ponacinane s\u0105 szczypce p\u0119sety<\/strong>, aby ka\u017cdy robal, kt\u00f3ry w\u0142a\u015bnie zrozumia\u0142 sw\u00f3j los, dotar\u0142 do Twojego mi\u0119so\u017cercy w ca\u0142o\u015bci.<\/p>\n<p>P\u0119seta prosta wodoodporna.<br \/>\nD\u0142ugo\u015b\u0107: 20cm<\/p>","protected":false},"excerpt":{"rendered":"<p>&#8211; do karmienia &#8211; do sprz\u0105tania &#8211; do sadzenia ro\u015blin &#8211; d\u0142uga i w\u0105ska &#8211; wodoodporna D\u0142uga jak wysokiej klasy limuzyna, nasza\u00a0p\u0119seta pozwoli Ci dotrze\u0107 do najdalszych zak\u0105tk\u00f3w Twojego terrarium. Podawanie pokarmu, przesuwanie dekoracji, usuwanie nieczysto\u015bci &#8211; to wszystko staje si\u0119 dziecinnie proste, nawet je\u015bli Tw\u00f3j gad, p\u0142az, gryzo\u0144 czy paj\u0105k ma ukryt\u0105 kryj\u00f3wk\u0119, do [&hellip;]<\/p>","protected":false},"featured_media":3752,"template":"","meta":{"_acf_changed":false,"nf_dc_page":"","_monsterinsights_skip_tracking":false,"_monsterinsights_sitenote_active":false,"_monsterinsights_sitenote_note":"","_monsterinsights_sitenote_category":0},"product_brand":[],"product_cat":[20,228],"product_tag":[],"class_list":{"0":"post-3748","1":"product","2":"type-product","3":"status-publish","4":"has-post-thumbnail","6":"product_cat-uncategorized","7":"product_cat-pesety-terrarystyczne","8":"product_shipping_class-lekkie","10":"first","11":"instock","12":"shipping-taxable","13":"purchasable","14":"product-type-simple"},"acf":[],"yoast_head":"<!-- This site is optimized with the Yoast SEO Premium plugin v25.2 (Yoast SEO v25.2) - https:\/\/yoast.com\/wordpress\/plugins\/seo\/ -->\n<title>Terrario Cricket Catcher \u2013 efektywny \u0142apacz owad\u00f3w<\/title>\n<meta name=\"description\" content=\"Terrario Cricket Catcher to idealne rozwi\u0105zanie dla hodowc\u00f3w, umo\u017cliwiaj\u0105ce szybkie i bezpieczne \u0142apanie owad\u00f3w karmowych. Sprawd\u017a jego zalety.\" \/>\n<meta name=\"robots\" content=\"index, follow, max-snippet:-1, max-image-preview:large, max-video-preview:-1\" \/>\n<link rel=\"canonical\" href=\"https:\/\/gadzilandia.com\/en\/product\/terrario-vipertweez-simple-s-peseta-prosta-20cm\/\" \/>\n<meta property=\"og:locale\" content=\"en_US\" \/>\n<meta property=\"og:type\" content=\"article\" \/>\n<meta property=\"og:title\" content=\"Terrario ViperTweez Simple S - p\u0119seta prosta 20cm\" \/>\n<meta property=\"og:description\" content=\"Terrario Cricket Catcher to idealne rozwi\u0105zanie dla hodowc\u00f3w, umo\u017cliwiaj\u0105ce szybkie i bezpieczne \u0142apanie owad\u00f3w karmowych. Sprawd\u017a jego zalety.\" \/>\n<meta property=\"og:url\" content=\"https:\/\/gadzilandia.com\/en\/product\/terrario-vipertweez-simple-s-peseta-prosta-20cm\/\" \/>\n<meta property=\"og:site_name\" content=\"Gadzilandia\" \/>\n<meta property=\"article:modified_time\" content=\"2026-04-12T13:32:38+00:00\" \/>\n<meta property=\"og:image\" content=\"https:\/\/gadzilandia.com\/wp-content\/uploads\/2026\/04\/terrario-vipertweez-simple-s-peseta-prosta-20cm.webp\" \/>\n\t<meta property=\"og:image:width\" content=\"800\" \/>\n\t<meta property=\"og:image:height\" content=\"800\" \/>\n\t<meta property=\"og:image:type\" content=\"image\/webp\" \/>\n<meta name=\"twitter:card\" content=\"summary_large_image\" \/>\n<meta name=\"twitter:label1\" content=\"Est. reading time\" \/>\n\t<meta name=\"twitter:data1\" content=\"2 minutes\" \/>\n<!-- \/ Yoast SEO Premium plugin. -->","yoast_head_json":{"title":"Terrario Cricket Catcher \u2013 efektywny \u0142apacz owad\u00f3w","description":"Terrario Cricket Catcher to idealne rozwi\u0105zanie dla hodowc\u00f3w, umo\u017cliwiaj\u0105ce szybkie i bezpieczne \u0142apanie owad\u00f3w karmowych. Sprawd\u017a jego zalety.","robots":{"index":"index","follow":"follow","max-snippet":"max-snippet:-1","max-image-preview":"max-image-preview:large","max-video-preview":"max-video-preview:-1"},"canonical":"https:\/\/gadzilandia.com\/en\/product\/terrario-vipertweez-simple-s-peseta-prosta-20cm\/","og_locale":"en_US","og_type":"article","og_title":"Terrario ViperTweez Simple S - p\u0119seta prosta 20cm","og_description":"Terrario Cricket Catcher to idealne rozwi\u0105zanie dla hodowc\u00f3w, umo\u017cliwiaj\u0105ce szybkie i bezpieczne \u0142apanie owad\u00f3w karmowych. Sprawd\u017a jego zalety.","og_url":"https:\/\/gadzilandia.com\/en\/product\/terrario-vipertweez-simple-s-peseta-prosta-20cm\/","og_site_name":"Gadzilandia","article_modified_time":"2026-04-12T13:32:38+00:00","og_image":[{"width":800,"height":800,"url":"https:\/\/gadzilandia.com\/wp-content\/uploads\/2026\/04\/terrario-vipertweez-simple-s-peseta-prosta-20cm.webp","type":"image\/webp"}],"twitter_card":"summary_large_image","twitter_misc":{"Est. reading time":"2 minutes"},"schema":{"@context":"https:\/\/schema.org","@graph":[{"@type":"WebPage","@id":"https:\/\/gadzilandia.com\/produkt\/terrario-vipertweez-simple-s-peseta-prosta-20cm\/","url":"https:\/\/gadzilandia.com\/produkt\/terrario-vipertweez-simple-s-peseta-prosta-20cm\/","name":"Terrario Cricket Catcher \u2013 efektywny \u0142apacz owad\u00f3w","isPartOf":{"@id":"https:\/\/gadzilandia.com\/#website"},"primaryImageOfPage":{"@id":"https:\/\/gadzilandia.com\/produkt\/terrario-vipertweez-simple-s-peseta-prosta-20cm\/#primaryimage"},"image":{"@id":"https:\/\/gadzilandia.com\/produkt\/terrario-vipertweez-simple-s-peseta-prosta-20cm\/#primaryimage"},"thumbnailUrl":"https:\/\/gadzilandia.com\/wp-content\/uploads\/2026\/04\/terrario-vipertweez-simple-s-peseta-prosta-20cm.webp","datePublished":"2026-04-12T13:30:09+00:00","dateModified":"2026-04-12T13:32:38+00:00","description":"Terrario Cricket Catcher to idealne rozwi\u0105zanie dla hodowc\u00f3w, umo\u017cliwiaj\u0105ce szybkie i bezpieczne \u0142apanie owad\u00f3w karmowych. Sprawd\u017a jego zalety.","breadcrumb":{"@id":"https:\/\/gadzilandia.com\/produkt\/terrario-vipertweez-simple-s-peseta-prosta-20cm\/#breadcrumb"},"inLanguage":"en-US","potentialAction":[{"@type":"ReadAction","target":["https:\/\/gadzilandia.com\/produkt\/terrario-vipertweez-simple-s-peseta-prosta-20cm\/"]}]},{"@type":"ImageObject","inLanguage":"en-US","@id":"https:\/\/gadzilandia.com\/produkt\/terrario-vipertweez-simple-s-peseta-prosta-20cm\/#primaryimage","url":"https:\/\/gadzilandia.com\/wp-content\/uploads\/2026\/04\/terrario-vipertweez-simple-s-peseta-prosta-20cm.webp","contentUrl":"https:\/\/gadzilandia.com\/wp-content\/uploads\/2026\/04\/terrario-vipertweez-simple-s-peseta-prosta-20cm.webp","width":800,"height":800},{"@type":"BreadcrumbList","@id":"https:\/\/gadzilandia.com\/produkt\/terrario-vipertweez-simple-s-peseta-prosta-20cm\/#breadcrumb","itemListElement":[{"@type":"ListItem","position":1,"name":"Home","item":"https:\/\/gadzilandia.com\/"},{"@type":"ListItem","position":2,"name":"Sklep","item":"https:\/\/gadzilandia.com\/sklep\/"},{"@type":"ListItem","position":3,"name":"Terrario ViperTweez Simple S &#8211; p\u0119seta prosta 20cm"}]},{"@type":"WebSite","@id":"https:\/\/gadzilandia.com\/#website","url":"https:\/\/gadzilandia.com\/","name":"Gadzilandia","description":"Gadzilandia | Sprzeda\u017c Agam Brodatych I Najlepszych Terrari\u00f3w","publisher":{"@id":"https:\/\/gadzilandia.com\/#organization"},"potentialAction":[{"@type":"SearchAction","target":{"@type":"EntryPoint","urlTemplate":"https:\/\/gadzilandia.com\/?s={search_term_string}"},"query-input":{"@type":"PropertyValueSpecification","valueRequired":true,"valueName":"search_term_string"}}],"inLanguage":"en-US"},{"@type":"Organization","@id":"https:\/\/gadzilandia.com\/#organization","name":"Gadzilandia","url":"https:\/\/gadzilandia.com\/","logo":{"@type":"ImageObject","inLanguage":"en-US","@id":"https:\/\/gadzilandia.com\/#\/schema\/logo\/image\/","url":"https:\/\/gadzilandia.com\/wp-content\/uploads\/2026\/02\/cropped-logo-1.png","contentUrl":"https:\/\/gadzilandia.com\/wp-content\/uploads\/2026\/02\/cropped-logo-1.png","width":512,"height":411,"caption":"Gadzilandia"},"image":{"@id":"https:\/\/gadzilandia.com\/#\/schema\/logo\/image\/"}}]}},"_links":{"self":[{"href":"https:\/\/gadzilandia.com\/en\/wp-json\/wp\/v2\/product\/3748","targetHints":{"allow":["GET"]}}],"collection":[{"href":"https:\/\/gadzilandia.com\/en\/wp-json\/wp\/v2\/product"}],"about":[{"href":"https:\/\/gadzilandia.com\/en\/wp-json\/wp\/v2\/types\/product"}],"wp:featuredmedia":[{"embeddable":true,"href":"https:\/\/gadzilandia.com\/en\/wp-json\/wp\/v2\/media\/3752"}],"wp:attachment":[{"href":"https:\/\/gadzilandia.com\/en\/wp-json\/wp\/v2\/media?parent=3748"}],"wp:term":[{"taxonomy":"product_brand","embeddable":true,"href":"https:\/\/gadzilandia.com\/en\/wp-json\/wp\/v2\/product_brand?post=3748"},{"taxonomy":"product_cat","embeddable":true,"href":"https:\/\/gadzilandia.com\/en\/wp-json\/wp\/v2\/product_cat?post=3748"},{"taxonomy":"product_tag","embeddable":true,"href":"https:\/\/gadzilandia.com\/en\/wp-json\/wp\/v2\/product_tag?post=3748"}],"curies":[{"name":"wp","href":"https:\/\/api.w.org\/{rel}","templated":true}]}}