{"id":3738,"date":"2026-04-12T13:22:17","date_gmt":"2026-04-12T13:22:17","guid":{"rendered":"https:\/\/gadzilandia.com\/?post_type=product&#038;p=3738"},"modified":"2026-04-12T13:23:18","modified_gmt":"2026-04-12T13:23:18","slug":"terrario-cricket-catcher-lapacz-owadow","status":"publish","type":"product","link":"https:\/\/gadzilandia.com\/en\/product\/terrario-cricket-catcher-lapacz-owadow\/","title":{"rendered":"Terrario Cricket Catcher &#8211; \u0142apacz owad\u00f3w"},"content":{"rendered":"<p class=\"product-container__heading ai-optimize-43\"><strong>Dlaczego Terrario Cricket Catcher jest potrzebny?<\/strong><br \/>\n\u0141apanie karm\u00f3wki z pojemnika, a zw\u0142aszcza \u015bwierszczy, cz\u0119sto stanowi wysokie wyzwanie. Wymaga zr\u0119czno\u015bci, szybko\u015bci i pewnej odwagi. Dlatego karmienie \u017cywym owadem jest trudne, a dla pocz\u0105tkuj\u0105cego terrarysty czy osoby kt\u00f3ra okresowo zast\u0119puje opiekuna, niewykonalne. Zadanie to mo\u017ce zako\u0144czy\u0107 ci\u0119 ucieczk\u0105 owada lub jego \u015bmierci\u0105 jeszcze przed podaniem.<\/p>\n<p>Cricket Catcher umo\u017cliwia szybkie schwytanie owada karmowego, a specjalnie zaprojektowana komora nie stanowy zagro\u017cenia dla \u017cycia owada. Korzystanie z tego urz\u0105dzenia doceni\u0105 wszyscy amatorzy jak i profesjonalni hodowcy.<\/p>\n<p><strong>Do jakich owad\u00f3w jest przeznaczony Cricket Catcher?<\/strong><br \/>\n&#8211; karaczan turecki i argenty\u0144ski<br \/>\n&#8211; \u015bwierszcz bananowy<br \/>\n&#8211; larwy m\u0105cznika<br \/>\n&#8211; drewnojad<\/p>\n<p><strong>Wymiary:<\/strong><br \/>\n&#8211; ca\u0142o\u015bci urz\u0105dzenia: 18x7x5cm<br \/>\n&#8211; komory \u0142apacza: \u015brednica 5cm<\/p>","protected":false},"excerpt":{"rendered":"<p>Dlaczego Terrario Cricket Catcher jest potrzebny? \u0141apanie karm\u00f3wki z pojemnika, a zw\u0142aszcza \u015bwierszczy, cz\u0119sto stanowi wysokie wyzwanie. Wymaga zr\u0119czno\u015bci, szybko\u015bci i pewnej odwagi. Dlatego karmienie \u017cywym owadem jest trudne, a dla pocz\u0105tkuj\u0105cego terrarysty czy osoby kt\u00f3ra okresowo zast\u0119puje opiekuna, niewykonalne. Zadanie to mo\u017ce zako\u0144czy\u0107 ci\u0119 ucieczk\u0105 owada lub jego \u015bmierci\u0105 jeszcze przed podaniem. Cricket Catcher [&hellip;]<\/p>","protected":false},"featured_media":3740,"template":"","meta":{"_acf_changed":false,"nf_dc_page":"","_monsterinsights_skip_tracking":false,"_monsterinsights_sitenote_active":false,"_monsterinsights_sitenote_note":"","_monsterinsights_sitenote_category":0},"product_brand":[],"product_cat":[20,228],"product_tag":[],"class_list":{"0":"post-3738","1":"product","2":"type-product","3":"status-publish","4":"has-post-thumbnail","6":"product_cat-uncategorized","7":"product_cat-pesety-terrarystyczne","8":"product_shipping_class-lekkie","10":"first","11":"instock","12":"shipping-taxable","13":"purchasable","14":"product-type-simple"},"acf":[],"yoast_head":"<!-- This site is optimized with the Yoast SEO Premium plugin v25.2 (Yoast SEO v25.2) - https:\/\/yoast.com\/wordpress\/plugins\/seo\/ -->\n<title>Terrario Cricket Catcher \u2013 efektywny \u0142apacz owad\u00f3w<\/title>\n<meta name=\"description\" content=\"Terrario Cricket Catcher to idealne rozwi\u0105zanie dla hodowc\u00f3w, umo\u017cliwiaj\u0105ce szybkie i bezpieczne \u0142apanie owad\u00f3w karmowych. Sprawd\u017a jego zalety.\" \/>\n<meta name=\"robots\" content=\"index, follow, max-snippet:-1, max-image-preview:large, max-video-preview:-1\" \/>\n<link rel=\"canonical\" href=\"https:\/\/gadzilandia.com\/en\/product\/terrario-cricket-catcher-lapacz-owadow\/\" \/>\n<meta property=\"og:locale\" content=\"en_US\" \/>\n<meta property=\"og:type\" content=\"article\" \/>\n<meta property=\"og:title\" content=\"Terrario Cricket Catcher - \u0142apacz owad\u00f3w\" \/>\n<meta property=\"og:description\" content=\"Terrario Cricket Catcher to idealne rozwi\u0105zanie dla hodowc\u00f3w, umo\u017cliwiaj\u0105ce szybkie i bezpieczne \u0142apanie owad\u00f3w karmowych. Sprawd\u017a jego zalety.\" \/>\n<meta property=\"og:url\" content=\"https:\/\/gadzilandia.com\/en\/product\/terrario-cricket-catcher-lapacz-owadow\/\" \/>\n<meta property=\"og:site_name\" content=\"Gadzilandia\" \/>\n<meta property=\"article:modified_time\" content=\"2026-04-12T13:23:18+00:00\" \/>\n<meta property=\"og:image\" content=\"https:\/\/gadzilandia.com\/wp-content\/uploads\/2026\/04\/terrario-cricket-catcher-lapacz-owadow.jpg\" \/>\n\t<meta property=\"og:image:width\" content=\"800\" \/>\n\t<meta property=\"og:image:height\" content=\"800\" \/>\n\t<meta property=\"og:image:type\" content=\"image\/jpeg\" \/>\n<meta name=\"twitter:card\" content=\"summary_large_image\" \/>\n<meta name=\"twitter:label1\" content=\"Est. reading time\" \/>\n\t<meta name=\"twitter:data1\" content=\"1 minute\" \/>\n<!-- \/ Yoast SEO Premium plugin. -->","yoast_head_json":{"title":"Terrario Cricket Catcher \u2013 efektywny \u0142apacz owad\u00f3w","description":"Terrario Cricket Catcher to idealne rozwi\u0105zanie dla hodowc\u00f3w, umo\u017cliwiaj\u0105ce szybkie i bezpieczne \u0142apanie owad\u00f3w karmowych. Sprawd\u017a jego zalety.","robots":{"index":"index","follow":"follow","max-snippet":"max-snippet:-1","max-image-preview":"max-image-preview:large","max-video-preview":"max-video-preview:-1"},"canonical":"https:\/\/gadzilandia.com\/en\/product\/terrario-cricket-catcher-lapacz-owadow\/","og_locale":"en_US","og_type":"article","og_title":"Terrario Cricket Catcher - \u0142apacz owad\u00f3w","og_description":"Terrario Cricket Catcher to idealne rozwi\u0105zanie dla hodowc\u00f3w, umo\u017cliwiaj\u0105ce szybkie i bezpieczne \u0142apanie owad\u00f3w karmowych. Sprawd\u017a jego zalety.","og_url":"https:\/\/gadzilandia.com\/en\/product\/terrario-cricket-catcher-lapacz-owadow\/","og_site_name":"Gadzilandia","article_modified_time":"2026-04-12T13:23:18+00:00","og_image":[{"width":800,"height":800,"url":"https:\/\/gadzilandia.com\/wp-content\/uploads\/2026\/04\/terrario-cricket-catcher-lapacz-owadow.jpg","type":"image\/jpeg"}],"twitter_card":"summary_large_image","twitter_misc":{"Est. reading time":"1 minute"},"schema":{"@context":"https:\/\/schema.org","@graph":[{"@type":"WebPage","@id":"https:\/\/gadzilandia.com\/produkt\/terrario-cricket-catcher-lapacz-owadow\/","url":"https:\/\/gadzilandia.com\/produkt\/terrario-cricket-catcher-lapacz-owadow\/","name":"Terrario Cricket Catcher \u2013 efektywny \u0142apacz owad\u00f3w","isPartOf":{"@id":"https:\/\/gadzilandia.com\/#website"},"primaryImageOfPage":{"@id":"https:\/\/gadzilandia.com\/produkt\/terrario-cricket-catcher-lapacz-owadow\/#primaryimage"},"image":{"@id":"https:\/\/gadzilandia.com\/produkt\/terrario-cricket-catcher-lapacz-owadow\/#primaryimage"},"thumbnailUrl":"https:\/\/gadzilandia.com\/wp-content\/uploads\/2026\/04\/terrario-cricket-catcher-lapacz-owadow.jpg","datePublished":"2026-04-12T13:22:17+00:00","dateModified":"2026-04-12T13:23:18+00:00","description":"Terrario Cricket Catcher to idealne rozwi\u0105zanie dla hodowc\u00f3w, umo\u017cliwiaj\u0105ce szybkie i bezpieczne \u0142apanie owad\u00f3w karmowych. Sprawd\u017a jego zalety.","breadcrumb":{"@id":"https:\/\/gadzilandia.com\/produkt\/terrario-cricket-catcher-lapacz-owadow\/#breadcrumb"},"inLanguage":"en-US","potentialAction":[{"@type":"ReadAction","target":["https:\/\/gadzilandia.com\/produkt\/terrario-cricket-catcher-lapacz-owadow\/"]}]},{"@type":"ImageObject","inLanguage":"en-US","@id":"https:\/\/gadzilandia.com\/produkt\/terrario-cricket-catcher-lapacz-owadow\/#primaryimage","url":"https:\/\/gadzilandia.com\/wp-content\/uploads\/2026\/04\/terrario-cricket-catcher-lapacz-owadow.jpg","contentUrl":"https:\/\/gadzilandia.com\/wp-content\/uploads\/2026\/04\/terrario-cricket-catcher-lapacz-owadow.jpg","width":800,"height":800},{"@type":"BreadcrumbList","@id":"https:\/\/gadzilandia.com\/produkt\/terrario-cricket-catcher-lapacz-owadow\/#breadcrumb","itemListElement":[{"@type":"ListItem","position":1,"name":"Home","item":"https:\/\/gadzilandia.com\/"},{"@type":"ListItem","position":2,"name":"Sklep","item":"https:\/\/gadzilandia.com\/sklep\/"},{"@type":"ListItem","position":3,"name":"Terrario Cricket Catcher &#8211; \u0142apacz owad\u00f3w"}]},{"@type":"WebSite","@id":"https:\/\/gadzilandia.com\/#website","url":"https:\/\/gadzilandia.com\/","name":"Gadzilandia","description":"Gadzilandia | Sprzeda\u017c Agam Brodatych I Najlepszych Terrari\u00f3w","publisher":{"@id":"https:\/\/gadzilandia.com\/#organization"},"potentialAction":[{"@type":"SearchAction","target":{"@type":"EntryPoint","urlTemplate":"https:\/\/gadzilandia.com\/?s={search_term_string}"},"query-input":{"@type":"PropertyValueSpecification","valueRequired":true,"valueName":"search_term_string"}}],"inLanguage":"en-US"},{"@type":"Organization","@id":"https:\/\/gadzilandia.com\/#organization","name":"Gadzilandia","url":"https:\/\/gadzilandia.com\/","logo":{"@type":"ImageObject","inLanguage":"en-US","@id":"https:\/\/gadzilandia.com\/#\/schema\/logo\/image\/","url":"https:\/\/gadzilandia.com\/wp-content\/uploads\/2026\/02\/cropped-logo-1.png","contentUrl":"https:\/\/gadzilandia.com\/wp-content\/uploads\/2026\/02\/cropped-logo-1.png","width":512,"height":411,"caption":"Gadzilandia"},"image":{"@id":"https:\/\/gadzilandia.com\/#\/schema\/logo\/image\/"}}]}},"_links":{"self":[{"href":"https:\/\/gadzilandia.com\/en\/wp-json\/wp\/v2\/product\/3738","targetHints":{"allow":["GET"]}}],"collection":[{"href":"https:\/\/gadzilandia.com\/en\/wp-json\/wp\/v2\/product"}],"about":[{"href":"https:\/\/gadzilandia.com\/en\/wp-json\/wp\/v2\/types\/product"}],"wp:featuredmedia":[{"embeddable":true,"href":"https:\/\/gadzilandia.com\/en\/wp-json\/wp\/v2\/media\/3740"}],"wp:attachment":[{"href":"https:\/\/gadzilandia.com\/en\/wp-json\/wp\/v2\/media?parent=3738"}],"wp:term":[{"taxonomy":"product_brand","embeddable":true,"href":"https:\/\/gadzilandia.com\/en\/wp-json\/wp\/v2\/product_brand?post=3738"},{"taxonomy":"product_cat","embeddable":true,"href":"https:\/\/gadzilandia.com\/en\/wp-json\/wp\/v2\/product_cat?post=3738"},{"taxonomy":"product_tag","embeddable":true,"href":"https:\/\/gadzilandia.com\/en\/wp-json\/wp\/v2\/product_tag?post=3738"}],"curies":[{"name":"wp","href":"https:\/\/api.w.org\/{rel}","templated":true}]}}