{"id":3729,"date":"2026-04-12T13:12:20","date_gmt":"2026-04-12T13:12:20","guid":{"rendered":"https:\/\/gadzilandia.com\/?post_type=product&#038;p=3729"},"modified":"2026-04-12T13:12:21","modified_gmt":"2026-04-12T13:12:21","slug":"repti-zoo-digital-seconds-timer-sekundowy-programator-elektroniczny","status":"publish","type":"product","link":"https:\/\/gadzilandia.com\/en\/product\/repti-zoo-digital-seconds-timer-sekundowy-programator-elektroniczny\/","title":{"rendered":"Repti-Zoo Digital Seconds Timer &#8211; sekundowy programator elektroniczny"},"content":{"rendered":"<p class=\"ai-optimize-45\">&#8211; programowanie z dok\u0142adno\u015bci\u0105 do jednej sekundy<br \/>\n&#8211; do dowolnego urz\u0105dzenia<br \/>\n&#8211; z podzia\u0142em na ka\u017cdy dzie\u0144 tygodnia<br \/>\n&#8211; w\u0142\u0105cz \/ wy\u0142\u0105cz maksymalnie 8 razy dziennie<br \/>\n&#8211; podtrzymanie napi\u0119cia (z akumulatorem)<\/p>\n<p><strong>Do ka\u017cdego urz\u0105dzenia:<\/strong><br \/>\nProgramator mo\u017ce pracowa\u0107 z zraszaczami, foggerami, wodospadami, o\u015bwietleniem, grza\u0142kami, kablami grzewczymi, \u017car\u00f3wkami grzewczymi i wszelkimi innymi urz\u0105dzeniami elektrycznymi.<br \/>\nMaksymalne obci\u0105\u017cenie to a\u017c 3000W. Mo\u017cesz do programatora wpi\u0105\u0107 listw\u0119 i sterowa\u0107 r\u00f3\u017cnymi urz\u0105dzeniami na raz.<\/p>\n<p><strong>Programowanie:<\/strong><br \/>\nJest niezwykle rozbudowane, lecz mimo to jest do\u015b\u0107 intuicyjne i szybkie. Twoje mo\u017cliwo\u015bci:<\/p>\n<p>&#8211; zaprogramuj np: 8 uruchomie\u0144 dziennie na 1 sekund\u0119 (dobra opcja dla zraszania)<br \/>\n&#8211; zaprogramuj ka\u017cdy dzie\u0144 oddzielnie, wszystkie razem lub tylko wybrane dni razem<br \/>\n&#8211; zaprogramuj jeden okres czasu na dzie\u0144 np: ON o 8 rano &#8211; OFF o 21&#8217;szej albo ustal wi\u0119cej czas\u00f3w, a\u017c do 8 sekwencji ON\/OFF na dzie\u0144<br \/>\n&#8211; zaprogramuj ON\/OFF z dok\u0142adno\u015bci\u0105 do 1\u00a0sekundy<br \/>\n&#8211; mo\u017cesz nawet wprowadzi\u0107 czas letni i zimowy<br \/>\n&#8211; skorzystaj z funkcji random, gdzie programator sam b\u0119dzie losowa\u0107 w\u0142\u0105czeniami i wy\u0142\u0105czeniami<br \/>\n&#8211; skorzystaj z funkcji odliczania &#8211; ustal dok\u0142adnie ile dane urz\u0105dzenie b\u0119dzie dzia\u0142a\u0107, a potem si\u0119 wy\u0142\u0105czy lub w\u0142\u0105czy (od 1 minuty do 100 godzin!)<\/p>\n<p><strong>Dane techniczne:<\/strong><br \/>\n&#8211; wtyczka UE<br \/>\n&#8211; maksymalne obci\u0105\u017cenie 3000W<br \/>\n&#8211; wymiary: 13x6x7cm<\/p>","protected":false},"excerpt":{"rendered":"<p>&#8211; programowanie z dok\u0142adno\u015bci\u0105 do jednej sekundy &#8211; do dowolnego urz\u0105dzenia &#8211; z podzia\u0142em na ka\u017cdy dzie\u0144 tygodnia &#8211; w\u0142\u0105cz \/ wy\u0142\u0105cz maksymalnie 8 razy dziennie &#8211; podtrzymanie napi\u0119cia (z akumulatorem) Do ka\u017cdego urz\u0105dzenia: Programator mo\u017ce pracowa\u0107 z zraszaczami, foggerami, wodospadami, o\u015bwietleniem, grza\u0142kami, kablami grzewczymi, \u017car\u00f3wkami grzewczymi i wszelkimi innymi urz\u0105dzeniami elektrycznymi. Maksymalne obci\u0105\u017cenie to [&hellip;]<\/p>","protected":false},"featured_media":3731,"template":"","meta":{"_acf_changed":false,"nf_dc_page":"","_monsterinsights_skip_tracking":false,"_monsterinsights_sitenote_active":false,"_monsterinsights_sitenote_note":"","_monsterinsights_sitenote_category":0},"product_brand":[],"product_cat":[226],"product_tag":[],"class_list":{"0":"post-3729","1":"product","2":"type-product","3":"status-publish","4":"has-post-thumbnail","6":"product_cat-pozostale","8":"first","9":"instock","10":"shipping-taxable","11":"purchasable","12":"product-type-simple"},"acf":[],"yoast_head":"<!-- This site is optimized with the Yoast SEO Premium plugin v25.2 (Yoast SEO v25.2) - https:\/\/yoast.com\/wordpress\/plugins\/seo\/ -->\n<title>Repti-Zoo Digital Seconds Timer - sekundowy programator elektroniczny - Gadzilandia<\/title>\n<meta name=\"robots\" content=\"index, follow, max-snippet:-1, max-image-preview:large, max-video-preview:-1\" \/>\n<link rel=\"canonical\" href=\"https:\/\/gadzilandia.com\/en\/product\/repti-zoo-digital-seconds-timer-sekundowy-programator-elektroniczny\/\" \/>\n<meta property=\"og:locale\" content=\"en_US\" \/>\n<meta property=\"og:type\" content=\"article\" \/>\n<meta property=\"og:title\" content=\"Repti-Zoo Digital Seconds Timer - sekundowy programator elektroniczny\" \/>\n<meta property=\"og:description\" content=\"&#8211; programowanie z dok\u0142adno\u015bci\u0105 do jednej sekundy &#8211; do dowolnego urz\u0105dzenia &#8211; z podzia\u0142em na ka\u017cdy dzie\u0144 tygodnia &#8211; w\u0142\u0105cz \/ wy\u0142\u0105cz maksymalnie 8 razy dziennie &#8211; podtrzymanie napi\u0119cia (z akumulatorem) Do ka\u017cdego urz\u0105dzenia: Programator mo\u017ce pracowa\u0107 z zraszaczami, foggerami, wodospadami, o\u015bwietleniem, grza\u0142kami, kablami grzewczymi, \u017car\u00f3wkami grzewczymi i wszelkimi innymi urz\u0105dzeniami elektrycznymi. Maksymalne obci\u0105\u017cenie to [&hellip;]\" \/>\n<meta property=\"og:url\" content=\"https:\/\/gadzilandia.com\/en\/product\/repti-zoo-digital-seconds-timer-sekundowy-programator-elektroniczny\/\" \/>\n<meta property=\"og:site_name\" content=\"Gadzilandia\" \/>\n<meta property=\"article:modified_time\" content=\"2026-04-12T13:12:21+00:00\" \/>\n<meta property=\"og:image\" content=\"https:\/\/gadzilandia.com\/wp-content\/uploads\/2026\/04\/repti-zoo-digital-seconds-timer-programator-elektroniczny.webp\" \/>\n\t<meta property=\"og:image:width\" content=\"800\" \/>\n\t<meta property=\"og:image:height\" content=\"800\" \/>\n\t<meta property=\"og:image:type\" content=\"image\/webp\" \/>\n<meta name=\"twitter:card\" content=\"summary_large_image\" \/>\n<meta name=\"twitter:label1\" content=\"Est. reading time\" \/>\n\t<meta name=\"twitter:data1\" content=\"2 minutes\" \/>\n<!-- \/ Yoast SEO Premium plugin. -->","yoast_head_json":{"title":"Repti-Zoo Digital Seconds Timer - sekundowy programator elektroniczny - Gadzilandia","robots":{"index":"index","follow":"follow","max-snippet":"max-snippet:-1","max-image-preview":"max-image-preview:large","max-video-preview":"max-video-preview:-1"},"canonical":"https:\/\/gadzilandia.com\/en\/product\/repti-zoo-digital-seconds-timer-sekundowy-programator-elektroniczny\/","og_locale":"en_US","og_type":"article","og_title":"Repti-Zoo Digital Seconds Timer - sekundowy programator elektroniczny","og_description":"&#8211; programowanie z dok\u0142adno\u015bci\u0105 do jednej sekundy &#8211; do dowolnego urz\u0105dzenia &#8211; z podzia\u0142em na ka\u017cdy dzie\u0144 tygodnia &#8211; w\u0142\u0105cz \/ wy\u0142\u0105cz maksymalnie 8 razy dziennie &#8211; podtrzymanie napi\u0119cia (z akumulatorem) Do ka\u017cdego urz\u0105dzenia: Programator mo\u017ce pracowa\u0107 z zraszaczami, foggerami, wodospadami, o\u015bwietleniem, grza\u0142kami, kablami grzewczymi, \u017car\u00f3wkami grzewczymi i wszelkimi innymi urz\u0105dzeniami elektrycznymi. Maksymalne obci\u0105\u017cenie to [&hellip;]","og_url":"https:\/\/gadzilandia.com\/en\/product\/repti-zoo-digital-seconds-timer-sekundowy-programator-elektroniczny\/","og_site_name":"Gadzilandia","article_modified_time":"2026-04-12T13:12:21+00:00","og_image":[{"width":800,"height":800,"url":"https:\/\/gadzilandia.com\/wp-content\/uploads\/2026\/04\/repti-zoo-digital-seconds-timer-programator-elektroniczny.webp","type":"image\/webp"}],"twitter_card":"summary_large_image","twitter_misc":{"Est. reading time":"2 minutes"},"schema":{"@context":"https:\/\/schema.org","@graph":[{"@type":"WebPage","@id":"https:\/\/gadzilandia.com\/produkt\/repti-zoo-digital-seconds-timer-sekundowy-programator-elektroniczny\/","url":"https:\/\/gadzilandia.com\/produkt\/repti-zoo-digital-seconds-timer-sekundowy-programator-elektroniczny\/","name":"Repti-Zoo Digital Seconds Timer - sekundowy programator elektroniczny - Gadzilandia","isPartOf":{"@id":"https:\/\/gadzilandia.com\/#website"},"primaryImageOfPage":{"@id":"https:\/\/gadzilandia.com\/produkt\/repti-zoo-digital-seconds-timer-sekundowy-programator-elektroniczny\/#primaryimage"},"image":{"@id":"https:\/\/gadzilandia.com\/produkt\/repti-zoo-digital-seconds-timer-sekundowy-programator-elektroniczny\/#primaryimage"},"thumbnailUrl":"https:\/\/gadzilandia.com\/wp-content\/uploads\/2026\/04\/repti-zoo-digital-seconds-timer-programator-elektroniczny.webp","datePublished":"2026-04-12T13:12:20+00:00","dateModified":"2026-04-12T13:12:21+00:00","breadcrumb":{"@id":"https:\/\/gadzilandia.com\/produkt\/repti-zoo-digital-seconds-timer-sekundowy-programator-elektroniczny\/#breadcrumb"},"inLanguage":"en-US","potentialAction":[{"@type":"ReadAction","target":["https:\/\/gadzilandia.com\/produkt\/repti-zoo-digital-seconds-timer-sekundowy-programator-elektroniczny\/"]}]},{"@type":"ImageObject","inLanguage":"en-US","@id":"https:\/\/gadzilandia.com\/produkt\/repti-zoo-digital-seconds-timer-sekundowy-programator-elektroniczny\/#primaryimage","url":"https:\/\/gadzilandia.com\/wp-content\/uploads\/2026\/04\/repti-zoo-digital-seconds-timer-programator-elektroniczny.webp","contentUrl":"https:\/\/gadzilandia.com\/wp-content\/uploads\/2026\/04\/repti-zoo-digital-seconds-timer-programator-elektroniczny.webp","width":800,"height":800},{"@type":"BreadcrumbList","@id":"https:\/\/gadzilandia.com\/produkt\/repti-zoo-digital-seconds-timer-sekundowy-programator-elektroniczny\/#breadcrumb","itemListElement":[{"@type":"ListItem","position":1,"name":"Home","item":"https:\/\/gadzilandia.com\/"},{"@type":"ListItem","position":2,"name":"Sklep","item":"https:\/\/gadzilandia.com\/sklep\/"},{"@type":"ListItem","position":3,"name":"Repti-Zoo Digital Seconds Timer &#8211; sekundowy programator elektroniczny"}]},{"@type":"WebSite","@id":"https:\/\/gadzilandia.com\/#website","url":"https:\/\/gadzilandia.com\/","name":"Gadzilandia","description":"Gadzilandia | Sprzeda\u017c Agam Brodatych I Najlepszych Terrari\u00f3w","publisher":{"@id":"https:\/\/gadzilandia.com\/#organization"},"potentialAction":[{"@type":"SearchAction","target":{"@type":"EntryPoint","urlTemplate":"https:\/\/gadzilandia.com\/?s={search_term_string}"},"query-input":{"@type":"PropertyValueSpecification","valueRequired":true,"valueName":"search_term_string"}}],"inLanguage":"en-US"},{"@type":"Organization","@id":"https:\/\/gadzilandia.com\/#organization","name":"Gadzilandia","url":"https:\/\/gadzilandia.com\/","logo":{"@type":"ImageObject","inLanguage":"en-US","@id":"https:\/\/gadzilandia.com\/#\/schema\/logo\/image\/","url":"https:\/\/gadzilandia.com\/wp-content\/uploads\/2026\/02\/cropped-logo-1.png","contentUrl":"https:\/\/gadzilandia.com\/wp-content\/uploads\/2026\/02\/cropped-logo-1.png","width":512,"height":411,"caption":"Gadzilandia"},"image":{"@id":"https:\/\/gadzilandia.com\/#\/schema\/logo\/image\/"}}]}},"_links":{"self":[{"href":"https:\/\/gadzilandia.com\/en\/wp-json\/wp\/v2\/product\/3729","targetHints":{"allow":["GET"]}}],"collection":[{"href":"https:\/\/gadzilandia.com\/en\/wp-json\/wp\/v2\/product"}],"about":[{"href":"https:\/\/gadzilandia.com\/en\/wp-json\/wp\/v2\/types\/product"}],"wp:featuredmedia":[{"embeddable":true,"href":"https:\/\/gadzilandia.com\/en\/wp-json\/wp\/v2\/media\/3731"}],"wp:attachment":[{"href":"https:\/\/gadzilandia.com\/en\/wp-json\/wp\/v2\/media?parent=3729"}],"wp:term":[{"taxonomy":"product_brand","embeddable":true,"href":"https:\/\/gadzilandia.com\/en\/wp-json\/wp\/v2\/product_brand?post=3729"},{"taxonomy":"product_cat","embeddable":true,"href":"https:\/\/gadzilandia.com\/en\/wp-json\/wp\/v2\/product_cat?post=3729"},{"taxonomy":"product_tag","embeddable":true,"href":"https:\/\/gadzilandia.com\/en\/wp-json\/wp\/v2\/product_tag?post=3729"}],"curies":[{"name":"wp","href":"https:\/\/api.w.org\/{rel}","templated":true}]}}