{"id":3343,"date":"2026-03-05T20:52:28","date_gmt":"2026-03-05T20:52:28","guid":{"rendered":"https:\/\/gadzilandia.com\/?post_type=product&#038;p=3343"},"modified":"2026-03-05T21:02:37","modified_gmt":"2026-03-05T21:02:37","slug":"terrarium-100x50x50-plyta-meblowa-dab-craft-oprawa-e27-led-3","status":"publish","type":"product","link":"https:\/\/gadzilandia.com\/en\/product\/terrarium-100x50x50-plyta-meblowa-dab-craft-oprawa-e27-led-3\/","title":{"rendered":"Terrarium 100x50x50 P\u0142yta Meblowa D\u0105b Craft Oprawa E27 Led"},"content":{"rendered":"<h2 class=\"ai-optimize-44\" data-start=\"94\" data-end=\"155\">\ud83e\udd8e Terrarium 100\u00d750\u00d750 \u2014 przestronne i gotowe do u\u017cycia!<\/h2>\n<p class=\"ai-optimize-45 ai-optimize-introduction\" data-start=\"157\" data-end=\"212\">\ud83d\udccf <strong data-start=\"160\" data-end=\"172\">Wymiary:<\/strong> 100\u00d750\u00d750 cm<br data-start=\"185\" data-end=\"188\" \/>\ud83c\udfa8 <strong data-start=\"191\" data-end=\"201\">Kolor:<\/strong> dab craft<\/p>\n<hr data-start=\"214\" data-end=\"217\" \/>\n<h3 class=\"ai-optimize-46\" data-start=\"219\" data-end=\"237\">\u2b50 Wyposa\u017cenie:<\/h3>\n<p class=\"ai-optimize-47\" data-start=\"238\" data-end=\"387\">\u2714 oprawy e27<br data-start=\"292\" data-end=\"295\" \/>\u2714 <strong data-start=\"297\" data-end=\"316\">LED w zabudowie<\/strong> \u2014 r\u00f3wnomierne o\u015bwietlenie wn\u0119trza<br data-start=\"350\" data-end=\"353\" \/>\u2714 <strong data-start=\"355\" data-end=\"385\">Wystr\u00f3j + sztuczne ro\u015bliny<\/strong><\/p>\n<hr data-start=\"389\" data-end=\"392\" \/>\n<h3 class=\"ai-optimize-48\" data-start=\"394\" data-end=\"412\">\ud83d\udd27 W zestawie:<\/h3>\n<ul data-start=\"413\" data-end=\"542\">\n<li class=\"ai-optimize-49\" data-start=\"413\" data-end=\"436\">\n<p class=\"ai-optimize-50\" data-start=\"415\" data-end=\"436\">Terrarium 100\u00d750\u00d750<\/p>\n<\/li>\n<li class=\"ai-optimize-51\" data-start=\"437\" data-end=\"456\">\n<p class=\"ai-optimize-52\" data-start=\"439\" data-end=\"456\">LED<\/p>\n<\/li>\n<li class=\"ai-optimize-53\" data-start=\"457\" data-end=\"474\">\n<p class=\"ai-optimize-54\" data-start=\"459\" data-end=\"474\">2 oprawy e27<\/p>\n<\/li>\n<li class=\"ai-optimize-55\" data-start=\"475\" data-end=\"511\">\n<p class=\"ai-optimize-56\" data-start=\"477\" data-end=\"511\">Komplet wentylacji (prz\u00f3d + ty\u0142)<\/p>\n<\/li>\n<li class=\"ai-optimize-57\" data-start=\"512\" data-end=\"542\">\n<p class=\"ai-optimize-58\" data-start=\"514\" data-end=\"542\">Wystr\u00f3j + sztuczne ro\u015bliny<\/p>\n<\/li>\n<\/ul>\n<hr data-start=\"544\" data-end=\"547\" \/>\n<h3 class=\"ai-optimize-59\" data-start=\"549\" data-end=\"573\">\ud83d\udca1 Gotowe do u\u017cytku!<\/h3>\n<p class=\"ai-optimize-60\" data-start=\"574\" data-end=\"639\">Nie wymaga \u017cadnych dodatkowych przer\u00f3bek \u2014 wystarczy pod\u0142\u0105czy\u0107.<\/p>\n<hr data-start=\"641\" data-end=\"644\" \/>\n<p class=\"ai-optimize-61\" data-start=\"646\" data-end=\"733\">\ud83d\udce6 Wysy\u0142ka na terenie ca\u0142ej Europy<br data-start=\"680\" data-end=\"683\" \/>\ud83d\udccd Dost\u0119pne od r\u0119ki \u2014 wysy\u0142ka do 3 dni roboczych<\/p>\n<hr data-start=\"735\" data-end=\"738\" \/>\n<p class=\"ai-optimize-62\" data-start=\"740\" data-end=\"796\">* <strong data-start=\"743\" data-end=\"794\">Do ka\u017cdego zestawu mo\u017cemy dodatkowo domontowa\u0107:<\/strong><\/p>\n<ul data-start=\"797\" data-end=\"928\">\n<li class=\"ai-optimize-63\" data-start=\"797\" data-end=\"841\">\n<p class=\"ai-optimize-64\" data-start=\"799\" data-end=\"841\">termostat (podstawowy, dzie\u0144\/noc, Wi-Fi)<\/p>\n<\/li>\n<li class=\"ai-optimize-65\" data-start=\"842\" data-end=\"869\">\n<p class=\"ai-optimize-66\" data-start=\"844\" data-end=\"869\">dodatkowe maty grzewcze<\/p>\n<\/li>\n<li class=\"ai-optimize-67\" data-start=\"870\" data-end=\"889\">\n<p class=\"ai-optimize-68\" data-start=\"872\" data-end=\"889\">panele pod maty<\/p>\n<\/li>\n<li class=\"ai-optimize-69\" data-start=\"890\" data-end=\"914\">\n<p class=\"ai-optimize-70\" data-start=\"892\" data-end=\"914\">termometry wbudowane<\/p>\n<\/li>\n<li class=\"ai-optimize-71\" data-start=\"915\" data-end=\"928\">\n<p class=\"ai-optimize-72\" data-start=\"917\" data-end=\"928\">opraw\u0119 T5<\/p>\n<\/li>\n<\/ul>\n<p class=\"ai-optimize-45\">NR159<\/p>","protected":false},"excerpt":{"rendered":"<p>\ud83e\udd8e Terrarium 100\u00d750\u00d750 \u2014 przestronne i gotowe do u\u017cycia! \ud83d\udccf Wymiary: 100\u00d750\u00d750 cm\ud83c\udfa8 Kolor: dab craft \u2b50 Wyposa\u017cenie: \u2714 oprawy e27\u2714 LED w zabudowie \u2014 r\u00f3wnomierne o\u015bwietlenie wn\u0119trza\u2714 Wystr\u00f3j + sztuczne ro\u015bliny \ud83d\udd27 W zestawie: Terrarium 100\u00d750\u00d750 LED 2 oprawy e27 Komplet wentylacji (prz\u00f3d + ty\u0142) Wystr\u00f3j + sztuczne ro\u015bliny \ud83d\udca1 Gotowe do u\u017cytku! Nie [&hellip;]<\/p>","protected":false},"featured_media":3346,"template":"","meta":{"_acf_changed":false,"nf_dc_page":"","_monsterinsights_skip_tracking":false,"_monsterinsights_sitenote_active":false,"_monsterinsights_sitenote_note":"","_monsterinsights_sitenote_category":0},"product_brand":[],"product_cat":[42,72,82,81,77,78,79],"product_tag":[200,202,207,208,198,197,191,211,212,195,210,196,189,209,194,199,214,188,213,190,192,193],"class_list":{"0":"post-3343","1":"product","2":"type-product","3":"status-publish","4":"has-post-thumbnail","6":"product_cat-teraria","7":"product_cat-terraria-100x50x50","8":"product_cat-terraria-dla-agamy","9":"product_cat-terraria-dla-boa","10":"product_cat-terraria-dla-gekona-lamparciego","11":"product_cat-terraria-dla-weza","12":"product_cat-terraria-dla-weza-zbozowego","13":"product_tag-100x50x50","14":"product_tag-120x50x50","15":"product_tag-120x60x60","16":"product_tag-60x40x40","17":"product_tag-80x40x40","18":"product_tag-80x50x50","19":"product_tag-e27","20":"product_tag-glina","21":"product_tag-glina-z-piaskiem","22":"product_tag-mata-grzewcza","23":"product_tag-oprawa-linowa","24":"product_tag-oprwa-e27","25":"product_tag-plyta-meblowa","26":"product_tag-podwojny-sufit","27":"product_tag-pyton","28":"product_tag-regius","29":"product_tag-termiostat","30":"product_tag-terrarystyka","31":"product_tag-tuba-korkowa","32":"product_tag-wystroj","33":"product_tag-zarowka","34":"product_tag-zbozowka","35":"product_shipping_class-terraria","37":"first","38":"instock","39":"shipping-taxable","40":"purchasable","41":"product-type-simple"},"acf":[],"yoast_head":"<!-- This site is optimized with the Yoast SEO Premium plugin v25.2 (Yoast SEO v25.2) - https:\/\/yoast.com\/wordpress\/plugins\/seo\/ -->\n<title>Terrarium 100x50x50 z o\u015bwietleniem LED i d\u0105b craft<\/title>\n<meta name=\"description\" content=\"Poznaj terrarium 100x50x50 cm z opraw\u0105 E27 i LED. Gotowe do u\u017cycia, idealne do hodowli egzotycznych zwierz\u0105t i ro\u015blin.\" \/>\n<meta name=\"robots\" content=\"index, follow, max-snippet:-1, max-image-preview:large, max-video-preview:-1\" \/>\n<link rel=\"canonical\" href=\"https:\/\/gadzilandia.com\/en\/product\/terrarium-100x50x50-plyta-meblowa-dab-craft-oprawa-e27-led-3\/\" \/>\n<meta property=\"og:locale\" content=\"en_US\" \/>\n<meta property=\"og:type\" content=\"article\" \/>\n<meta property=\"og:title\" content=\"Terrarium 100x50x50 P\u0142yta Meblowa D\u0105b Craft Oprawa E27 Led\" \/>\n<meta property=\"og:description\" content=\"Poznaj terrarium 100x50x50 cm z opraw\u0105 E27 i LED. Gotowe do u\u017cycia, idealne do hodowli egzotycznych zwierz\u0105t i ro\u015blin.\" \/>\n<meta property=\"og:url\" content=\"https:\/\/gadzilandia.com\/en\/product\/terrarium-100x50x50-plyta-meblowa-dab-craft-oprawa-e27-led-3\/\" \/>\n<meta property=\"og:site_name\" content=\"Gadzilandia\" \/>\n<meta property=\"article:modified_time\" content=\"2026-03-05T21:02:37+00:00\" \/>\n<meta property=\"og:image\" content=\"https:\/\/gadzilandia.com\/wp-content\/uploads\/2026\/03\/20260303_175640.jpg\" \/>\n\t<meta property=\"og:image:width\" content=\"2000\" \/>\n\t<meta property=\"og:image:height\" content=\"1500\" \/>\n\t<meta property=\"og:image:type\" content=\"image\/jpeg\" \/>\n<meta name=\"twitter:card\" content=\"summary_large_image\" \/>\n<meta name=\"twitter:label1\" content=\"Est. reading time\" \/>\n\t<meta name=\"twitter:data1\" content=\"1 minute\" \/>\n<!-- \/ Yoast SEO Premium plugin. -->","yoast_head_json":{"title":"Terrarium 100x50x50 z o\u015bwietleniem LED i d\u0105b craft","description":"Poznaj terrarium 100x50x50 cm z opraw\u0105 E27 i LED. Gotowe do u\u017cycia, idealne do hodowli egzotycznych zwierz\u0105t i ro\u015blin.","robots":{"index":"index","follow":"follow","max-snippet":"max-snippet:-1","max-image-preview":"max-image-preview:large","max-video-preview":"max-video-preview:-1"},"canonical":"https:\/\/gadzilandia.com\/en\/product\/terrarium-100x50x50-plyta-meblowa-dab-craft-oprawa-e27-led-3\/","og_locale":"en_US","og_type":"article","og_title":"Terrarium 100x50x50 P\u0142yta Meblowa D\u0105b Craft Oprawa E27 Led","og_description":"Poznaj terrarium 100x50x50 cm z opraw\u0105 E27 i LED. Gotowe do u\u017cycia, idealne do hodowli egzotycznych zwierz\u0105t i ro\u015blin.","og_url":"https:\/\/gadzilandia.com\/en\/product\/terrarium-100x50x50-plyta-meblowa-dab-craft-oprawa-e27-led-3\/","og_site_name":"Gadzilandia","article_modified_time":"2026-03-05T21:02:37+00:00","og_image":[{"width":2000,"height":1500,"url":"https:\/\/gadzilandia.com\/wp-content\/uploads\/2026\/03\/20260303_175640.jpg","type":"image\/jpeg"}],"twitter_card":"summary_large_image","twitter_misc":{"Est. reading time":"1 minute"},"schema":{"@context":"https:\/\/schema.org","@graph":[{"@type":"WebPage","@id":"https:\/\/gadzilandia.com\/produkt\/terrarium-100x50x50-plyta-meblowa-dab-craft-oprawa-e27-led-3\/","url":"https:\/\/gadzilandia.com\/produkt\/terrarium-100x50x50-plyta-meblowa-dab-craft-oprawa-e27-led-3\/","name":"Terrarium 100x50x50 z o\u015bwietleniem LED i d\u0105b craft","isPartOf":{"@id":"https:\/\/gadzilandia.com\/#website"},"primaryImageOfPage":{"@id":"https:\/\/gadzilandia.com\/produkt\/terrarium-100x50x50-plyta-meblowa-dab-craft-oprawa-e27-led-3\/#primaryimage"},"image":{"@id":"https:\/\/gadzilandia.com\/produkt\/terrarium-100x50x50-plyta-meblowa-dab-craft-oprawa-e27-led-3\/#primaryimage"},"thumbnailUrl":"https:\/\/gadzilandia.com\/wp-content\/uploads\/2026\/03\/20260303_175640.jpg","datePublished":"2026-03-05T20:52:28+00:00","dateModified":"2026-03-05T21:02:37+00:00","description":"Poznaj terrarium 100x50x50 cm z opraw\u0105 E27 i LED. Gotowe do u\u017cycia, idealne do hodowli egzotycznych zwierz\u0105t i ro\u015blin.","breadcrumb":{"@id":"https:\/\/gadzilandia.com\/produkt\/terrarium-100x50x50-plyta-meblowa-dab-craft-oprawa-e27-led-3\/#breadcrumb"},"inLanguage":"en-US","potentialAction":[{"@type":"ReadAction","target":["https:\/\/gadzilandia.com\/produkt\/terrarium-100x50x50-plyta-meblowa-dab-craft-oprawa-e27-led-3\/"]}]},{"@type":"ImageObject","inLanguage":"en-US","@id":"https:\/\/gadzilandia.com\/produkt\/terrarium-100x50x50-plyta-meblowa-dab-craft-oprawa-e27-led-3\/#primaryimage","url":"https:\/\/gadzilandia.com\/wp-content\/uploads\/2026\/03\/20260303_175640.jpg","contentUrl":"https:\/\/gadzilandia.com\/wp-content\/uploads\/2026\/03\/20260303_175640.jpg","width":2000,"height":1500},{"@type":"BreadcrumbList","@id":"https:\/\/gadzilandia.com\/produkt\/terrarium-100x50x50-plyta-meblowa-dab-craft-oprawa-e27-led-3\/#breadcrumb","itemListElement":[{"@type":"ListItem","position":1,"name":"Home","item":"https:\/\/gadzilandia.com\/"},{"@type":"ListItem","position":2,"name":"Sklep","item":"https:\/\/gadzilandia.com\/sklep\/"},{"@type":"ListItem","position":3,"name":"Terrarium 100x50x50 P\u0142yta Meblowa D\u0105b Craft Oprawa E27 Led"}]},{"@type":"WebSite","@id":"https:\/\/gadzilandia.com\/#website","url":"https:\/\/gadzilandia.com\/","name":"Gadzilandia","description":"Gadzilandia | Sprzeda\u017c Agam Brodatych I Najlepszych Terrari\u00f3w","publisher":{"@id":"https:\/\/gadzilandia.com\/#organization"},"potentialAction":[{"@type":"SearchAction","target":{"@type":"EntryPoint","urlTemplate":"https:\/\/gadzilandia.com\/?s={search_term_string}"},"query-input":{"@type":"PropertyValueSpecification","valueRequired":true,"valueName":"search_term_string"}}],"inLanguage":"en-US"},{"@type":"Organization","@id":"https:\/\/gadzilandia.com\/#organization","name":"Gadzilandia","url":"https:\/\/gadzilandia.com\/","logo":{"@type":"ImageObject","inLanguage":"en-US","@id":"https:\/\/gadzilandia.com\/#\/schema\/logo\/image\/","url":"https:\/\/gadzilandia.com\/wp-content\/uploads\/2026\/02\/cropped-logo-1.png","contentUrl":"https:\/\/gadzilandia.com\/wp-content\/uploads\/2026\/02\/cropped-logo-1.png","width":512,"height":411,"caption":"Gadzilandia"},"image":{"@id":"https:\/\/gadzilandia.com\/#\/schema\/logo\/image\/"}}]}},"_links":{"self":[{"href":"https:\/\/gadzilandia.com\/en\/wp-json\/wp\/v2\/product\/3343","targetHints":{"allow":["GET"]}}],"collection":[{"href":"https:\/\/gadzilandia.com\/en\/wp-json\/wp\/v2\/product"}],"about":[{"href":"https:\/\/gadzilandia.com\/en\/wp-json\/wp\/v2\/types\/product"}],"wp:featuredmedia":[{"embeddable":true,"href":"https:\/\/gadzilandia.com\/en\/wp-json\/wp\/v2\/media\/3346"}],"wp:attachment":[{"href":"https:\/\/gadzilandia.com\/en\/wp-json\/wp\/v2\/media?parent=3343"}],"wp:term":[{"taxonomy":"product_brand","embeddable":true,"href":"https:\/\/gadzilandia.com\/en\/wp-json\/wp\/v2\/product_brand?post=3343"},{"taxonomy":"product_cat","embeddable":true,"href":"https:\/\/gadzilandia.com\/en\/wp-json\/wp\/v2\/product_cat?post=3343"},{"taxonomy":"product_tag","embeddable":true,"href":"https:\/\/gadzilandia.com\/en\/wp-json\/wp\/v2\/product_tag?post=3343"}],"curies":[{"name":"wp","href":"https:\/\/api.w.org\/{rel}","templated":true}]}}