{"id":3296,"date":"2026-02-27T22:32:51","date_gmt":"2026-02-27T22:32:51","guid":{"rendered":"https:\/\/gadzilandia.com\/?post_type=product&#038;p=3296"},"modified":"2026-02-27T22:35:27","modified_gmt":"2026-02-27T22:35:27","slug":"terrarium-80x50x50-plyta-meblowa-mata-grzewcza-3","status":"publish","type":"product","link":"https:\/\/gadzilandia.com\/en\/product\/terrarium-80x50x50-plyta-meblowa-mata-grzewcza-3\/","title":{"rendered":"Terrarium 80x50x50 P\u0142yta Meblowa Mata Grzewcza"},"content":{"rendered":"<h2 class=\"ai-optimize-43\" data-start=\"151\" data-end=\"205\">\ud83e\udd8e Terrarium pustynne 80\u00d750\u00d750 \u2014 gotowe do u\u017cytku<\/h2>\n<p class=\"ai-optimize-44 ai-optimize-introduction\" data-start=\"207\" data-end=\"272\">\ud83d\udccf <strong data-start=\"210\" data-end=\"222\">Wymiary:<\/strong> 80 \u00d7 50 \u00d7 50 cm<br data-start=\"238\" data-end=\"241\" \/>\ud83c\udfa8 <strong data-start=\"244\" data-end=\"254\">Kolor:<\/strong> <em data-start=\"255\" data-end=\"270\">dab sonoma<\/em><\/p>\n<hr data-start=\"274\" data-end=\"277\" \/>\n<h3 class=\"ai-optimize-45\" data-start=\"279\" data-end=\"299\">\u2b50 Przeznaczenie:<\/h3>\n<p class=\"ai-optimize-46\" data-start=\"300\" data-end=\"420\">\u2714 Terrarium <strong data-start=\"312\" data-end=\"324\">pustynne<\/strong> \u2013 idealne dla gatunk\u00f3w sucholubnych<br data-start=\"360\" data-end=\"363\" \/>\u2714 Mo\u017cliwo\u015b\u0107 dalszej rozbudowy wed\u0142ug potrzeb zwierz\u0119cia<\/p>\n<hr data-start=\"422\" data-end=\"425\" \/>\n<h3 class=\"ai-optimize-47\" data-start=\"427\" data-end=\"459\">\ud83d\udd25 Ogrzewanie i o\u015bwietlenie:<\/h3>\n<p class=\"ai-optimize-48\" data-start=\"460\" data-end=\"582\">\u2714 <strong data-start=\"462\" data-end=\"479\">Mata grzewcza<\/strong> \u2014 stabilne dogrzanie pod\u0142o\u017ca<br data-start=\"508\" data-end=\"511\" \/>\u2714 <strong data-start=\"513\" data-end=\"532\">O\u015bwietlenie LED<\/strong> \u2014 do\u015bwietlenie wn\u0119trza i podkre\u015blenie aran\u017cacji<\/p>\n<hr data-start=\"584\" data-end=\"587\" \/>\n<h3 class=\"ai-optimize-49\" data-start=\"589\" data-end=\"604\">\ud83c\udf35 Wystr\u00f3j:<\/h3>\n<p class=\"ai-optimize-50\" data-start=\"605\" data-end=\"712\">\u2714 Pustynny wystr\u00f3j<br data-start=\"623\" data-end=\"626\" \/>\u2714 Dekoracje i elementy aran\u017cacyjne<br data-start=\"660\" data-end=\"663\" \/>\u2714 Gotowe do zamieszkania od razu po pod\u0142\u0105czeniu<\/p>\n<hr data-start=\"714\" data-end=\"717\" \/>\n<h3 class=\"ai-optimize-51\" data-start=\"719\" data-end=\"737\">\ud83d\udd27 W zestawie:<\/h3>\n<ul data-start=\"738\" data-end=\"856\">\n<li class=\"ai-optimize-52\" data-start=\"738\" data-end=\"760\">\n<p class=\"ai-optimize-53\" data-start=\"740\" data-end=\"760\">Terrarium 80\u00d750\u00d750<\/p>\n<\/li>\n<li class=\"ai-optimize-54\" data-start=\"761\" data-end=\"778\">\n<p class=\"ai-optimize-55\" data-start=\"763\" data-end=\"778\">Mata grzewcza<\/p>\n<\/li>\n<li class=\"ai-optimize-56\" data-start=\"779\" data-end=\"798\">\n<p class=\"ai-optimize-57\" data-start=\"781\" data-end=\"798\">LED w zabudowie<\/p>\n<\/li>\n<li class=\"ai-optimize-58\" data-start=\"799\" data-end=\"819\">\n<p class=\"ai-optimize-59\" data-start=\"801\" data-end=\"819\">Wystr\u00f3j pustynny<\/p>\n<\/li>\n<li class=\"ai-optimize-60\" data-start=\"820\" data-end=\"856\">\n<p class=\"ai-optimize-61\" data-start=\"822\" data-end=\"856\">Komplet wentylacji (prz\u00f3d + ty\u0142)<\/p>\n<\/li>\n<\/ul>\n<hr data-start=\"858\" data-end=\"861\" \/>\n<h3 class=\"ai-optimize-62\" data-start=\"863\" data-end=\"887\">\ud83d\udca1 Gotowe do u\u017cytku!<\/h3>\n<p class=\"ai-optimize-63\" data-start=\"888\" data-end=\"924\">Bez przer\u00f3bek \u2014 wystarczy pod\u0142\u0105czy\u0107.<\/p>\n<hr data-start=\"926\" data-end=\"929\" \/>\n<p class=\"ai-optimize-64\" data-start=\"931\" data-end=\"1024\">\ud83d\udce6 <strong data-start=\"934\" data-end=\"969\">Wysy\u0142ka na terenie ca\u0142ej Europy<\/strong><br data-start=\"969\" data-end=\"972\" \/>\ud83d\udccd <strong data-start=\"975\" data-end=\"1024\">Dost\u0119pne od r\u0119ki \u2014 wysy\u0142ka do 3 dni roboczych<\/strong><\/p>\n<hr data-start=\"1026\" data-end=\"1029\" \/>\n<p class=\"ai-optimize-65\" data-start=\"1031\" data-end=\"1087\">* <strong data-start=\"1034\" data-end=\"1085\">Do ka\u017cdego zestawu mo\u017cemy dodatkowo domontowa\u0107:<\/strong><\/p>\n<ul data-start=\"1088\" data-end=\"1221\">\n<li class=\"ai-optimize-66\" data-start=\"1088\" data-end=\"1134\">\n<p class=\"ai-optimize-67\" data-start=\"1090\" data-end=\"1134\">termostat (podstawowy \/ dzie\u0144\u2013noc \/ Wi-Fi)<\/p>\n<\/li>\n<li class=\"ai-optimize-68\" data-start=\"1135\" data-end=\"1162\">\n<p class=\"ai-optimize-69\" data-start=\"1137\" data-end=\"1162\">dodatkowe maty grzewcze<\/p>\n<\/li>\n<li class=\"ai-optimize-70\" data-start=\"1163\" data-end=\"1182\">\n<p class=\"ai-optimize-71\" data-start=\"1165\" data-end=\"1182\">panele pod maty<\/p>\n<\/li>\n<li class=\"ai-optimize-72\" data-start=\"1183\" data-end=\"1207\">\n<p class=\"ai-optimize-73\" data-start=\"1185\" data-end=\"1207\">termometry wbudowane<\/p>\n<\/li>\n<li class=\"ai-optimize-74\" data-start=\"1208\" data-end=\"1221\">\n<p class=\"ai-optimize-75\" data-start=\"1210\" data-end=\"1221\">opraw\u0119 T5<\/p>\n<\/li>\n<\/ul>\n<p class=\"ai-optimize-76\">NR139<\/p>","protected":false},"excerpt":{"rendered":"<p>\ud83e\udd8e Terrarium pustynne 80\u00d750\u00d750 \u2014 gotowe do u\u017cytku \ud83d\udccf Wymiary: 80 \u00d7 50 \u00d7 50 cm\ud83c\udfa8 Kolor: dab sonoma \u2b50 Przeznaczenie: \u2714 Terrarium pustynne \u2013 idealne dla gatunk\u00f3w sucholubnych\u2714 Mo\u017cliwo\u015b\u0107 dalszej rozbudowy wed\u0142ug potrzeb zwierz\u0119cia \ud83d\udd25 Ogrzewanie i o\u015bwietlenie: \u2714 Mata grzewcza \u2014 stabilne dogrzanie pod\u0142o\u017ca\u2714 O\u015bwietlenie LED \u2014 do\u015bwietlenie wn\u0119trza i podkre\u015blenie aran\u017cacji \ud83c\udf35 [&hellip;]<\/p>","protected":false},"featured_media":3298,"template":"","meta":{"_acf_changed":false,"nf_dc_page":"","_monsterinsights_skip_tracking":false,"_monsterinsights_sitenote_active":false,"_monsterinsights_sitenote_note":"","_monsterinsights_sitenote_category":0},"product_brand":[],"product_cat":[42,70,81,76,77,78,79],"product_tag":[200,208,198,197,212,195,210,196,189,209,194,199,214,188,213,190,192,193],"class_list":{"0":"post-3296","1":"product","2":"type-product","3":"status-publish","4":"has-post-thumbnail","6":"product_cat-teraria","7":"product_cat-terraria-80x50x50","8":"product_cat-terraria-dla-boa","9":"product_cat-terraria-dla-gekona","10":"product_cat-terraria-dla-gekona-lamparciego","11":"product_cat-terraria-dla-weza","12":"product_cat-terraria-dla-weza-zbozowego","13":"product_tag-100x50x50","14":"product_tag-60x40x40","15":"product_tag-80x40x40","16":"product_tag-80x50x50","17":"product_tag-glina-z-piaskiem","18":"product_tag-mata-grzewcza","19":"product_tag-oprawa-linowa","20":"product_tag-oprwa-e27","21":"product_tag-plyta-meblowa","22":"product_tag-podwojny-sufit","23":"product_tag-pyton","24":"product_tag-regius","25":"product_tag-termiostat","26":"product_tag-terrarystyka","27":"product_tag-tuba-korkowa","28":"product_tag-wystroj","29":"product_tag-zarowka","30":"product_tag-zbozowka","31":"product_shipping_class-terraria","33":"first","34":"instock","35":"sale","36":"sold-individually","37":"shipping-taxable","38":"purchasable","39":"product-type-simple"},"acf":[],"yoast_head":"<!-- This site is optimized with the Yoast SEO Premium plugin v25.2 (Yoast SEO v25.2) - https:\/\/yoast.com\/wordpress\/plugins\/seo\/ -->\n<title>Terrarium 80x50x50 z mat\u0105 grzewcz\u0105 - idealne dla zwierz\u0105t<\/title>\n<meta name=\"description\" content=\"Poznaj terrarium 80x50x50 z mat\u0105 grzewcz\u0105 i LED. Idealne dla sucholubnych gatunk\u00f3w, gotowe do u\u017cycia od razu po pod\u0142\u0105czeniu.\" \/>\n<meta name=\"robots\" content=\"index, follow, max-snippet:-1, max-image-preview:large, max-video-preview:-1\" \/>\n<link rel=\"canonical\" href=\"https:\/\/gadzilandia.com\/en\/product\/terrarium-80x50x50-plyta-meblowa-mata-grzewcza-3\/\" \/>\n<meta property=\"og:locale\" content=\"en_US\" \/>\n<meta property=\"og:type\" content=\"article\" \/>\n<meta property=\"og:title\" content=\"Terrarium 80x50x50 P\u0142yta Meblowa Mata Grzewcza\" \/>\n<meta property=\"og:description\" content=\"Poznaj terrarium 80x50x50 z mat\u0105 grzewcz\u0105 i LED. Idealne dla sucholubnych gatunk\u00f3w, gotowe do u\u017cycia od razu po pod\u0142\u0105czeniu.\" \/>\n<meta property=\"og:url\" content=\"https:\/\/gadzilandia.com\/en\/product\/terrarium-80x50x50-plyta-meblowa-mata-grzewcza-3\/\" \/>\n<meta property=\"og:site_name\" content=\"Gadzilandia\" \/>\n<meta property=\"article:modified_time\" content=\"2026-02-27T22:35:27+00:00\" \/>\n<meta property=\"og:image\" content=\"https:\/\/gadzilandia.com\/wp-content\/uploads\/2026\/02\/IMG-20260227-WA0048-1.jpg\" \/>\n\t<meta property=\"og:image:width\" content=\"2000\" \/>\n\t<meta property=\"og:image:height\" content=\"1500\" \/>\n\t<meta property=\"og:image:type\" content=\"image\/jpeg\" \/>\n<meta name=\"twitter:card\" content=\"summary_large_image\" \/>\n<meta name=\"twitter:label1\" content=\"Est. reading time\" \/>\n\t<meta name=\"twitter:data1\" content=\"1 minute\" \/>\n<!-- \/ Yoast SEO Premium plugin. -->","yoast_head_json":{"title":"Terrarium 80x50x50 z mat\u0105 grzewcz\u0105 - idealne dla zwierz\u0105t","description":"Poznaj terrarium 80x50x50 z mat\u0105 grzewcz\u0105 i LED. Idealne dla sucholubnych gatunk\u00f3w, gotowe do u\u017cycia od razu po pod\u0142\u0105czeniu.","robots":{"index":"index","follow":"follow","max-snippet":"max-snippet:-1","max-image-preview":"max-image-preview:large","max-video-preview":"max-video-preview:-1"},"canonical":"https:\/\/gadzilandia.com\/en\/product\/terrarium-80x50x50-plyta-meblowa-mata-grzewcza-3\/","og_locale":"en_US","og_type":"article","og_title":"Terrarium 80x50x50 P\u0142yta Meblowa Mata Grzewcza","og_description":"Poznaj terrarium 80x50x50 z mat\u0105 grzewcz\u0105 i LED. Idealne dla sucholubnych gatunk\u00f3w, gotowe do u\u017cycia od razu po pod\u0142\u0105czeniu.","og_url":"https:\/\/gadzilandia.com\/en\/product\/terrarium-80x50x50-plyta-meblowa-mata-grzewcza-3\/","og_site_name":"Gadzilandia","article_modified_time":"2026-02-27T22:35:27+00:00","og_image":[{"width":2000,"height":1500,"url":"https:\/\/gadzilandia.com\/wp-content\/uploads\/2026\/02\/IMG-20260227-WA0048-1.jpg","type":"image\/jpeg"}],"twitter_card":"summary_large_image","twitter_misc":{"Est. reading time":"1 minute"},"schema":{"@context":"https:\/\/schema.org","@graph":[{"@type":"WebPage","@id":"https:\/\/gadzilandia.com\/produkt\/terrarium-80x50x50-plyta-meblowa-mata-grzewcza-3\/","url":"https:\/\/gadzilandia.com\/produkt\/terrarium-80x50x50-plyta-meblowa-mata-grzewcza-3\/","name":"Terrarium 80x50x50 z mat\u0105 grzewcz\u0105 - idealne dla zwierz\u0105t","isPartOf":{"@id":"https:\/\/gadzilandia.com\/#website"},"primaryImageOfPage":{"@id":"https:\/\/gadzilandia.com\/produkt\/terrarium-80x50x50-plyta-meblowa-mata-grzewcza-3\/#primaryimage"},"image":{"@id":"https:\/\/gadzilandia.com\/produkt\/terrarium-80x50x50-plyta-meblowa-mata-grzewcza-3\/#primaryimage"},"thumbnailUrl":"https:\/\/gadzilandia.com\/wp-content\/uploads\/2026\/02\/IMG-20260227-WA0048-1.jpg","datePublished":"2026-02-27T22:32:51+00:00","dateModified":"2026-02-27T22:35:27+00:00","description":"Poznaj terrarium 80x50x50 z mat\u0105 grzewcz\u0105 i LED. Idealne dla sucholubnych gatunk\u00f3w, gotowe do u\u017cycia od razu po pod\u0142\u0105czeniu.","breadcrumb":{"@id":"https:\/\/gadzilandia.com\/produkt\/terrarium-80x50x50-plyta-meblowa-mata-grzewcza-3\/#breadcrumb"},"inLanguage":"en-US","potentialAction":[{"@type":"ReadAction","target":["https:\/\/gadzilandia.com\/produkt\/terrarium-80x50x50-plyta-meblowa-mata-grzewcza-3\/"]}]},{"@type":"ImageObject","inLanguage":"en-US","@id":"https:\/\/gadzilandia.com\/produkt\/terrarium-80x50x50-plyta-meblowa-mata-grzewcza-3\/#primaryimage","url":"https:\/\/gadzilandia.com\/wp-content\/uploads\/2026\/02\/IMG-20260227-WA0048-1.jpg","contentUrl":"https:\/\/gadzilandia.com\/wp-content\/uploads\/2026\/02\/IMG-20260227-WA0048-1.jpg","width":2000,"height":1500},{"@type":"BreadcrumbList","@id":"https:\/\/gadzilandia.com\/produkt\/terrarium-80x50x50-plyta-meblowa-mata-grzewcza-3\/#breadcrumb","itemListElement":[{"@type":"ListItem","position":1,"name":"Home","item":"https:\/\/gadzilandia.com\/"},{"@type":"ListItem","position":2,"name":"Sklep","item":"https:\/\/gadzilandia.com\/sklep\/"},{"@type":"ListItem","position":3,"name":"Terrarium 80x50x50 P\u0142yta Meblowa Mata Grzewcza"}]},{"@type":"WebSite","@id":"https:\/\/gadzilandia.com\/#website","url":"https:\/\/gadzilandia.com\/","name":"Gadzilandia","description":"Gadzilandia | Sprzeda\u017c Agam Brodatych I Najlepszych Terrari\u00f3w","publisher":{"@id":"https:\/\/gadzilandia.com\/#organization"},"potentialAction":[{"@type":"SearchAction","target":{"@type":"EntryPoint","urlTemplate":"https:\/\/gadzilandia.com\/?s={search_term_string}"},"query-input":{"@type":"PropertyValueSpecification","valueRequired":true,"valueName":"search_term_string"}}],"inLanguage":"en-US"},{"@type":"Organization","@id":"https:\/\/gadzilandia.com\/#organization","name":"Gadzilandia","url":"https:\/\/gadzilandia.com\/","logo":{"@type":"ImageObject","inLanguage":"en-US","@id":"https:\/\/gadzilandia.com\/#\/schema\/logo\/image\/","url":"https:\/\/gadzilandia.com\/wp-content\/uploads\/2026\/02\/cropped-logo-1.png","contentUrl":"https:\/\/gadzilandia.com\/wp-content\/uploads\/2026\/02\/cropped-logo-1.png","width":512,"height":411,"caption":"Gadzilandia"},"image":{"@id":"https:\/\/gadzilandia.com\/#\/schema\/logo\/image\/"}}]}},"_links":{"self":[{"href":"https:\/\/gadzilandia.com\/en\/wp-json\/wp\/v2\/product\/3296","targetHints":{"allow":["GET"]}}],"collection":[{"href":"https:\/\/gadzilandia.com\/en\/wp-json\/wp\/v2\/product"}],"about":[{"href":"https:\/\/gadzilandia.com\/en\/wp-json\/wp\/v2\/types\/product"}],"wp:featuredmedia":[{"embeddable":true,"href":"https:\/\/gadzilandia.com\/en\/wp-json\/wp\/v2\/media\/3298"}],"wp:attachment":[{"href":"https:\/\/gadzilandia.com\/en\/wp-json\/wp\/v2\/media?parent=3296"}],"wp:term":[{"taxonomy":"product_brand","embeddable":true,"href":"https:\/\/gadzilandia.com\/en\/wp-json\/wp\/v2\/product_brand?post=3296"},{"taxonomy":"product_cat","embeddable":true,"href":"https:\/\/gadzilandia.com\/en\/wp-json\/wp\/v2\/product_cat?post=3296"},{"taxonomy":"product_tag","embeddable":true,"href":"https:\/\/gadzilandia.com\/en\/wp-json\/wp\/v2\/product_tag?post=3296"}],"curies":[{"name":"wp","href":"https:\/\/api.w.org\/{rel}","templated":true}]}}