{"id":3085,"date":"2026-01-25T10:38:33","date_gmt":"2026-01-25T10:38:33","guid":{"rendered":"https:\/\/gadzilandia.com\/?post_type=product&#038;p=3085"},"modified":"2026-02-07T12:26:28","modified_gmt":"2026-02-07T12:26:28","slug":"terrarium-100x40x40-mata-grzewcza-plyta-meblowa-gekon-waz-agama","status":"publish","type":"product","link":"https:\/\/gadzilandia.com\/en\/product\/terrarium-100x40x40-mata-grzewcza-plyta-meblowa-gekon-waz-agama\/","title":{"rendered":"Terrarium 100x40x40 Mata Grzewcza P\u0142yta meblowa Gekon W\u0105\u017c Agama"},"content":{"rendered":"<h2 class=\"ai-optimize-43\" data-start=\"151\" data-end=\"211\">\ud83e\udd8e Terrarium 100\u00d740\u00d740 \u2014 kompaktowe i gotowe do u\u017cycia!<\/h2>\n<p class=\"ai-optimize-44 ai-optimize-introduction\" data-start=\"213\" data-end=\"268\">\ud83d\udccf <strong data-start=\"216\" data-end=\"228\">Wymiary:<\/strong> 100\u00d740\u00d740 cm<br data-start=\"241\" data-end=\"244\" \/>\ud83c\udfa8 <strong data-start=\"247\" data-end=\"257\">Kolor:<\/strong> bia\u0142e<\/p>\n<hr data-start=\"270\" data-end=\"273\" \/>\n<h3 class=\"ai-optimize-45\" data-start=\"275\" data-end=\"293\">\u2b50 Wyposa\u017cenie:<\/h3>\n<p class=\"ai-optimize-46\" data-start=\"294\" data-end=\"462\">\u2714 Mata grzewcza<br data-start=\"366\" data-end=\"369\" \/>\u2714 <strong data-start=\"371\" data-end=\"390\">LED w zabudowie<\/strong> \u2014 r\u00f3wnomierne do\u015bwietlenie wn\u0119trza<br data-start=\"425\" data-end=\"428\" \/>\u2714 <strong data-start=\"430\" data-end=\"460\">Wystr\u00f3j + sztuczne ro\u015bliny<\/strong><\/p>\n<hr data-start=\"464\" data-end=\"467\" \/>\n<h3 class=\"ai-optimize-47\" data-start=\"469\" data-end=\"487\">\ud83d\udd27 W zestawie:<\/h3>\n<ul data-start=\"488\" data-end=\"617\">\n<li class=\"ai-optimize-48\" data-start=\"488\" data-end=\"511\">\n<p class=\"ai-optimize-49\" data-start=\"490\" data-end=\"511\">Terrarium 100\u00d740\u00d740<\/p>\n<\/li>\n<li class=\"ai-optimize-50\" data-start=\"512\" data-end=\"529\">\n<p class=\"ai-optimize-51\" data-start=\"514\" data-end=\"529\">Mata grzewcza<\/p>\n<\/li>\n<li class=\"ai-optimize-52\" data-start=\"530\" data-end=\"549\">\n<p class=\"ai-optimize-53\" data-start=\"532\" data-end=\"549\">LED w zabudowie<\/p>\n<\/li>\n<li class=\"ai-optimize-54\" data-start=\"550\" data-end=\"586\">\n<p class=\"ai-optimize-55\" data-start=\"552\" data-end=\"586\">Komplet wentylacji (prz\u00f3d + ty\u0142)<\/p>\n<\/li>\n<li class=\"ai-optimize-56\" data-start=\"587\" data-end=\"617\">\n<p class=\"ai-optimize-57\" data-start=\"589\" data-end=\"617\">Wystr\u00f3j + sztuczne ro\u015bliny<\/p>\n<\/li>\n<\/ul>\n<hr data-start=\"619\" data-end=\"622\" \/>\n<h3 class=\"ai-optimize-58\" data-start=\"624\" data-end=\"648\">\ud83d\udca1 Gotowe do u\u017cytku!<\/h3>\n<p class=\"ai-optimize-59\" data-start=\"649\" data-end=\"706\">Nie wymaga dodatkowych przer\u00f3bek \u2014 wystarczy pod\u0142\u0105czy\u0107.<\/p>\n<hr data-start=\"708\" data-end=\"711\" \/>\n<p class=\"ai-optimize-60\" data-start=\"713\" data-end=\"799\">\ud83d\udce6 Wysy\u0142ka na terenie ca\u0142ej Europy<br data-start=\"747\" data-end=\"750\" \/>\ud83d\udccd Dost\u0119pne od r\u0119ki, wysy\u0142ka do 3 dni roboczych<\/p>\n<hr data-start=\"801\" data-end=\"804\" \/>\n<p class=\"ai-optimize-61\" data-start=\"806\" data-end=\"862\">* <strong data-start=\"809\" data-end=\"860\">Do ka\u017cdego zestawu mo\u017cemy dodatkowo domontowa\u0107:<\/strong><\/p>\n<ul data-start=\"863\" data-end=\"984\">\n<li class=\"ai-optimize-62\" data-start=\"863\" data-end=\"907\">\n<p class=\"ai-optimize-63\" data-start=\"865\" data-end=\"907\">termostat (podstawowy, dzie\u0144\/noc, Wi-Fi)<\/p>\n<\/li>\n<li class=\"ai-optimize-64\" data-start=\"908\" data-end=\"925\">\n<p class=\"ai-optimize-65\" data-start=\"910\" data-end=\"925\">maty grzewcze<\/p>\n<\/li>\n<li class=\"ai-optimize-66\" data-start=\"926\" data-end=\"945\">\n<p class=\"ai-optimize-67\" data-start=\"928\" data-end=\"945\">panele pod maty<\/p>\n<\/li>\n<li class=\"ai-optimize-68\" data-start=\"946\" data-end=\"970\">\n<p class=\"ai-optimize-69\" data-start=\"948\" data-end=\"970\">termometry wbudowane<\/p>\n<\/li>\n<li class=\"ai-optimize-70\" data-start=\"971\" data-end=\"984\">\n<p class=\"ai-optimize-71\" data-start=\"973\" data-end=\"984\">opraw\u0119 T5<\/p>\n<\/li>\n<\/ul>\n<p class=\"ai-optimize-43\">NR118<\/p>","protected":false},"excerpt":{"rendered":"<p>\ud83e\udd8e Terrarium 100\u00d740\u00d740 \u2014 kompaktowe i gotowe do u\u017cycia! \ud83d\udccf Wymiary: 100\u00d740\u00d740 cm\ud83c\udfa8 Kolor: bia\u0142e \u2b50 Wyposa\u017cenie: \u2714 Mata grzewcza\u2714 LED w zabudowie \u2014 r\u00f3wnomierne do\u015bwietlenie wn\u0119trza\u2714 Wystr\u00f3j + sztuczne ro\u015bliny \ud83d\udd27 W zestawie: Terrarium 100\u00d740\u00d740 Mata grzewcza LED w zabudowie Komplet wentylacji (prz\u00f3d + ty\u0142) Wystr\u00f3j + sztuczne ro\u015bliny \ud83d\udca1 Gotowe do u\u017cytku! Nie [&hellip;]<\/p>","protected":false},"featured_media":3087,"template":"","meta":{"_acf_changed":false,"nf_dc_page":"","_monsterinsights_skip_tracking":false,"_monsterinsights_sitenote_active":false,"_monsterinsights_sitenote_note":"","_monsterinsights_sitenote_category":0},"product_brand":[],"product_cat":[42,71,82,81,76,77,78,79],"product_tag":[49,200,202,207,208,198,197,191,211,212,195,210,196,189,209,194,199,214,188,213,190,192,193],"class_list":{"0":"post-3085","1":"product","2":"type-product","3":"status-publish","4":"has-post-thumbnail","6":"product_cat-teraria","7":"product_cat-terraria-100x40x40","8":"product_cat-terraria-dla-agamy","9":"product_cat-terraria-dla-boa","10":"product_cat-terraria-dla-gekona","11":"product_cat-terraria-dla-gekona-lamparciego","12":"product_cat-terraria-dla-weza","13":"product_cat-terraria-dla-weza-zbozowego","14":"product_tag-termostat","15":"product_tag-100x50x50","16":"product_tag-120x50x50","17":"product_tag-120x60x60","18":"product_tag-60x40x40","19":"product_tag-80x40x40","20":"product_tag-80x50x50","21":"product_tag-e27","22":"product_tag-glina","23":"product_tag-glina-z-piaskiem","24":"product_tag-mata-grzewcza","25":"product_tag-oprawa-linowa","26":"product_tag-oprwa-e27","27":"product_tag-plyta-meblowa","28":"product_tag-podwojny-sufit","29":"product_tag-pyton","30":"product_tag-regius","31":"product_tag-termiostat","32":"product_tag-terrarystyka","33":"product_tag-tuba-korkowa","34":"product_tag-wystroj","35":"product_tag-zarowka","36":"product_tag-zbozowka","37":"product_shipping_class-terraria","39":"first","40":"outofstock","41":"sale","42":"sold-individually","43":"shipping-taxable","44":"purchasable","45":"product-type-simple"},"acf":[],"yoast_head":"<!-- This site is optimized with the Yoast SEO Premium plugin v25.2 (Yoast SEO v25.2) - https:\/\/yoast.com\/wordpress\/plugins\/seo\/ -->\n<title>Terrarium 100x40x40 z mat\u0105 grzewcz\u0105 i LED \u2013 gotowe do u\u017cytku<\/title>\n<meta name=\"description\" content=\"Odkryj terrarium 100x40x40 z mat\u0105 grzewcz\u0105 i o\u015bwietleniem LED, idealne dla gekon\u00f3w i w\u0119\u017cy. Sprawd\u017a jego funkcje i dost\u0119pno\u015b\u0107.\" \/>\n<meta name=\"robots\" content=\"index, follow, max-snippet:-1, max-image-preview:large, max-video-preview:-1\" \/>\n<link rel=\"canonical\" href=\"https:\/\/gadzilandia.com\/en\/product\/terrarium-100x40x40-mata-grzewcza-plyta-meblowa-gekon-waz-agama\/\" \/>\n<meta property=\"og:locale\" content=\"en_US\" \/>\n<meta property=\"og:type\" content=\"article\" \/>\n<meta property=\"og:title\" content=\"Terrarium 100x40x40 Mata Grzewcza P\u0142yta meblowa Gekon W\u0105\u017c Agama\" \/>\n<meta property=\"og:description\" content=\"Odkryj terrarium 100x40x40 z mat\u0105 grzewcz\u0105 i o\u015bwietleniem LED, idealne dla gekon\u00f3w i w\u0119\u017cy. Sprawd\u017a jego funkcje i dost\u0119pno\u015b\u0107.\" \/>\n<meta property=\"og:url\" content=\"https:\/\/gadzilandia.com\/en\/product\/terrarium-100x40x40-mata-grzewcza-plyta-meblowa-gekon-waz-agama\/\" \/>\n<meta property=\"og:site_name\" content=\"Gadzilandia\" \/>\n<meta property=\"article:modified_time\" content=\"2026-02-07T12:26:28+00:00\" \/>\n<meta property=\"og:image\" content=\"https:\/\/gadzilandia.com\/wp-content\/uploads\/2026\/01\/20260123_193210.jpg\" \/>\n\t<meta property=\"og:image:width\" content=\"2000\" \/>\n\t<meta property=\"og:image:height\" content=\"1500\" \/>\n\t<meta property=\"og:image:type\" content=\"image\/jpeg\" \/>\n<meta name=\"twitter:card\" content=\"summary_large_image\" \/>\n<meta name=\"twitter:label1\" content=\"Est. reading time\" \/>\n\t<meta name=\"twitter:data1\" content=\"1 minute\" \/>\n<!-- \/ Yoast SEO Premium plugin. -->","yoast_head_json":{"title":"Terrarium 100x40x40 z mat\u0105 grzewcz\u0105 i LED \u2013 gotowe do u\u017cytku","description":"Odkryj terrarium 100x40x40 z mat\u0105 grzewcz\u0105 i o\u015bwietleniem LED, idealne dla gekon\u00f3w i w\u0119\u017cy. Sprawd\u017a jego funkcje i dost\u0119pno\u015b\u0107.","robots":{"index":"index","follow":"follow","max-snippet":"max-snippet:-1","max-image-preview":"max-image-preview:large","max-video-preview":"max-video-preview:-1"},"canonical":"https:\/\/gadzilandia.com\/en\/product\/terrarium-100x40x40-mata-grzewcza-plyta-meblowa-gekon-waz-agama\/","og_locale":"en_US","og_type":"article","og_title":"Terrarium 100x40x40 Mata Grzewcza P\u0142yta meblowa Gekon W\u0105\u017c Agama","og_description":"Odkryj terrarium 100x40x40 z mat\u0105 grzewcz\u0105 i o\u015bwietleniem LED, idealne dla gekon\u00f3w i w\u0119\u017cy. Sprawd\u017a jego funkcje i dost\u0119pno\u015b\u0107.","og_url":"https:\/\/gadzilandia.com\/en\/product\/terrarium-100x40x40-mata-grzewcza-plyta-meblowa-gekon-waz-agama\/","og_site_name":"Gadzilandia","article_modified_time":"2026-02-07T12:26:28+00:00","og_image":[{"width":2000,"height":1500,"url":"https:\/\/gadzilandia.com\/wp-content\/uploads\/2026\/01\/20260123_193210.jpg","type":"image\/jpeg"}],"twitter_card":"summary_large_image","twitter_misc":{"Est. reading time":"1 minute"},"schema":{"@context":"https:\/\/schema.org","@graph":[{"@type":"WebPage","@id":"https:\/\/gadzilandia.com\/produkt\/terrarium-100x40x40-mata-grzewcza-plyta-meblowa-gekon-waz-agama\/","url":"https:\/\/gadzilandia.com\/produkt\/terrarium-100x40x40-mata-grzewcza-plyta-meblowa-gekon-waz-agama\/","name":"Terrarium 100x40x40 z mat\u0105 grzewcz\u0105 i LED \u2013 gotowe do u\u017cytku","isPartOf":{"@id":"https:\/\/gadzilandia.com\/#website"},"primaryImageOfPage":{"@id":"https:\/\/gadzilandia.com\/produkt\/terrarium-100x40x40-mata-grzewcza-plyta-meblowa-gekon-waz-agama\/#primaryimage"},"image":{"@id":"https:\/\/gadzilandia.com\/produkt\/terrarium-100x40x40-mata-grzewcza-plyta-meblowa-gekon-waz-agama\/#primaryimage"},"thumbnailUrl":"https:\/\/gadzilandia.com\/wp-content\/uploads\/2026\/01\/20260123_193210.jpg","datePublished":"2026-01-25T10:38:33+00:00","dateModified":"2026-02-07T12:26:28+00:00","description":"Odkryj terrarium 100x40x40 z mat\u0105 grzewcz\u0105 i o\u015bwietleniem LED, idealne dla gekon\u00f3w i w\u0119\u017cy. Sprawd\u017a jego funkcje i dost\u0119pno\u015b\u0107.","breadcrumb":{"@id":"https:\/\/gadzilandia.com\/produkt\/terrarium-100x40x40-mata-grzewcza-plyta-meblowa-gekon-waz-agama\/#breadcrumb"},"inLanguage":"en-US","potentialAction":[{"@type":"ReadAction","target":["https:\/\/gadzilandia.com\/produkt\/terrarium-100x40x40-mata-grzewcza-plyta-meblowa-gekon-waz-agama\/"]}]},{"@type":"ImageObject","inLanguage":"en-US","@id":"https:\/\/gadzilandia.com\/produkt\/terrarium-100x40x40-mata-grzewcza-plyta-meblowa-gekon-waz-agama\/#primaryimage","url":"https:\/\/gadzilandia.com\/wp-content\/uploads\/2026\/01\/20260123_193210.jpg","contentUrl":"https:\/\/gadzilandia.com\/wp-content\/uploads\/2026\/01\/20260123_193210.jpg","width":2000,"height":1500},{"@type":"BreadcrumbList","@id":"https:\/\/gadzilandia.com\/produkt\/terrarium-100x40x40-mata-grzewcza-plyta-meblowa-gekon-waz-agama\/#breadcrumb","itemListElement":[{"@type":"ListItem","position":1,"name":"Home","item":"https:\/\/gadzilandia.com\/"},{"@type":"ListItem","position":2,"name":"Sklep","item":"https:\/\/gadzilandia.com\/sklep\/"},{"@type":"ListItem","position":3,"name":"Terrarium 100x40x40 Mata Grzewcza P\u0142yta meblowa Gekon W\u0105\u017c Agama"}]},{"@type":"WebSite","@id":"https:\/\/gadzilandia.com\/#website","url":"https:\/\/gadzilandia.com\/","name":"Gadzilandia","description":"Gadzilandia | Sprzeda\u017c Agam Brodatych I Najlepszych Terrari\u00f3w","publisher":{"@id":"https:\/\/gadzilandia.com\/#organization"},"potentialAction":[{"@type":"SearchAction","target":{"@type":"EntryPoint","urlTemplate":"https:\/\/gadzilandia.com\/?s={search_term_string}"},"query-input":{"@type":"PropertyValueSpecification","valueRequired":true,"valueName":"search_term_string"}}],"inLanguage":"en-US"},{"@type":"Organization","@id":"https:\/\/gadzilandia.com\/#organization","name":"Gadzilandia","url":"https:\/\/gadzilandia.com\/","logo":{"@type":"ImageObject","inLanguage":"en-US","@id":"https:\/\/gadzilandia.com\/#\/schema\/logo\/image\/","url":"https:\/\/gadzilandia.com\/wp-content\/uploads\/2026\/02\/cropped-logo-1.png","contentUrl":"https:\/\/gadzilandia.com\/wp-content\/uploads\/2026\/02\/cropped-logo-1.png","width":512,"height":411,"caption":"Gadzilandia"},"image":{"@id":"https:\/\/gadzilandia.com\/#\/schema\/logo\/image\/"}}]}},"_links":{"self":[{"href":"https:\/\/gadzilandia.com\/en\/wp-json\/wp\/v2\/product\/3085","targetHints":{"allow":["GET"]}}],"collection":[{"href":"https:\/\/gadzilandia.com\/en\/wp-json\/wp\/v2\/product"}],"about":[{"href":"https:\/\/gadzilandia.com\/en\/wp-json\/wp\/v2\/types\/product"}],"wp:featuredmedia":[{"embeddable":true,"href":"https:\/\/gadzilandia.com\/en\/wp-json\/wp\/v2\/media\/3087"}],"wp:attachment":[{"href":"https:\/\/gadzilandia.com\/en\/wp-json\/wp\/v2\/media?parent=3085"}],"wp:term":[{"taxonomy":"product_brand","embeddable":true,"href":"https:\/\/gadzilandia.com\/en\/wp-json\/wp\/v2\/product_brand?post=3085"},{"taxonomy":"product_cat","embeddable":true,"href":"https:\/\/gadzilandia.com\/en\/wp-json\/wp\/v2\/product_cat?post=3085"},{"taxonomy":"product_tag","embeddable":true,"href":"https:\/\/gadzilandia.com\/en\/wp-json\/wp\/v2\/product_tag?post=3085"}],"curies":[{"name":"wp","href":"https:\/\/api.w.org\/{rel}","templated":true}]}}