{"id":2713,"date":"2025-12-22T08:25:07","date_gmt":"2025-12-22T08:25:07","guid":{"rendered":"https:\/\/gadzilandia.com\/?post_type=product&#038;p=2713"},"modified":"2025-12-22T08:26:40","modified_gmt":"2025-12-22T08:26:40","slug":"wlokno-kokosowe-25l","status":"publish","type":"product","link":"https:\/\/gadzilandia.com\/en\/product\/wlokno-kokosowe-25l\/","title":{"rendered":"W\u0142\u00f3kno kokosowe 25L"},"content":{"rendered":"<p class=\"ai-optimize-52 ai-optimize-introduction\" data-start=\"100\" data-end=\"145\"><strong data-start=\"100\" data-end=\"145\">GIGACOCO 25L \u2013 W\u0142\u00f3kna Kokosowe Giganterra<\/strong><\/p>\n<p class=\"ai-optimize-53\" data-start=\"147\" data-end=\"388\">GIGACOCO 10L to gotowe do u\u017cycia, naturalne pod\u0142o\u017ce kokosowe przeznaczone do terrari\u00f3w dla gad\u00f3w, p\u0142az\u00f3w oraz bezkr\u0119gowc\u00f3w. Umo\u017cliwia stworzenie \u015brodowiska \u017cycia zbli\u017conego do naturalnego, wspieraj\u0105c komfort i prawid\u0142owe zachowanie zwierz\u0105t.<\/p>\n<p class=\"ai-optimize-54\" data-start=\"390\" data-end=\"676\">Pod\u0142o\u017ce wykonane z wysokiej jako\u015bci w\u0142\u00f3kien i kory kokosowej doskonale sprawdza si\u0119 w terrariach wilgotnych, p\u00f3\u0142wilgotnych oraz suchych. Zbite w\u0142\u00f3kna charakteryzuj\u0105 si\u0119 wysok\u0105 retencj\u0105 wilgoci, co pomaga utrzyma\u0107 stabilne warunki w terrarium, a jednocze\u015bnie s\u0105 odporne na rozw\u00f3j ple\u015bni.<\/p>\n<p class=\"ai-optimize-55\" data-start=\"678\" data-end=\"891\">Produkt jest w 100% naturalny, biodegradowalny i bezpieczny dla zwierz\u0105t. Dzi\u0119ki gotowej formie mo\u017ce by\u0107 u\u017cywany bezpo\u015brednio po otwarciu opakowania \u2013 bez konieczno\u015bci dodawania wody lub dodatkowego przygotowania.<\/p>\n<p class=\"ai-optimize-56\" data-start=\"893\" data-end=\"913\"><strong data-start=\"893\" data-end=\"913\">Zalety produktu:<\/strong><\/p>\n<ul data-start=\"914\" data-end=\"1141\">\n<li class=\"ai-optimize-57\" data-start=\"914\" data-end=\"951\">\n<p class=\"ai-optimize-58\" data-start=\"916\" data-end=\"951\">gotowe do u\u017cycia pod\u0142o\u017ce kokosowe<\/p>\n<\/li>\n<li class=\"ai-optimize-59\" data-start=\"952\" data-end=\"988\">\n<p class=\"ai-optimize-60\" data-start=\"954\" data-end=\"988\">naturalne w\u0142\u00f3kna i kora kokosowa<\/p>\n<\/li>\n<li class=\"ai-optimize-61\" data-start=\"989\" data-end=\"1037\">\n<p class=\"ai-optimize-62\" data-start=\"991\" data-end=\"1037\">odpowiednie dla gad\u00f3w, p\u0142az\u00f3w i bezkr\u0119gowc\u00f3w<\/p>\n<\/li>\n<li class=\"ai-optimize-63\" data-start=\"1038\" data-end=\"1065\">\n<p class=\"ai-optimize-64\" data-start=\"1040\" data-end=\"1065\">wysoka retencja wilgoci<\/p>\n<\/li>\n<li class=\"ai-optimize-65\" data-start=\"1066\" data-end=\"1088\">\n<p class=\"ai-optimize-66\" data-start=\"1068\" data-end=\"1088\">odporno\u015b\u0107 na ple\u015b\u0144<\/p>\n<\/li>\n<li class=\"ai-optimize-67\" data-start=\"1089\" data-end=\"1141\">\n<p class=\"ai-optimize-68\" data-start=\"1091\" data-end=\"1141\">do terrari\u00f3w wilgotnych, p\u00f3\u0142wilgotnych i suchych<\/p>\n<\/li>\n<\/ul>\n<p class=\"ai-optimize-69\" data-start=\"1143\" data-end=\"1164\"><strong data-start=\"1143\" data-end=\"1157\">Pojemno\u015b\u0107:<\/strong> 25 L<\/p>","protected":false},"excerpt":{"rendered":"<p>GIGACOCO 25L \u2013 W\u0142\u00f3kna Kokosowe Giganterra GIGACOCO 10L to gotowe do u\u017cycia, naturalne pod\u0142o\u017ce kokosowe przeznaczone do terrari\u00f3w dla gad\u00f3w, p\u0142az\u00f3w oraz bezkr\u0119gowc\u00f3w. Umo\u017cliwia stworzenie \u015brodowiska \u017cycia zbli\u017conego do naturalnego, wspieraj\u0105c komfort i prawid\u0142owe zachowanie zwierz\u0105t. Pod\u0142o\u017ce wykonane z wysokiej jako\u015bci w\u0142\u00f3kien i kory kokosowej doskonale sprawdza si\u0119 w terrariach wilgotnych, p\u00f3\u0142wilgotnych oraz suchych. Zbite [&hellip;]<\/p>","protected":false},"featured_media":2714,"template":"","meta":{"_acf_changed":false,"nf_dc_page":"","_monsterinsights_skip_tracking":false,"_monsterinsights_sitenote_active":false,"_monsterinsights_sitenote_note":"","_monsterinsights_sitenote_category":0},"product_brand":[],"product_cat":[37],"product_tag":[215,216],"class_list":{"0":"post-2713","1":"product","2":"type-product","3":"status-publish","4":"has-post-thumbnail","6":"product_cat-akcesoria-do-terrarium","7":"product_tag-kokos","8":"product_tag-podloze","9":"product_shipping_class-lekkie","11":"first","12":"instock","13":"shipping-taxable","14":"purchasable","15":"product-type-simple"},"acf":[],"yoast_head":"<!-- This site is optimized with the Yoast SEO Premium plugin v25.2 (Yoast SEO v25.2) - https:\/\/yoast.com\/wordpress\/plugins\/seo\/ -->\n<title>W\u0142\u00f3kno kokosowe 25L \u2013 naturalne pod\u0142o\u017ce do terrari\u00f3w<\/title>\n<meta name=\"description\" content=\"Odkryj, jak w\u0142\u00f3kno kokosowe 25L wspiera komfort gad\u00f3w i p\u0142az\u00f3w, utrzymuj\u0105c idealne warunki w terrarium dzi\u0119ki wysokiej retencji wilgoci.\" \/>\n<meta name=\"robots\" content=\"index, follow, max-snippet:-1, max-image-preview:large, max-video-preview:-1\" \/>\n<link rel=\"canonical\" href=\"https:\/\/gadzilandia.com\/en\/product\/wlokno-kokosowe-25l\/\" \/>\n<meta property=\"og:locale\" content=\"en_US\" \/>\n<meta property=\"og:type\" content=\"article\" \/>\n<meta property=\"og:title\" content=\"W\u0142\u00f3kno kokosowe 25L\" \/>\n<meta property=\"og:description\" content=\"Odkryj, jak w\u0142\u00f3kno kokosowe 25L wspiera komfort gad\u00f3w i p\u0142az\u00f3w, utrzymuj\u0105c idealne warunki w terrarium dzi\u0119ki wysokiej retencji wilgoci.\" \/>\n<meta property=\"og:url\" content=\"https:\/\/gadzilandia.com\/en\/product\/wlokno-kokosowe-25l\/\" \/>\n<meta property=\"og:site_name\" content=\"Gadzilandia\" \/>\n<meta property=\"article:modified_time\" content=\"2025-12-22T08:26:40+00:00\" \/>\n<meta property=\"og:image\" content=\"https:\/\/gadzilandia.com\/wp-content\/uploads\/2025\/12\/gigacoco-25l.jpg\" \/>\n\t<meta property=\"og:image:width\" content=\"800\" \/>\n\t<meta property=\"og:image:height\" content=\"800\" \/>\n\t<meta property=\"og:image:type\" content=\"image\/jpeg\" \/>\n<meta name=\"twitter:card\" content=\"summary_large_image\" \/>\n<meta name=\"twitter:label1\" content=\"Est. reading time\" \/>\n\t<meta name=\"twitter:data1\" content=\"2 minutes\" \/>\n<!-- \/ Yoast SEO Premium plugin. -->","yoast_head_json":{"title":"W\u0142\u00f3kno kokosowe 25L \u2013 naturalne pod\u0142o\u017ce do terrari\u00f3w","description":"Odkryj, jak w\u0142\u00f3kno kokosowe 25L wspiera komfort gad\u00f3w i p\u0142az\u00f3w, utrzymuj\u0105c idealne warunki w terrarium dzi\u0119ki wysokiej retencji wilgoci.","robots":{"index":"index","follow":"follow","max-snippet":"max-snippet:-1","max-image-preview":"max-image-preview:large","max-video-preview":"max-video-preview:-1"},"canonical":"https:\/\/gadzilandia.com\/en\/product\/wlokno-kokosowe-25l\/","og_locale":"en_US","og_type":"article","og_title":"W\u0142\u00f3kno kokosowe 25L","og_description":"Odkryj, jak w\u0142\u00f3kno kokosowe 25L wspiera komfort gad\u00f3w i p\u0142az\u00f3w, utrzymuj\u0105c idealne warunki w terrarium dzi\u0119ki wysokiej retencji wilgoci.","og_url":"https:\/\/gadzilandia.com\/en\/product\/wlokno-kokosowe-25l\/","og_site_name":"Gadzilandia","article_modified_time":"2025-12-22T08:26:40+00:00","og_image":[{"width":800,"height":800,"url":"https:\/\/gadzilandia.com\/wp-content\/uploads\/2025\/12\/gigacoco-25l.jpg","type":"image\/jpeg"}],"twitter_card":"summary_large_image","twitter_misc":{"Est. reading time":"2 minutes"},"schema":{"@context":"https:\/\/schema.org","@graph":[{"@type":"WebPage","@id":"https:\/\/gadzilandia.com\/produkt\/wlokno-kokosowe-25l\/","url":"https:\/\/gadzilandia.com\/produkt\/wlokno-kokosowe-25l\/","name":"W\u0142\u00f3kno kokosowe 25L \u2013 naturalne pod\u0142o\u017ce do terrari\u00f3w","isPartOf":{"@id":"https:\/\/gadzilandia.com\/#website"},"primaryImageOfPage":{"@id":"https:\/\/gadzilandia.com\/produkt\/wlokno-kokosowe-25l\/#primaryimage"},"image":{"@id":"https:\/\/gadzilandia.com\/produkt\/wlokno-kokosowe-25l\/#primaryimage"},"thumbnailUrl":"https:\/\/gadzilandia.com\/wp-content\/uploads\/2025\/12\/gigacoco-25l.jpg","datePublished":"2025-12-22T08:25:07+00:00","dateModified":"2025-12-22T08:26:40+00:00","description":"Odkryj, jak w\u0142\u00f3kno kokosowe 25L wspiera komfort gad\u00f3w i p\u0142az\u00f3w, utrzymuj\u0105c idealne warunki w terrarium dzi\u0119ki wysokiej retencji wilgoci.","breadcrumb":{"@id":"https:\/\/gadzilandia.com\/produkt\/wlokno-kokosowe-25l\/#breadcrumb"},"inLanguage":"en-US","potentialAction":[{"@type":"ReadAction","target":["https:\/\/gadzilandia.com\/produkt\/wlokno-kokosowe-25l\/"]}]},{"@type":"ImageObject","inLanguage":"en-US","@id":"https:\/\/gadzilandia.com\/produkt\/wlokno-kokosowe-25l\/#primaryimage","url":"https:\/\/gadzilandia.com\/wp-content\/uploads\/2025\/12\/gigacoco-25l.jpg","contentUrl":"https:\/\/gadzilandia.com\/wp-content\/uploads\/2025\/12\/gigacoco-25l.jpg","width":800,"height":800},{"@type":"BreadcrumbList","@id":"https:\/\/gadzilandia.com\/produkt\/wlokno-kokosowe-25l\/#breadcrumb","itemListElement":[{"@type":"ListItem","position":1,"name":"Home","item":"https:\/\/gadzilandia.com\/"},{"@type":"ListItem","position":2,"name":"Sklep","item":"https:\/\/gadzilandia.com\/sklep\/"},{"@type":"ListItem","position":3,"name":"W\u0142\u00f3kno kokosowe 25L"}]},{"@type":"WebSite","@id":"https:\/\/gadzilandia.com\/#website","url":"https:\/\/gadzilandia.com\/","name":"Gadzilandia","description":"Gadzilandia | Sprzeda\u017c Agam Brodatych I Najlepszych Terrari\u00f3w","publisher":{"@id":"https:\/\/gadzilandia.com\/#organization"},"potentialAction":[{"@type":"SearchAction","target":{"@type":"EntryPoint","urlTemplate":"https:\/\/gadzilandia.com\/?s={search_term_string}"},"query-input":{"@type":"PropertyValueSpecification","valueRequired":true,"valueName":"search_term_string"}}],"inLanguage":"en-US"},{"@type":"Organization","@id":"https:\/\/gadzilandia.com\/#organization","name":"Gadzilandia","url":"https:\/\/gadzilandia.com\/","logo":{"@type":"ImageObject","inLanguage":"en-US","@id":"https:\/\/gadzilandia.com\/#\/schema\/logo\/image\/","url":"https:\/\/gadzilandia.com\/wp-content\/uploads\/2026\/02\/cropped-logo-1.png","contentUrl":"https:\/\/gadzilandia.com\/wp-content\/uploads\/2026\/02\/cropped-logo-1.png","width":512,"height":411,"caption":"Gadzilandia"},"image":{"@id":"https:\/\/gadzilandia.com\/#\/schema\/logo\/image\/"}}]}},"_links":{"self":[{"href":"https:\/\/gadzilandia.com\/en\/wp-json\/wp\/v2\/product\/2713","targetHints":{"allow":["GET"]}}],"collection":[{"href":"https:\/\/gadzilandia.com\/en\/wp-json\/wp\/v2\/product"}],"about":[{"href":"https:\/\/gadzilandia.com\/en\/wp-json\/wp\/v2\/types\/product"}],"wp:featuredmedia":[{"embeddable":true,"href":"https:\/\/gadzilandia.com\/en\/wp-json\/wp\/v2\/media\/2714"}],"wp:attachment":[{"href":"https:\/\/gadzilandia.com\/en\/wp-json\/wp\/v2\/media?parent=2713"}],"wp:term":[{"taxonomy":"product_brand","embeddable":true,"href":"https:\/\/gadzilandia.com\/en\/wp-json\/wp\/v2\/product_brand?post=2713"},{"taxonomy":"product_cat","embeddable":true,"href":"https:\/\/gadzilandia.com\/en\/wp-json\/wp\/v2\/product_cat?post=2713"},{"taxonomy":"product_tag","embeddable":true,"href":"https:\/\/gadzilandia.com\/en\/wp-json\/wp\/v2\/product_tag?post=2713"}],"curies":[{"name":"wp","href":"https:\/\/api.w.org\/{rel}","templated":true}]}}