{"id":2710,"date":"2025-12-22T08:17:34","date_gmt":"2025-12-22T08:17:34","guid":{"rendered":"https:\/\/gadzilandia.com\/?post_type=product&#038;p=2710"},"modified":"2025-12-22T08:24:20","modified_gmt":"2025-12-22T08:24:20","slug":"wiory-kokosowy-10l","status":"publish","type":"product","link":"https:\/\/gadzilandia.com\/en\/product\/wiory-kokosowy-10l\/","title":{"rendered":"Wi\u00f3ry kokosowy 25L"},"content":{"rendered":"<p class=\"ai-optimize-43 ai-optimize-introduction\" data-start=\"104\" data-end=\"383\">GIGAHUSK 25L to gotowe do u\u017cycia, naturalne pod\u0142o\u017ce wykonane z wysokiej jako\u015bci wi\u00f3r\u00f3w kokosowych, przeznaczone do terrari\u00f3w dla gad\u00f3w, p\u0142az\u00f3w oraz bezkr\u0119gowc\u00f3w. Pozwala na stworzenie naturalnej i bezpiecznej przestrzeni \u017cyciowej, zbli\u017conej do \u015brodowiska wyst\u0119puj\u0105cego w naturze.<\/p>\n<p class=\"ai-optimize-44\" data-start=\"385\" data-end=\"658\">Pod\u0142o\u017ce idealnie sprawdza si\u0119 w terrariach wilgotnych i p\u00f3\u0142wilgotnych, gdzie pomaga utrzyma\u0107 odpowiedni poziom wilgotno\u015bci. Wi\u00f3ry kokosowe charakteryzuj\u0105 si\u0119 dobr\u0105 ch\u0142onno\u015bci\u0105, zapewniaj\u0105 odpowiedni\u0105 cyrkulacj\u0119 powietrza w warstwie pod\u0142o\u017ca oraz s\u0105 odporne na rozw\u00f3j ple\u015bni.<\/p>\n<p class=\"ai-optimize-45\" data-start=\"660\" data-end=\"846\">Produkt jest w 100% naturalny, biodegradowalny i bezpieczny dla zwierz\u0105t. Gotowa forma umo\u017cliwia natychmiastowe u\u017cycie po otwarciu opakowania, bez konieczno\u015bci dodatkowego przygotowania.<\/p>\n<p class=\"ai-optimize-46\" data-start=\"848\" data-end=\"868\"><strong data-start=\"848\" data-end=\"868\">Zalety produktu:<\/strong><\/p>\n<ul data-start=\"869\" data-end=\"1100\">\n<li class=\"ai-optimize-47\" data-start=\"869\" data-end=\"906\">\n<p class=\"ai-optimize-48\" data-start=\"871\" data-end=\"906\">gotowe do u\u017cycia pod\u0142o\u017ce kokosowe<\/p>\n<\/li>\n<li class=\"ai-optimize-49\" data-start=\"907\" data-end=\"935\">\n<p class=\"ai-optimize-50\" data-start=\"909\" data-end=\"935\">naturalne wi\u00f3ry kokosowe<\/p>\n<\/li>\n<li class=\"ai-optimize-51\" data-start=\"936\" data-end=\"984\">\n<p class=\"ai-optimize-52\" data-start=\"938\" data-end=\"984\">odpowiednie dla gad\u00f3w, p\u0142az\u00f3w i bezkr\u0119gowc\u00f3w<\/p>\n<\/li>\n<li class=\"ai-optimize-53\" data-start=\"985\" data-end=\"1025\">\n<p class=\"ai-optimize-54\" data-start=\"987\" data-end=\"1025\">dobra ch\u0142onno\u015b\u0107 i wentylacja pod\u0142o\u017ca<\/p>\n<\/li>\n<li class=\"ai-optimize-55\" data-start=\"1026\" data-end=\"1048\">\n<p class=\"ai-optimize-56\" data-start=\"1028\" data-end=\"1048\">odporno\u015b\u0107 na ple\u015b\u0144<\/p>\n<\/li>\n<li class=\"ai-optimize-57\" data-start=\"1049\" data-end=\"1100\">\n<p class=\"ai-optimize-58\" data-start=\"1051\" data-end=\"1100\">idealne do terrari\u00f3w wilgotnych i p\u00f3\u0142wilgotnych<\/p>\n<\/li>\n<\/ul>\n<p class=\"ai-optimize-59\" data-start=\"1102\" data-end=\"1123\"><strong data-start=\"1102\" data-end=\"1116\">Pojemno\u015b\u0107:<\/strong> 25 L<\/p>","protected":false},"excerpt":{"rendered":"<p>GIGAHUSK 25L to gotowe do u\u017cycia, naturalne pod\u0142o\u017ce wykonane z wysokiej jako\u015bci wi\u00f3r\u00f3w kokosowych, przeznaczone do terrari\u00f3w dla gad\u00f3w, p\u0142az\u00f3w oraz bezkr\u0119gowc\u00f3w. Pozwala na stworzenie naturalnej i bezpiecznej przestrzeni \u017cyciowej, zbli\u017conej do \u015brodowiska wyst\u0119puj\u0105cego w naturze. Pod\u0142o\u017ce idealnie sprawdza si\u0119 w terrariach wilgotnych i p\u00f3\u0142wilgotnych, gdzie pomaga utrzyma\u0107 odpowiedni poziom wilgotno\u015bci. Wi\u00f3ry kokosowe charakteryzuj\u0105 si\u0119 [&hellip;]<\/p>","protected":false},"featured_media":2712,"template":"","meta":{"_acf_changed":false,"nf_dc_page":"","_monsterinsights_skip_tracking":false,"_monsterinsights_sitenote_active":false,"_monsterinsights_sitenote_note":"","_monsterinsights_sitenote_category":0},"product_brand":[],"product_cat":[37],"product_tag":[215,216],"class_list":{"0":"post-2710","1":"product","2":"type-product","3":"status-publish","4":"has-post-thumbnail","6":"product_cat-akcesoria-do-terrarium","7":"product_tag-kokos","8":"product_tag-podloze","9":"product_shipping_class-lekkie","11":"first","12":"instock","13":"shipping-taxable","14":"purchasable","15":"product-type-simple"},"acf":[],"yoast_head":"<!-- This site is optimized with the Yoast SEO Premium plugin v25.2 (Yoast SEO v25.2) - https:\/\/yoast.com\/wordpress\/plugins\/seo\/ -->\n<title>Wi\u00f3ry kokosowe 25L \u2013 naturalne pod\u0142o\u017ce do terrari\u00f3w<\/title>\n<meta name=\"description\" content=\"Wi\u00f3ry kokosowe 25L to idealne naturalne pod\u0142o\u017ce dla gad\u00f3w i p\u0142az\u00f3w, zapewniaj\u0105ce doskona\u0142\u0105 cyrkulacj\u0119 powietrza oraz odpowiedni poziom wilgotno\u015bci.\" \/>\n<meta name=\"robots\" content=\"index, follow, max-snippet:-1, max-image-preview:large, max-video-preview:-1\" \/>\n<link rel=\"canonical\" href=\"https:\/\/gadzilandia.com\/en\/product\/wiory-kokosowy-10l\/\" \/>\n<meta property=\"og:locale\" content=\"en_US\" \/>\n<meta property=\"og:type\" content=\"article\" \/>\n<meta property=\"og:title\" content=\"Wi\u00f3ry kokosowy 25L\" \/>\n<meta property=\"og:description\" content=\"Wi\u00f3ry kokosowe 25L to idealne naturalne pod\u0142o\u017ce dla gad\u00f3w i p\u0142az\u00f3w, zapewniaj\u0105ce doskona\u0142\u0105 cyrkulacj\u0119 powietrza oraz odpowiedni poziom wilgotno\u015bci.\" \/>\n<meta property=\"og:url\" content=\"https:\/\/gadzilandia.com\/en\/product\/wiory-kokosowy-10l\/\" \/>\n<meta property=\"og:site_name\" content=\"Gadzilandia\" \/>\n<meta property=\"article:modified_time\" content=\"2025-12-22T08:24:20+00:00\" \/>\n<meta property=\"og:image\" content=\"https:\/\/gadzilandia.com\/wp-content\/uploads\/2025\/12\/gigahusk-25l.jpg\" \/>\n\t<meta property=\"og:image:width\" content=\"800\" \/>\n\t<meta property=\"og:image:height\" content=\"800\" \/>\n\t<meta property=\"og:image:type\" content=\"image\/jpeg\" \/>\n<meta name=\"twitter:card\" content=\"summary_large_image\" \/>\n<meta name=\"twitter:label1\" content=\"Est. reading time\" \/>\n\t<meta name=\"twitter:data1\" content=\"1 minute\" \/>\n<!-- \/ Yoast SEO Premium plugin. -->","yoast_head_json":{"title":"Wi\u00f3ry kokosowe 25L \u2013 naturalne pod\u0142o\u017ce do terrari\u00f3w","description":"Wi\u00f3ry kokosowe 25L to idealne naturalne pod\u0142o\u017ce dla gad\u00f3w i p\u0142az\u00f3w, zapewniaj\u0105ce doskona\u0142\u0105 cyrkulacj\u0119 powietrza oraz odpowiedni poziom wilgotno\u015bci.","robots":{"index":"index","follow":"follow","max-snippet":"max-snippet:-1","max-image-preview":"max-image-preview:large","max-video-preview":"max-video-preview:-1"},"canonical":"https:\/\/gadzilandia.com\/en\/product\/wiory-kokosowy-10l\/","og_locale":"en_US","og_type":"article","og_title":"Wi\u00f3ry kokosowy 25L","og_description":"Wi\u00f3ry kokosowe 25L to idealne naturalne pod\u0142o\u017ce dla gad\u00f3w i p\u0142az\u00f3w, zapewniaj\u0105ce doskona\u0142\u0105 cyrkulacj\u0119 powietrza oraz odpowiedni poziom wilgotno\u015bci.","og_url":"https:\/\/gadzilandia.com\/en\/product\/wiory-kokosowy-10l\/","og_site_name":"Gadzilandia","article_modified_time":"2025-12-22T08:24:20+00:00","og_image":[{"width":800,"height":800,"url":"https:\/\/gadzilandia.com\/wp-content\/uploads\/2025\/12\/gigahusk-25l.jpg","type":"image\/jpeg"}],"twitter_card":"summary_large_image","twitter_misc":{"Est. reading time":"1 minute"},"schema":{"@context":"https:\/\/schema.org","@graph":[{"@type":"WebPage","@id":"https:\/\/gadzilandia.com\/produkt\/wiory-kokosowy-10l\/","url":"https:\/\/gadzilandia.com\/produkt\/wiory-kokosowy-10l\/","name":"Wi\u00f3ry kokosowe 25L \u2013 naturalne pod\u0142o\u017ce do terrari\u00f3w","isPartOf":{"@id":"https:\/\/gadzilandia.com\/#website"},"primaryImageOfPage":{"@id":"https:\/\/gadzilandia.com\/produkt\/wiory-kokosowy-10l\/#primaryimage"},"image":{"@id":"https:\/\/gadzilandia.com\/produkt\/wiory-kokosowy-10l\/#primaryimage"},"thumbnailUrl":"https:\/\/gadzilandia.com\/wp-content\/uploads\/2025\/12\/gigahusk-25l.jpg","datePublished":"2025-12-22T08:17:34+00:00","dateModified":"2025-12-22T08:24:20+00:00","description":"Wi\u00f3ry kokosowe 25L to idealne naturalne pod\u0142o\u017ce dla gad\u00f3w i p\u0142az\u00f3w, zapewniaj\u0105ce doskona\u0142\u0105 cyrkulacj\u0119 powietrza oraz odpowiedni poziom wilgotno\u015bci.","breadcrumb":{"@id":"https:\/\/gadzilandia.com\/produkt\/wiory-kokosowy-10l\/#breadcrumb"},"inLanguage":"en-US","potentialAction":[{"@type":"ReadAction","target":["https:\/\/gadzilandia.com\/produkt\/wiory-kokosowy-10l\/"]}]},{"@type":"ImageObject","inLanguage":"en-US","@id":"https:\/\/gadzilandia.com\/produkt\/wiory-kokosowy-10l\/#primaryimage","url":"https:\/\/gadzilandia.com\/wp-content\/uploads\/2025\/12\/gigahusk-25l.jpg","contentUrl":"https:\/\/gadzilandia.com\/wp-content\/uploads\/2025\/12\/gigahusk-25l.jpg","width":800,"height":800},{"@type":"BreadcrumbList","@id":"https:\/\/gadzilandia.com\/produkt\/wiory-kokosowy-10l\/#breadcrumb","itemListElement":[{"@type":"ListItem","position":1,"name":"Home","item":"https:\/\/gadzilandia.com\/"},{"@type":"ListItem","position":2,"name":"Sklep","item":"https:\/\/gadzilandia.com\/sklep\/"},{"@type":"ListItem","position":3,"name":"Wi\u00f3ry kokosowy 25L"}]},{"@type":"WebSite","@id":"https:\/\/gadzilandia.com\/#website","url":"https:\/\/gadzilandia.com\/","name":"Gadzilandia","description":"Gadzilandia | Sprzeda\u017c Agam Brodatych I Najlepszych Terrari\u00f3w","publisher":{"@id":"https:\/\/gadzilandia.com\/#organization"},"potentialAction":[{"@type":"SearchAction","target":{"@type":"EntryPoint","urlTemplate":"https:\/\/gadzilandia.com\/?s={search_term_string}"},"query-input":{"@type":"PropertyValueSpecification","valueRequired":true,"valueName":"search_term_string"}}],"inLanguage":"en-US"},{"@type":"Organization","@id":"https:\/\/gadzilandia.com\/#organization","name":"Gadzilandia","url":"https:\/\/gadzilandia.com\/","logo":{"@type":"ImageObject","inLanguage":"en-US","@id":"https:\/\/gadzilandia.com\/#\/schema\/logo\/image\/","url":"https:\/\/gadzilandia.com\/wp-content\/uploads\/2026\/02\/cropped-logo-1.png","contentUrl":"https:\/\/gadzilandia.com\/wp-content\/uploads\/2026\/02\/cropped-logo-1.png","width":512,"height":411,"caption":"Gadzilandia"},"image":{"@id":"https:\/\/gadzilandia.com\/#\/schema\/logo\/image\/"}}]}},"_links":{"self":[{"href":"https:\/\/gadzilandia.com\/en\/wp-json\/wp\/v2\/product\/2710","targetHints":{"allow":["GET"]}}],"collection":[{"href":"https:\/\/gadzilandia.com\/en\/wp-json\/wp\/v2\/product"}],"about":[{"href":"https:\/\/gadzilandia.com\/en\/wp-json\/wp\/v2\/types\/product"}],"wp:featuredmedia":[{"embeddable":true,"href":"https:\/\/gadzilandia.com\/en\/wp-json\/wp\/v2\/media\/2712"}],"wp:attachment":[{"href":"https:\/\/gadzilandia.com\/en\/wp-json\/wp\/v2\/media?parent=2710"}],"wp:term":[{"taxonomy":"product_brand","embeddable":true,"href":"https:\/\/gadzilandia.com\/en\/wp-json\/wp\/v2\/product_brand?post=2710"},{"taxonomy":"product_cat","embeddable":true,"href":"https:\/\/gadzilandia.com\/en\/wp-json\/wp\/v2\/product_cat?post=2710"},{"taxonomy":"product_tag","embeddable":true,"href":"https:\/\/gadzilandia.com\/en\/wp-json\/wp\/v2\/product_tag?post=2710"}],"curies":[{"name":"wp","href":"https:\/\/api.w.org\/{rel}","templated":true}]}}