{"id":2702,"date":"2025-12-22T08:12:54","date_gmt":"2025-12-22T08:12:54","guid":{"rendered":"https:\/\/gadzilandia.com\/?post_type=product&#038;p=2702"},"modified":"2025-12-22T08:29:28","modified_gmt":"2025-12-22T08:29:28","slug":"wlokna-kokosowe-kostka-650g","status":"publish","type":"product","link":"https:\/\/gadzilandia.com\/en\/product\/wlokna-kokosowe-kostka-650g\/","title":{"rendered":"Wi\u00f3ry Kokosowe kostka 650g"},"content":{"rendered":"<p class=\"ai-optimize-43 ai-optimize-introduction\" data-start=\"143\" data-end=\"417\"><strong data-start=\"143\" data-end=\"173\">Naturalne pod\u0142o\u017ce kokosowe<\/strong> to uniwersalne rozwi\u0105zanie odpowiednie dla wszystkich gatunk\u00f3w gad\u00f3w, p\u0142az\u00f3w oraz bezkr\u0119gowc\u00f3w. Umo\u017cliwia stworzenie przestrzeni \u017cyciowej \u043c\u0430\u043a\u0441\u0438\u043c\u0430\u043b\u044c\u043d\u043e zbli\u017conej do naturalnego \u015brodowiska zwierz\u0105t, wspieraj\u0105c ich komfort i prawid\u0142owe zachowania.<\/p>\n<p class=\"ai-optimize-44\" data-start=\"419\" data-end=\"742\">Po\u0142\u0105czenie <strong data-start=\"430\" data-end=\"469\">w\u0142\u00f3kien kokosowych i kory kokosowej<\/strong> sprawia, \u017ce pod\u0142o\u017ce doskonale sprawdza si\u0119 w ka\u017cdym typie terrarium \u2014 zar\u00f3wno wilgotnym, p\u00f3\u0142wilgotnym, jak i suchym. Zbite w\u0142\u00f3kna charakteryzuj\u0105 si\u0119 <strong data-start=\"619\" data-end=\"643\">wysok\u0105 retencj\u0105 wody<\/strong>, co pomaga utrzyma\u0107 odpowiedni poziom wilgotno\u015bci, a jednocze\u015bnie s\u0105 <strong data-start=\"713\" data-end=\"741\">odporne na rozw\u00f3j ple\u015bni<\/strong>.<\/p>\n<p class=\"ai-optimize-45\" data-start=\"744\" data-end=\"979\">Produkt jest \u0142atwy w u\u017cyciu \u2014 aby uzyska\u0107 ko\u0144cowy efekt pulchnych, zbitych w\u0142\u00f3kien kokosowych, wystarczy doda\u0107 odpowiedni\u0105 ilo\u015b\u0107 wody. To praktyczne i bezpieczne pod\u0142o\u017ce stanowi doskona\u0142\u0105 baz\u0119 dla naturalistycznych aran\u017cacji terrarium.<\/p>","protected":false},"excerpt":{"rendered":"<p>Naturalne pod\u0142o\u017ce kokosowe to uniwersalne rozwi\u0105zanie odpowiednie dla wszystkich gatunk\u00f3w gad\u00f3w, p\u0142az\u00f3w oraz bezkr\u0119gowc\u00f3w. Umo\u017cliwia stworzenie przestrzeni \u017cyciowej \u043c\u0430\u043a\u0441\u0438\u043c\u0430\u043b\u044c\u043d\u043e zbli\u017conej do naturalnego \u015brodowiska zwierz\u0105t, wspieraj\u0105c ich komfort i prawid\u0142owe zachowania. Po\u0142\u0105czenie w\u0142\u00f3kien kokosowych i kory kokosowej sprawia, \u017ce pod\u0142o\u017ce doskonale sprawdza si\u0119 w ka\u017cdym typie terrarium \u2014 zar\u00f3wno wilgotnym, p\u00f3\u0142wilgotnym, jak i suchym. Zbite w\u0142\u00f3kna [&hellip;]<\/p>","protected":false},"featured_media":2704,"template":"","meta":{"_acf_changed":false,"nf_dc_page":"","_monsterinsights_skip_tracking":false,"_monsterinsights_sitenote_active":false,"_monsterinsights_sitenote_note":"","_monsterinsights_sitenote_category":0},"product_brand":[],"product_cat":[37],"product_tag":[215,216],"class_list":{"0":"post-2702","1":"product","2":"type-product","3":"status-publish","4":"has-post-thumbnail","6":"product_cat-akcesoria-do-terrarium","7":"product_tag-kokos","8":"product_tag-podloze","9":"product_shipping_class-lekkie","11":"first","12":"instock","13":"shipping-taxable","14":"purchasable","15":"product-type-simple"},"acf":[],"yoast_head":"<!-- This site is optimized with the Yoast SEO Premium plugin v25.2 (Yoast SEO v25.2) - https:\/\/yoast.com\/wordpress\/plugins\/seo\/ -->\n<title>Wi\u00f3ry kokosowe 650g \u2013 idealne pod\u0142o\u017ce dla terrarium<\/title>\n<meta name=\"description\" content=\"Poznaj wi\u00f3ry kokosowe 650g, kt\u00f3re stworz\u0105 naturalne warunki w terrarium, wspieraj\u0105c zdrowie gad\u00f3w, p\u0142az\u00f3w i bezkr\u0119gowc\u00f3w.\" \/>\n<meta name=\"robots\" content=\"index, follow, max-snippet:-1, max-image-preview:large, max-video-preview:-1\" \/>\n<link rel=\"canonical\" href=\"https:\/\/gadzilandia.com\/en\/product\/wlokna-kokosowe-kostka-650g\/\" \/>\n<meta property=\"og:locale\" content=\"en_US\" \/>\n<meta property=\"og:type\" content=\"article\" \/>\n<meta property=\"og:title\" content=\"Wi\u00f3ry Kokosowe kostka 650g\" \/>\n<meta property=\"og:description\" content=\"Poznaj wi\u00f3ry kokosowe 650g, kt\u00f3re stworz\u0105 naturalne warunki w terrarium, wspieraj\u0105c zdrowie gad\u00f3w, p\u0142az\u00f3w i bezkr\u0119gowc\u00f3w.\" \/>\n<meta property=\"og:url\" content=\"https:\/\/gadzilandia.com\/en\/product\/wlokna-kokosowe-kostka-650g\/\" \/>\n<meta property=\"og:site_name\" content=\"Gadzilandia\" \/>\n<meta property=\"article:modified_time\" content=\"2025-12-22T08:29:28+00:00\" \/>\n<meta property=\"og:image\" content=\"https:\/\/gadzilandia.com\/wp-content\/uploads\/2025\/12\/coco-husk-chips.jpg\" \/>\n\t<meta property=\"og:image:width\" content=\"800\" \/>\n\t<meta property=\"og:image:height\" content=\"800\" \/>\n\t<meta property=\"og:image:type\" content=\"image\/jpeg\" \/>\n<meta name=\"twitter:card\" content=\"summary_large_image\" \/>\n<meta name=\"twitter:label1\" content=\"Est. reading time\" \/>\n\t<meta name=\"twitter:data1\" content=\"1 minute\" \/>\n<!-- \/ Yoast SEO Premium plugin. -->","yoast_head_json":{"title":"Wi\u00f3ry kokosowe 650g \u2013 idealne pod\u0142o\u017ce dla terrarium","description":"Poznaj wi\u00f3ry kokosowe 650g, kt\u00f3re stworz\u0105 naturalne warunki w terrarium, wspieraj\u0105c zdrowie gad\u00f3w, p\u0142az\u00f3w i bezkr\u0119gowc\u00f3w.","robots":{"index":"index","follow":"follow","max-snippet":"max-snippet:-1","max-image-preview":"max-image-preview:large","max-video-preview":"max-video-preview:-1"},"canonical":"https:\/\/gadzilandia.com\/en\/product\/wlokna-kokosowe-kostka-650g\/","og_locale":"en_US","og_type":"article","og_title":"Wi\u00f3ry Kokosowe kostka 650g","og_description":"Poznaj wi\u00f3ry kokosowe 650g, kt\u00f3re stworz\u0105 naturalne warunki w terrarium, wspieraj\u0105c zdrowie gad\u00f3w, p\u0142az\u00f3w i bezkr\u0119gowc\u00f3w.","og_url":"https:\/\/gadzilandia.com\/en\/product\/wlokna-kokosowe-kostka-650g\/","og_site_name":"Gadzilandia","article_modified_time":"2025-12-22T08:29:28+00:00","og_image":[{"width":800,"height":800,"url":"https:\/\/gadzilandia.com\/wp-content\/uploads\/2025\/12\/coco-husk-chips.jpg","type":"image\/jpeg"}],"twitter_card":"summary_large_image","twitter_misc":{"Est. reading time":"1 minute"},"schema":{"@context":"https:\/\/schema.org","@graph":[{"@type":"WebPage","@id":"https:\/\/gadzilandia.com\/produkt\/wlokna-kokosowe-kostka-650g\/","url":"https:\/\/gadzilandia.com\/produkt\/wlokna-kokosowe-kostka-650g\/","name":"Wi\u00f3ry kokosowe 650g \u2013 idealne pod\u0142o\u017ce dla terrarium","isPartOf":{"@id":"https:\/\/gadzilandia.com\/#website"},"primaryImageOfPage":{"@id":"https:\/\/gadzilandia.com\/produkt\/wlokna-kokosowe-kostka-650g\/#primaryimage"},"image":{"@id":"https:\/\/gadzilandia.com\/produkt\/wlokna-kokosowe-kostka-650g\/#primaryimage"},"thumbnailUrl":"https:\/\/gadzilandia.com\/wp-content\/uploads\/2025\/12\/coco-husk-chips.jpg","datePublished":"2025-12-22T08:12:54+00:00","dateModified":"2025-12-22T08:29:28+00:00","description":"Poznaj wi\u00f3ry kokosowe 650g, kt\u00f3re stworz\u0105 naturalne warunki w terrarium, wspieraj\u0105c zdrowie gad\u00f3w, p\u0142az\u00f3w i bezkr\u0119gowc\u00f3w.","breadcrumb":{"@id":"https:\/\/gadzilandia.com\/produkt\/wlokna-kokosowe-kostka-650g\/#breadcrumb"},"inLanguage":"en-US","potentialAction":[{"@type":"ReadAction","target":["https:\/\/gadzilandia.com\/produkt\/wlokna-kokosowe-kostka-650g\/"]}]},{"@type":"ImageObject","inLanguage":"en-US","@id":"https:\/\/gadzilandia.com\/produkt\/wlokna-kokosowe-kostka-650g\/#primaryimage","url":"https:\/\/gadzilandia.com\/wp-content\/uploads\/2025\/12\/coco-husk-chips.jpg","contentUrl":"https:\/\/gadzilandia.com\/wp-content\/uploads\/2025\/12\/coco-husk-chips.jpg","width":800,"height":800},{"@type":"BreadcrumbList","@id":"https:\/\/gadzilandia.com\/produkt\/wlokna-kokosowe-kostka-650g\/#breadcrumb","itemListElement":[{"@type":"ListItem","position":1,"name":"Home","item":"https:\/\/gadzilandia.com\/"},{"@type":"ListItem","position":2,"name":"Sklep","item":"https:\/\/gadzilandia.com\/sklep\/"},{"@type":"ListItem","position":3,"name":"Wi\u00f3ry Kokosowe kostka 650g"}]},{"@type":"WebSite","@id":"https:\/\/gadzilandia.com\/#website","url":"https:\/\/gadzilandia.com\/","name":"Gadzilandia","description":"Gadzilandia | Sprzeda\u017c Agam Brodatych I Najlepszych Terrari\u00f3w","publisher":{"@id":"https:\/\/gadzilandia.com\/#organization"},"potentialAction":[{"@type":"SearchAction","target":{"@type":"EntryPoint","urlTemplate":"https:\/\/gadzilandia.com\/?s={search_term_string}"},"query-input":{"@type":"PropertyValueSpecification","valueRequired":true,"valueName":"search_term_string"}}],"inLanguage":"en-US"},{"@type":"Organization","@id":"https:\/\/gadzilandia.com\/#organization","name":"Gadzilandia","url":"https:\/\/gadzilandia.com\/","logo":{"@type":"ImageObject","inLanguage":"en-US","@id":"https:\/\/gadzilandia.com\/#\/schema\/logo\/image\/","url":"https:\/\/gadzilandia.com\/wp-content\/uploads\/2026\/02\/cropped-logo-1.png","contentUrl":"https:\/\/gadzilandia.com\/wp-content\/uploads\/2026\/02\/cropped-logo-1.png","width":512,"height":411,"caption":"Gadzilandia"},"image":{"@id":"https:\/\/gadzilandia.com\/#\/schema\/logo\/image\/"}}]}},"_links":{"self":[{"href":"https:\/\/gadzilandia.com\/en\/wp-json\/wp\/v2\/product\/2702","targetHints":{"allow":["GET"]}}],"collection":[{"href":"https:\/\/gadzilandia.com\/en\/wp-json\/wp\/v2\/product"}],"about":[{"href":"https:\/\/gadzilandia.com\/en\/wp-json\/wp\/v2\/types\/product"}],"wp:featuredmedia":[{"embeddable":true,"href":"https:\/\/gadzilandia.com\/en\/wp-json\/wp\/v2\/media\/2704"}],"wp:attachment":[{"href":"https:\/\/gadzilandia.com\/en\/wp-json\/wp\/v2\/media?parent=2702"}],"wp:term":[{"taxonomy":"product_brand","embeddable":true,"href":"https:\/\/gadzilandia.com\/en\/wp-json\/wp\/v2\/product_brand?post=2702"},{"taxonomy":"product_cat","embeddable":true,"href":"https:\/\/gadzilandia.com\/en\/wp-json\/wp\/v2\/product_cat?post=2702"},{"taxonomy":"product_tag","embeddable":true,"href":"https:\/\/gadzilandia.com\/en\/wp-json\/wp\/v2\/product_tag?post=2702"}],"curies":[{"name":"wp","href":"https:\/\/api.w.org\/{rel}","templated":true}]}}